{"id":1619,"date":"2024-04-02T16:23:38","date_gmt":"2024-04-02T14:23:38","guid":{"rendered":"https:\/\/japan-budo.com\/unkategorisiert\/kunststoff-saya-aus-japan-fuer-bokken\/"},"modified":"2026-03-19T14:11:08","modified_gmt":"2026-03-19T13:11:08","slug":"bokken-saya-en-plastique-du-japon","status":"publish","type":"product","link":"https:\/\/japan-budo.com\/fr\/bokken-sabre-en-bois-japonais-budo-samurai-sabre\/bokken-saya-en-plastique-du-japon\/","title":{"rendered":"Bokken Saya du Japon en plastique"},"content":{"rendered":"<p>Saya pour bokken de qualit\u00e9 japonaise, adapt\u00e9e aux sabres d'entra\u00eenement en bois de notre gamme. Cette version robuste d'une saya d'entra\u00eenement pour bokken (\u00e9galement connue sous le nom de bokuto) est un compagnon fiable pour l'entra\u00eenement r\u00e9gulier.<\/p>\n<p>Le fourreau est suffisamment solide pour effectuer tous les mouvements n\u00e9cessaires \u00e0 l'entra\u00eenement \u00e0 l'art du sabre japonais. Gr\u00e2ce \u00e0 la sangle incluse dans le fourreau, il peut m\u00eame \u00eatre attach\u00e9 et l'entra\u00eenement se rapproche encore plus de l'entra\u00eenement avec un vrai sabre.<\/p>\n<h2>Quand s'entra\u00eene-t-on avec le Bokken Saya ?<\/h2>\n<p>L'entra\u00eenement avec le bokken et la saya en plastique sert en premier lieu \u00e0 entra\u00eener les mouvements li\u00e9s \u00e0 la d\u00e9gaine du sabre.<\/p>\n<p>Certaines \u00e9coles d'arts martiaux conservent un set de bokken et de saya comme \u00e9quipement de secours bon march\u00e9 pour les pratiquants qui ont oubli\u00e9 leur ia\u00efto.<\/p>\n<h2>Quels sont les avantages des sayas pour bokken en provenance du Japon ?<\/h2>\n<p>Les sayas en plastique de certains pays sont disponibles \u00e0 des niveaux de prix et de qualit\u00e9 tr\u00e8s diff\u00e9rents. D'apr\u00e8s notre exp\u00e9rience, les exemplaires en provenance du Japon sont les plus adapt\u00e9s \u00e0 l'entra\u00eenement des arts du sabre japonais en raison de leur conception cibl\u00e9e.<\/p>\n<p>Ils ont le bon poids, la bonne flexibilit\u00e9 et, en tant que produit japonais, ils conviennent naturellement le mieux \u00e0 l'entra\u00eenement d'un art martial correspondant.<\/p>\n<h2>Recommandation suppl\u00e9mentaire<\/h2>\n<p>Si l'on s'entra\u00eene au bokken avec une saya et une tsuba, il est pr\u00e9f\u00e9rable d'utiliser une lame de couteau (tsuba) en cuir. Ces mod\u00e8les tiennent au bokken sans caoutchouc de maintien suppl\u00e9mentaire (tsubadome). Ainsi, la pr\u00e9cision d'ajustement avec le fourreau du sabre est bien meilleure et plus proche du vrai sabre que lors de l'entra\u00eenement avec le tsuba-dome.<\/p>\n<p>Vous trouverez des tsuba de bokken en cuir dans notre cat\u00e9gorie pour <a href=\"https:\/\/japan-budo.com\/fr\/accessoires-pour-bokken\/\" target=\"_blank\" rel=\"noopener\">Accessoires pour bokken<\/a>.<\/p>\n<p>Ce produit provient du Japon. Comme la l\u00e9gislation europ\u00e9enne en vigueur exige qu'il y ait un interlocuteur au sein de l'UE pour les questions de s\u00e9curit\u00e9, nous le proposons sous notre marque europ\u00e9enne afin de r\u00e9pondre aux exigences. Pour ce faire, il est produit au Japon de mani\u00e8re cibl\u00e9e pour nous et les circonstances correspondantes sont cr\u00e9\u00e9es afin que nous puissions le proposer sur le march\u00e9 europ\u00e9en conform\u00e9ment \u00e0 la l\u00e9gislation.<br \/>\nC'est pourquoi un fabricant en Allemagne est mentionn\u00e9.<\/p>\n<p>Fabricant au sens de la l\u00e9gislation europ\u00e9enne : DerShogun, Andara GmbH, Brunnenweg 15, 64331 Weiterstadt, Germany, info@andara-gmbh.de<\/p>","protected":false},"excerpt":{"rendered":"<p>Bokken Saya in japanischer Qualit\u00e4t passend f\u00fcr die Trainingsschwerter aus Holz aus unserem Programm. Diese robuste Ausf\u00fchrung einer Trainingssaya f\u00fcr Bokken (auch als Bokuto bekannt) ist ein zuverl\u00e4ssiger Begleiter f\u00fcr das regelm\u00e4\u00dfige Training. Die Schwertscheide ist stabil genug, um alle Bewegungen auszuf\u00fchren, die im Zuge des Trainings einer japanischen Schwertkunst trainiert werden. Durch das enthaltene [&hellip;]<\/p>\n","protected":false},"featured_media":3221,"comment_status":"open","ping_status":"closed","template":"","meta":{"_acf_changed":false},"product_brand":[],"product_cat":[48],"product_tag":[],"class_list":{"0":"post-1619","1":"product","2":"type-product","3":"status-publish","4":"has-post-thumbnail","6":"product_cat-bokken-holzschwert-japan-budo-samurai-schwert","8":"first","9":"instock","10":"taxable","11":"shipping-taxable","12":"purchasable","13":"product-type-simple"},"acf":[],"_links":{"self":[{"href":"https:\/\/japan-budo.com\/fr\/wp-json\/wp\/v2\/product\/1619","targetHints":{"allow":["GET"]}}],"collection":[{"href":"https:\/\/japan-budo.com\/fr\/wp-json\/wp\/v2\/product"}],"about":[{"href":"https:\/\/japan-budo.com\/fr\/wp-json\/wp\/v2\/types\/product"}],"replies":[{"embeddable":true,"href":"https:\/\/japan-budo.com\/fr\/wp-json\/wp\/v2\/comments?post=1619"}],"wp:featuredmedia":[{"embeddable":true,"href":"https:\/\/japan-budo.com\/fr\/wp-json\/wp\/v2\/media\/3221"}],"wp:attachment":[{"href":"https:\/\/japan-budo.com\/fr\/wp-json\/wp\/v2\/media?parent=1619"}],"wp:term":[{"taxonomy":"product_brand","embeddable":true,"href":"https:\/\/japan-budo.com\/fr\/wp-json\/wp\/v2\/product_brand?post=1619"},{"taxonomy":"product_cat","embeddable":true,"href":"https:\/\/japan-budo.com\/fr\/wp-json\/wp\/v2\/product_cat?post=1619"},{"taxonomy":"product_tag","embeddable":true,"href":"https:\/\/japan-budo.com\/fr\/wp-json\/wp\/v2\/product_tag?post=1619"}],"curies":[{"name":"wp","href":"https:\/\/api.w.org\/{rel}","templated":true}]}}