{"id":2124,"date":"2024-04-02T16:54:06","date_gmt":"2024-04-02T14:54:06","guid":{"rendered":"https:\/\/japan-budo.com\/unkategorisiert\/iaido-kaku-obi-5\/"},"modified":"2026-04-17T18:03:54","modified_gmt":"2026-04-17T16:03:54","slug":"iaido-kaku-obi-japan","status":"publish","type":"product","link":"https:\/\/japan-budo.com\/fr\/vetements-de-budo\/iaido-kaku-obi-japan\/","title":{"rendered":"Iaido Kaku Obi Japan en coton avec choix de couleurs"},"content":{"rendered":"<p>Magnifique Iaido Kaku-Obi Japan en coton tr\u00e8s solide. Env. 400 cm de long et env. 10 cm de large. Disponible en 5 couleurs.<\/p>\n<p>Les kaku obi en coton propos\u00e9s ici se situent dans la cat\u00e9gorie de qualit\u00e9 sup\u00e9rieure \u00e0 un bon prix.<\/p>\n<h2><strong>Kaku Obi Japan - La ceinture classique dans les arts martiaux Budo<\/strong><\/h2>\n<h3><strong>Kaku Obi Budo japonais<\/strong><\/h3>\n<p>Dans les arts martiaux japonais, l'obi fait partie de l'\u00e9quipement standard de chaque pratiquant et est donc un \u00e9l\u00e9ment obligatoire. En r\u00e8gle g\u00e9n\u00e9rale, on utilise un obi \"carr\u00e9\", cette forme est appel\u00e9e obi kaku. C'est pr\u00e9cis\u00e9ment cet obi que nous proposons ici en tant qu'obi kaku japonais pour l'ia\u00efdo.<\/p>\n<p>Dans l'art du sabre, il a la fonction importante de faire passer l'\u00e9p\u00e9e entre les diff\u00e9rentes couches de la ceinture nou\u00e9e. Vous trouverez chez nous une s\u00e9lection correspondante.<\/p>\n<p>Le site <a href=\"https:\/\/de.wikipedia.org\/wiki\/Obi_(G%C3%BCrtel)\" target=\"_blank\" rel=\"noopener\">Obi<\/a> Mais la ceinture est aussi un \u00e9l\u00e9ment central de la culture et de la tradition japonaises, notamment en relation avec des v\u00eatements comme le kimono et le hakama, avec un historique int\u00e9ressant.<\/p>\n<p>\u00c0 l'origine simple morceau de tissu, le obi est devenu au fil du temps un accessoire symbolique qui, en plus d'avoir un but pratique, refl\u00e8te le style, le statut et la personnalit\u00e9 de celui qui le porte.<\/p>\n<h3>L'histoire de la ceinture Obi<\/h3>\n<p>L'origine de la ceinture obi remonte loin dans l'histoire japonaise. Elle s'est d\u00e9velopp\u00e9e \u00e0 partir des simples ceintures utilis\u00e9es dans l'Antiquit\u00e9 pour s\u00e9curiser les v\u00eatements.<\/p>\n<p>Pendant la p\u00e9riode Heian (794-1185 apr\u00e8s J.-C.), l'obi a commenc\u00e9 \u00e0 jouer un r\u00f4le plus important dans la mode japonaise, notamment pour les v\u00eatements comme les kimonos.<\/p>\n<p>Au fil des si\u00e8cles, le obi est devenu une petite \u0153uvre d'art en soi.<\/p>\n<p>Pendant la p\u00e9riode Edo (1603-1868 apr\u00e8s J.-C.), les ceintures obi sont devenues un important symbole de statut social, souvent richement d\u00e9cor\u00e9es et brod\u00e9es avec des mat\u00e9riaux pr\u00e9cieux comme la soie et les fils d'or.<\/p>\n<h3>La fonction de la ceinture Obi<\/h3>\n<p>Outre sa valeur esth\u00e9tique, la ceinture Obi remplit \u00e9galement une fonction pratique. Elle sert \u00e0 maintenir les kimonos et les hakamas sur le corps et \u00e0 leur donner une coupe parfaite.<\/p>\n<p>Selon l'occasion et le type de v\u00eatement, la ceinture Obi peut \u00eatre port\u00e9e dans diff\u00e9rents styles et n\u0153uds, couvrant tout, du formel au d\u00e9contract\u00e9.<\/p>\n<p>En outre, la ceinture obi a une signification symbolique plus profonde dans la culture japonaise. Elle peut indiquer l'\u00e9tat civil, le statut social et m\u00eame la personnalit\u00e9 de celui qui la porte.<\/p>\n<p>Dans certains cas, des obis sp\u00e9ciaux sont port\u00e9s lors d'occasions festives comme un mariage ou une c\u00e9r\u00e9monie de th\u00e9, afin de souligner l'importance de l'\u00e9v\u00e9nement.<\/p>\n<h3>Le choix de la ceinture Obi<\/h3>\n<p>Le choix de la bonne ceinture Obi d\u00e9pend de plusieurs facteurs, dont l'occasion, le style personnel et les pr\u00e9f\u00e9rences individuelles de celui qui la porte.<\/p>\n<p>Les obis d'ia\u00efdo que vous recevez chez nous sont con\u00e7us pour \u00eatre port\u00e9s pendant l'entra\u00eenement d'arts martiaux. Ils ont une longueur d'environ 4 m\u00e8tres et une largeur d'environ 9 cm.<\/p>\n<h3>Conclusion<\/h3>\n<p>La ceinture Obi Japan est un symbole fascinant de la culture et de la mode japonaises, qui a une longue et riche histoire.<\/p>\n<p>Depuis ses modestes d\u00e9buts en tant que simple morceau de tissu jusqu'\u00e0 son statut actuel d'accessoire artistique, la ceinture Obi a connu une \u00e9volution remarquable.<\/p>\n<p>Sa polyvalence et sa signification symbolique en font un classique intemporel qui continuera \u00e0 jouer un r\u00f4le important \u00e0 l'avenir.<\/p>\n<p>Qu'elle soit port\u00e9e comme un accessoire pratique ou comme une expression de style et de personnalit\u00e9, la ceinture Obi reste un \u00e9l\u00e9ment important de la mode et de l'identit\u00e9 japonaises.<\/p>\n<p>Dans les arts martiaux japonais, c'est un \u00e9l\u00e9ment indispensable de la tenue d'entra\u00eenement.<\/p>\n<h2>Signification pour l'art martial iaido<\/h2>\n<p>La gamme Obi Japan de notre boutique est adapt\u00e9e aux v\u00eatements port\u00e9s lors de l'entra\u00eenement aux arts martiaux.<\/p>\n<p>Cette offre montre des kaku obi qui sont g\u00e9n\u00e9ralement utilis\u00e9s lors de l'entra\u00eenement d'iaido. Lors de l'entra\u00eenement d'ia\u00efdo, notre obi japonais a entre autres pour fonction importante de <a href=\"https:\/\/japan-budo.com\/fr\/acheter-iaito-japon-onlineshop-allemagne\/\" target=\"_blank\" rel=\"noopener\">\u00c9p\u00e9e<\/a> est ins\u00e9r\u00e9 \u00e0 travers lui et qu'il le tient.<\/p>\n<p>Dans de nombreux autres arts martiaux, la ceinture indique la progression du pratiquant. En ia\u00efdo, le choix de la couleur est g\u00e9n\u00e9ralement libre et d\u00e9pend du go\u00fbt de chacun. C'est pourquoi nous proposons nos Kaku Obi Japan pour l'iaido en 5 couleurs diff\u00e9rentes.<\/p>\n<p>Ce produit provient du Japon. Comme la l\u00e9gislation europ\u00e9enne en vigueur exige qu'il y ait un interlocuteur au sein de l'UE pour les questions de s\u00e9curit\u00e9, nous le proposons sous notre marque europ\u00e9enne afin de r\u00e9pondre aux exigences. Pour ce faire, il est produit au Japon de mani\u00e8re cibl\u00e9e pour nous et les circonstances correspondantes sont cr\u00e9\u00e9es afin que nous puissions le proposer sur le march\u00e9 europ\u00e9en conform\u00e9ment \u00e0 la l\u00e9gislation.<br \/>\nC'est pourquoi un fabricant en Allemagne est mentionn\u00e9.<\/p>\n<p>Fabricant au sens de la l\u00e9gislation europ\u00e9enne : DerShogun, Andara GmbH, Brunnenweg 15, 64331 Weiterstadt, Germany, info@andara-gmbh.de<\/p>","protected":false},"excerpt":{"rendered":"<p>Wundersch\u00f6ne Iaido Kaku-Obi Japan aus sehr fester Baumwolle. Ca. 400 cm lang und ca 10 cm breit. Verf\u00fcgbar in 5 Farben. Die hier angebotenen Kaku Obi aus Baumwolle sind in der gehobenen Qualit\u00e4tskategorie zu einem guten Preis angesiedelt. Kaku Obi Japan &#8211; Der klassische G\u00fcrtel in den Budo Kampfk\u00fcnsten Kaku Obi Japan-Budo In der japanischen [&hellip;]<\/p>\n","protected":false},"featured_media":4115,"comment_status":"open","ping_status":"closed","template":"","meta":{"_acf_changed":false},"product_brand":[],"product_cat":[63],"product_tag":[],"class_list":{"0":"post-2124","1":"product","2":"type-product","3":"status-publish","4":"has-post-thumbnail","6":"product_cat-budo-kleidung","8":"first","9":"onbackorder","10":"taxable","11":"shipping-taxable","12":"purchasable","13":"product-type-variable"},"acf":[],"_links":{"self":[{"href":"https:\/\/japan-budo.com\/fr\/wp-json\/wp\/v2\/product\/2124","targetHints":{"allow":["GET"]}}],"collection":[{"href":"https:\/\/japan-budo.com\/fr\/wp-json\/wp\/v2\/product"}],"about":[{"href":"https:\/\/japan-budo.com\/fr\/wp-json\/wp\/v2\/types\/product"}],"replies":[{"embeddable":true,"href":"https:\/\/japan-budo.com\/fr\/wp-json\/wp\/v2\/comments?post=2124"}],"wp:featuredmedia":[{"embeddable":true,"href":"https:\/\/japan-budo.com\/fr\/wp-json\/wp\/v2\/media\/4115"}],"wp:attachment":[{"href":"https:\/\/japan-budo.com\/fr\/wp-json\/wp\/v2\/media?parent=2124"}],"wp:term":[{"taxonomy":"product_brand","embeddable":true,"href":"https:\/\/japan-budo.com\/fr\/wp-json\/wp\/v2\/product_brand?post=2124"},{"taxonomy":"product_cat","embeddable":true,"href":"https:\/\/japan-budo.com\/fr\/wp-json\/wp\/v2\/product_cat?post=2124"},{"taxonomy":"product_tag","embeddable":true,"href":"https:\/\/japan-budo.com\/fr\/wp-json\/wp\/v2\/product_tag?post=2124"}],"curies":[{"name":"wp","href":"https:\/\/api.w.org\/{rel}","templated":true}]}}