{"id":3002,"date":"2024-05-24T12:04:52","date_gmt":"2024-05-24T10:04:52","guid":{"rendered":"https:\/\/japan-budo.com\/unkategorisiert\/fusahimo-kordel-fuer-schwertbeutel\/"},"modified":"2026-03-19T14:13:11","modified_gmt":"2026-03-19T13:13:11","slug":"fusahimo-kordel-fuer-schwertbeutel","status":"publish","type":"product","link":"https:\/\/japan-budo.com\/fr\/katana-accessoires-entretien-presentation\/sacs-pour-epees-katana-bokken-sabre\/fusahimo-kordel-fuer-schwertbeutel\/","title":{"rendered":"Fusahimo cordelette pour sac \u00e0 \u00e9p\u00e9e"},"content":{"rendered":"<p>Cordon Fusahimo du Japon pour sac de sabre.<\/p>\n<p>La sangle peut \u00eatre d\u00e9tach\u00e9e et remplac\u00e9e sur les bourses \u00e0 \u00e9p\u00e9e japonaises de haute qualit\u00e9. Ce petit d\u00e9tail a un effet incroyable sur l'aspect g\u00e9n\u00e9ral de la housse de sabre.<\/p>\n<p>Le mat\u00e9riau en fibres synth\u00e9tiques est robuste et durable. Les n\u0153uds terminaux sont nou\u00e9s proprement et visuellement au plus haut niveau.<\/p>\n<p>La longueur de la bande convient aux \u00e9tuis pour katana et wakizashi.<\/p>\n<p>Ce produit provient du Japon. Comme la l\u00e9gislation europ\u00e9enne en vigueur exige qu'il y ait un interlocuteur au sein de l'UE pour les questions de s\u00e9curit\u00e9, nous le proposons sous notre marque europ\u00e9enne afin de r\u00e9pondre aux exigences. Pour ce faire, il est produit au Japon de mani\u00e8re cibl\u00e9e pour nous et les circonstances correspondantes sont cr\u00e9\u00e9es afin que nous puissions le proposer sur le march\u00e9 europ\u00e9en conform\u00e9ment \u00e0 la l\u00e9gislation.<br \/>\nC'est pourquoi un fabricant en Allemagne est mentionn\u00e9.<\/p>\n<p>Fabricant au sens de la l\u00e9gislation europ\u00e9enne : DerShogun, Andara GmbH, Brunnenweg 15, 64331 Weiterstadt, Germany, info@andara-gmbh.de<\/p>","protected":false},"excerpt":{"rendered":"<p>Fusahimo Kordel aus Japan f\u00fcr Schwertbeutel. Das Band kann an hochwertigen, japanischen Schwertbeuteln gel\u00f6st und ausgetauscht werden. Dieses kleine Detail hat eine unglaubliche Auswirkung auf die Gesamtoptik des Schwertbeutels. Das Material aus Kunstfaser ist robust und langlebig. Die Endknoten sind sauber gebunden und optisch auf h\u00f6chstem Niveau. Die L\u00e4nge des Bandes passt f\u00fcr Schwertbeutel f\u00fcr [&hellip;]<\/p>\n","protected":false},"featured_media":3001,"comment_status":"open","ping_status":"closed","template":"","meta":{"_acf_changed":false},"product_brand":[],"product_cat":[54],"product_tag":[92,173,172,116,174,175,165],"class_list":{"0":"post-3002","1":"product","2":"type-product","3":"status-publish","4":"has-post-thumbnail","6":"product_cat-schwerttaschen-schwertbeutel-katana-bokken-schwert","7":"product_tag-aus","8":"product_tag-baendel","9":"product_tag-bendel","10":"product_tag-japan","11":"product_tag-japanische","12":"product_tag-japanischer","13":"product_tag-schwerttasche","14":"product_shipping_class-debrief145","16":"first","17":"onbackorder","18":"taxable","19":"shipping-taxable","20":"purchasable","21":"product-type-variable"},"acf":[],"_links":{"self":[{"href":"https:\/\/japan-budo.com\/fr\/wp-json\/wp\/v2\/product\/3002","targetHints":{"allow":["GET"]}}],"collection":[{"href":"https:\/\/japan-budo.com\/fr\/wp-json\/wp\/v2\/product"}],"about":[{"href":"https:\/\/japan-budo.com\/fr\/wp-json\/wp\/v2\/types\/product"}],"replies":[{"embeddable":true,"href":"https:\/\/japan-budo.com\/fr\/wp-json\/wp\/v2\/comments?post=3002"}],"wp:featuredmedia":[{"embeddable":true,"href":"https:\/\/japan-budo.com\/fr\/wp-json\/wp\/v2\/media\/3001"}],"wp:attachment":[{"href":"https:\/\/japan-budo.com\/fr\/wp-json\/wp\/v2\/media?parent=3002"}],"wp:term":[{"taxonomy":"product_brand","embeddable":true,"href":"https:\/\/japan-budo.com\/fr\/wp-json\/wp\/v2\/product_brand?post=3002"},{"taxonomy":"product_cat","embeddable":true,"href":"https:\/\/japan-budo.com\/fr\/wp-json\/wp\/v2\/product_cat?post=3002"},{"taxonomy":"product_tag","embeddable":true,"href":"https:\/\/japan-budo.com\/fr\/wp-json\/wp\/v2\/product_tag?post=3002"}],"curies":[{"name":"wp","href":"https:\/\/api.w.org\/{rel}","templated":true}]}}