{"id":3011,"date":"2024-05-24T12:06:14","date_gmt":"2024-05-24T10:06:14","guid":{"rendered":"https:\/\/japan-budo.com\/unkategorisiert\/bokken-tsuba-aus-leder-mit-same-oberflaeche\/"},"modified":"2025-11-07T09:41:26","modified_gmt":"2025-11-07T08:41:26","slug":"bokken-tsuba-en-cuir-avec-surface-same","status":"publish","type":"product","link":"https:\/\/japan-budo.com\/fr\/bokken-sabre-en-bois-japonais-budo-samurai-sabre\/bokken-tsuba-en-cuir-avec-surface-same\/","title":{"rendered":"Tsuba pour bokken en cuir avec surface en velours"},"content":{"rendered":"<p>Tsuba en cuir tr\u00e8s robuste pour bokken. Un v\u00e9ritable travail artisanal avec une surface en same. Le same est le mat\u00e9riau utilis\u00e9 par exemple sur la poign\u00e9e du sabre (tsuka) ou le fourreau du sabre (saya).<\/p>\n<p>Ces tsuba peuvent \u00eatre mont\u00e9es sur les bokken sans support (tsuba-dome). Le mat\u00e9riau est l\u00e9g\u00e8rement extensible et s'enfile avec force, de sorte qu'il n'est pas n\u00e9cessaire de le fixer davantage apr\u00e8s l'avoir mis en place. Cela rend ce type de tsuba \u00e9galement id\u00e9al pour l'utilisation de bokken avec fourreau de sabre.<\/p>\n<p>Les tsuba pour bokken d'environ 15 mm d'\u00e9paisseur p\u00e8sent environ 65 g et mesurent environ 80 mm x 80 mm.<\/p>\n<p>Ces tsuba s'adaptent aux bokken de dimensions standard. Si la tsuba ne convient pas \u00e0 votre bokken, il est possible de l'optimiser en l'adaptant.<\/p>\n<p>Fabricant : DerShogun, Andara GmbH, Brunnenweg 15, 64331 Weiterstadt, Germany, info@andara-gmbh.de<\/p>","protected":false},"excerpt":{"rendered":"<p>Sehr robuste Leder-Tsuba f\u00fcr Bokken. Eine echte Handarbeit mit Same-Oberfl\u00e4che. Same ist das Material, das zum Beispiel auch am Schwertgriff (Tsuka) oder der Schwertscheide (Saya) eingesetzt wird. Diese Tsuba k\u00f6nnen ohne Halterung (Tsuba-Dome) auf Bokken montiert werden. Das Material ist leicht dehnbar und wird mit Kraft aufgesteckt, sodass es nach dem Anbringen nicht zus\u00e4tzlich fixiert [&hellip;]<\/p>\n","protected":false},"featured_media":3010,"comment_status":"open","ping_status":"closed","template":"","meta":{"_acf_changed":false},"product_brand":[],"product_cat":[48],"product_tag":[177,178],"class_list":{"0":"post-3011","1":"product","2":"type-product","3":"status-publish","4":"has-post-thumbnail","6":"product_cat-bokken-holzschwert-japan-budo-samurai-schwert","7":"product_tag-bokkentsuba","8":"product_tag-tsuba-fuer-bokken","9":"product_shipping_class-debrief145","11":"first","12":"onbackorder","13":"taxable","14":"shipping-taxable","15":"purchasable","16":"product-type-simple"},"acf":[],"_links":{"self":[{"href":"https:\/\/japan-budo.com\/fr\/wp-json\/wp\/v2\/product\/3011","targetHints":{"allow":["GET"]}}],"collection":[{"href":"https:\/\/japan-budo.com\/fr\/wp-json\/wp\/v2\/product"}],"about":[{"href":"https:\/\/japan-budo.com\/fr\/wp-json\/wp\/v2\/types\/product"}],"replies":[{"embeddable":true,"href":"https:\/\/japan-budo.com\/fr\/wp-json\/wp\/v2\/comments?post=3011"}],"wp:featuredmedia":[{"embeddable":true,"href":"https:\/\/japan-budo.com\/fr\/wp-json\/wp\/v2\/media\/3010"}],"wp:attachment":[{"href":"https:\/\/japan-budo.com\/fr\/wp-json\/wp\/v2\/media?parent=3011"}],"wp:term":[{"taxonomy":"product_brand","embeddable":true,"href":"https:\/\/japan-budo.com\/fr\/wp-json\/wp\/v2\/product_brand?post=3011"},{"taxonomy":"product_cat","embeddable":true,"href":"https:\/\/japan-budo.com\/fr\/wp-json\/wp\/v2\/product_cat?post=3011"},{"taxonomy":"product_tag","embeddable":true,"href":"https:\/\/japan-budo.com\/fr\/wp-json\/wp\/v2\/product_tag?post=3011"}],"curies":[{"name":"wp","href":"https:\/\/api.w.org\/{rel}","templated":true}]}}