{"id":3361,"date":"2024-09-30T16:09:01","date_gmt":"2024-09-30T14:09:01","guid":{"rendered":"https:\/\/japan-budo.com\/unkategorisiert\/kamelien-pflegeoel-aus-japan-fuer-bokken-und-andere-holzwaffen\/"},"modified":"2025-11-07T08:56:07","modified_gmt":"2025-11-07T07:56:07","slug":"huile-dentretien-camelia-du-japon-pour-bokken-et-autres-armes-en-bois","status":"publish","type":"product","link":"https:\/\/japan-budo.com\/fr\/bokken-sabre-en-bois-japonais-budo-samurai-sabre\/huile-dentretien-camelia-du-japon-pour-bokken-et-autres-armes-en-bois\/","title":{"rendered":"Huile d'entretien au cam\u00e9lia du Japon pour bokken et autres armes en bois"},"content":{"rendered":"<p><b>Caract\u00e9ristiques du produit :<\/b><br \/>\n- Huile de cam\u00e9lia pour l'entretien du bois<br \/>\n- Fabriqu\u00e9 au Japon<br \/>\n- Optimal pour l'entretien des armes en bois<br \/>\n- Tr\u00e8s \u00e9conomique<br \/>\n- Prolonge la dur\u00e9e de vie du bois<\/p>\n<p><b>Description du produit :<\/b><br \/>\nHuile d'entretien du bois en provenance du Japon. L'huile de cam\u00e9lia y est utilis\u00e9e depuis des si\u00e8cles pour la protection du bois.<\/p>\n<p>Parfaitement adapt\u00e9 \u00e0 l'entretien des armes en bois pour les arts martiaux japonais. Le flacon contient 50 ml. Comme l'huile est tr\u00e8s \u00e9conomique, la quantit\u00e9 suffit pour jusqu'\u00e0 30 applications d'entretien.<\/p>\n<p>Un entretien appropri\u00e9 permet d'augmenter consid\u00e9rablement la dur\u00e9e de vie et la r\u00e9sistance du bois.<\/p>\n<p>Ce produit provient du Japon. Comme la l\u00e9gislation europ\u00e9enne en vigueur exige qu'il y ait un interlocuteur au sein de l'UE pour les questions de s\u00e9curit\u00e9, nous le proposons sous notre marque europ\u00e9enne afin de r\u00e9pondre aux exigences. Pour ce faire, il est produit au Japon de mani\u00e8re cibl\u00e9e pour nous et les circonstances correspondantes sont cr\u00e9\u00e9es afin que nous puissions le proposer sur le march\u00e9 europ\u00e9en conform\u00e9ment \u00e0 la l\u00e9gislation.<br \/>\nC'est pourquoi un fabricant en Allemagne est mentionn\u00e9.<\/p>\n<p>Fabricant au sens de la l\u00e9gislation europ\u00e9enne : DerShogun, Andara GmbH, Brunnenweg 15, 64331 Weiterstadt, Germany, info@andara-gmbh.de<\/p>","protected":false},"excerpt":{"rendered":"<p>Produktmerkmale: &#8211; Kamelien\u00f6l f\u00fcr Holzpflege &#8211; Hergestellt in Japan &#8211; Optimal f\u00fcr die Pflege von Holzwaffen &#8211; Sehr ergiebig &#8211; Verl\u00e4ngert die Lebensdauer von Holz Produktbeschreibung: Holzpflege\u00f6l aus Japan. Kamelien\u00f6l wird dort seit Jahrhunderten f\u00fcr den Schutz von Holz eingesetzt. Perfekt geeignet f\u00fcr die Pflege von Holzwaffen f\u00fcr japanische Kampfkunst. Die Flasche enth\u00e4lt 50ml. Da [&hellip;]<\/p>\n","protected":false},"featured_media":3360,"comment_status":"open","ping_status":"closed","template":"","meta":{"_acf_changed":false},"product_brand":[],"product_cat":[48],"product_tag":[198,116,122,123,199],"class_list":{"0":"post-3361","1":"product","2":"type-product","3":"status-publish","4":"has-post-thumbnail","6":"product_cat-bokken-holzschwert-japan-budo-samurai-schwert","7":"product_tag-holzpflege","8":"product_tag-japan","9":"product_tag-oel","10":"product_tag-pflege","11":"product_tag-tsubaki-yu","12":"product_shipping_class-debrief145","14":"first","15":"outofstock","16":"taxable","17":"shipping-taxable","18":"purchasable","19":"product-type-simple"},"acf":[],"_links":{"self":[{"href":"https:\/\/japan-budo.com\/fr\/wp-json\/wp\/v2\/product\/3361","targetHints":{"allow":["GET"]}}],"collection":[{"href":"https:\/\/japan-budo.com\/fr\/wp-json\/wp\/v2\/product"}],"about":[{"href":"https:\/\/japan-budo.com\/fr\/wp-json\/wp\/v2\/types\/product"}],"replies":[{"embeddable":true,"href":"https:\/\/japan-budo.com\/fr\/wp-json\/wp\/v2\/comments?post=3361"}],"wp:featuredmedia":[{"embeddable":true,"href":"https:\/\/japan-budo.com\/fr\/wp-json\/wp\/v2\/media\/3360"}],"wp:attachment":[{"href":"https:\/\/japan-budo.com\/fr\/wp-json\/wp\/v2\/media?parent=3361"}],"wp:term":[{"taxonomy":"product_brand","embeddable":true,"href":"https:\/\/japan-budo.com\/fr\/wp-json\/wp\/v2\/product_brand?post=3361"},{"taxonomy":"product_cat","embeddable":true,"href":"https:\/\/japan-budo.com\/fr\/wp-json\/wp\/v2\/product_cat?post=3361"},{"taxonomy":"product_tag","embeddable":true,"href":"https:\/\/japan-budo.com\/fr\/wp-json\/wp\/v2\/product_tag?post=3361"}],"curies":[{"name":"wp","href":"https:\/\/api.w.org\/{rel}","templated":true}]}}