{"id":4149,"date":"2025-01-22T12:33:00","date_gmt":"2025-01-22T11:33:00","guid":{"rendered":"https:\/\/japan-budo.com\/unkategorisiert\/iaido-und-tameshigiri-katana-nihonto-von-1980-von-4-gen-naohiro-matsubara-eiichi\/"},"modified":"2025-07-09T14:01:15","modified_gmt":"2025-07-09T12:01:15","slug":"iaido-et-tameshigiri-katana-nihonto-de-1980-de-4-gen-naohiro-matsubara-eiichi","status":"publish","type":"product","link":"https:\/\/japan-budo.com\/fr\/nihonto-gendaito-shinken-iai-tameshigiri\/iaido-et-tameshigiri-katana-nihonto-de-1980-de-4-gen-naohiro-matsubara-eiichi\/","title":{"rendered":"Iaido et Tameshigiri Katana Nihonto de 1980 par 4. Gen. Naohiro (Matsubara Eiichi) - 2.4 Shaku"},"content":{"rendered":"<p>Nihonto - 4e g\u00e9n. Naohiro<\/p>\n<p>Katana Mei (signature) :<br \/>\nC\u00f4t\u00e9 omote : \u6e90\u82f1\u4e00\u935b\u4e4b (forg\u00e9 par Matsubara Eiichi)<br \/>\nPage Ura : \u662d\u548c\u4e94\u5341\u4e94\u5e74\u5341\u4e8c\u6708\u65e5 (Un jour de d\u00e9cembre Showa 55 (1980))<\/p>\n<p>Informations sur la forge :<br \/>\nNoms de famille : Naohiro (4e g\u00e9n\u00e9ration)<br \/>\nNoms civils : Matsubara Eiichi<\/p>\n<p>Eiichi Matsubara est un forgeron de sabres japonais originaire de Nishin-cho, Omiya-ku dans la province de Saitama. Il a \u00e9t\u00e9 l'\u00e9l\u00e8ve de Yanagawa Masayoshi (3\u00e8me g\u00e9n\u00e9ration Naohiro). Il est membre de la All Japan Swordsmith Association et a re\u00e7u de nombreuses distinctions.<\/p>\n<p>Informations sur la lame :<br \/>\nNagasa (longueur de la lame) : 72.7 cm<br \/>\nSori (courbure de la lame) : 2.0 cm<br \/>\nMotohaba : 32.0 mm<br \/>\nMotokasane : 6,7 mm<br \/>\nSakihaba : 23,1 mm<br \/>\nSakikasane : 4,3 mm<br \/>\nPoids de la lame : 730 g<\/p>\n<p>Ces sabres \u00e9taient d\u00e9j\u00e0 utilis\u00e9s au Japon pour l'entra\u00eenement. Nous les proposons \u00e0 des prix relativement abordables afin que vous puissiez utiliser un authentique sabre japonais pour votre entra\u00eenement.<\/p>\n<p>L'entra\u00eenement entra\u00eene une \"usure\" de l'\u00e9p\u00e9e au fil du temps. De tels sabres d'entra\u00eenement pr\u00e9sentent avec le temps des sympt\u00f4mes typiques comme de petites \u00e9raflures superficielles sur la lame ou un jeu minimal entre la poign\u00e9e et les autres pi\u00e8ces rapport\u00e9es. Plus de d\u00e9tails sont visibles sur les photos.<\/p>\n<p>Cette \u00e9p\u00e9e se trouve actuellement encore au Japon. Nous nous chargeons des d\u00e9marches d'importation (sans suppl\u00e9ment de prix) si vous d\u00e9cidez de l'acheter.<\/p>","protected":false},"excerpt":{"rendered":"<p>Nihonto \u2013 4. Gen. Naohiro Katana Mei (Signatur): Omote-Seite: \u6e90\u82f1\u4e00\u935b\u4e4b (geschmiedet von Matsubara Eiichi) Ura-Seite: \u662d\u548c\u4e94\u5341\u4e94\u5e74\u5341\u4e8c\u6708\u65e5 (An einem Tag im Dezember Showa 55 (1980)) Informationen \u00fcber die Schmiede: Namen: Naohiro (4. Generation) B\u00fcrgerliche Namen: Matsubara Eiichi Eiichi Matsubara ist ein japanischer Schwertschmied aus Nishin-cho, Omiya-ku in der Saitama Provinz. Er war der Sch\u00fcler von Yanagawa [&hellip;]<\/p>\n","protected":false},"featured_media":4148,"comment_status":"open","ping_status":"closed","template":"","meta":{"_acf_changed":false},"product_brand":[],"product_cat":[218],"product_tag":[],"class_list":{"0":"post-4149","1":"product","2":"type-product","3":"status-publish","4":"has-post-thumbnail","6":"product_cat-nihonto-gendaito-shinken-iai-tameshigiri","8":"first","9":"instock","10":"taxable","11":"shipping-taxable","12":"product-type-external"},"acf":[],"_links":{"self":[{"href":"https:\/\/japan-budo.com\/fr\/wp-json\/wp\/v2\/product\/4149","targetHints":{"allow":["GET"]}}],"collection":[{"href":"https:\/\/japan-budo.com\/fr\/wp-json\/wp\/v2\/product"}],"about":[{"href":"https:\/\/japan-budo.com\/fr\/wp-json\/wp\/v2\/types\/product"}],"replies":[{"embeddable":true,"href":"https:\/\/japan-budo.com\/fr\/wp-json\/wp\/v2\/comments?post=4149"}],"wp:featuredmedia":[{"embeddable":true,"href":"https:\/\/japan-budo.com\/fr\/wp-json\/wp\/v2\/media\/4148"}],"wp:attachment":[{"href":"https:\/\/japan-budo.com\/fr\/wp-json\/wp\/v2\/media?parent=4149"}],"wp:term":[{"taxonomy":"product_brand","embeddable":true,"href":"https:\/\/japan-budo.com\/fr\/wp-json\/wp\/v2\/product_brand?post=4149"},{"taxonomy":"product_cat","embeddable":true,"href":"https:\/\/japan-budo.com\/fr\/wp-json\/wp\/v2\/product_cat?post=4149"},{"taxonomy":"product_tag","embeddable":true,"href":"https:\/\/japan-budo.com\/fr\/wp-json\/wp\/v2\/product_tag?post=4149"}],"curies":[{"name":"wp","href":"https:\/\/api.w.org\/{rel}","templated":true}]}}