{"id":4675,"date":"2025-03-19T11:36:14","date_gmt":"2025-03-19T10:36:14","guid":{"rendered":"https:\/\/japan-budo.com\/unkategorisiert\/akagashi-bokken-kenmine-aus-japan-mit-hohlkehle\/"},"modified":"2026-01-26T08:33:19","modified_gmt":"2026-01-26T07:33:19","slug":"akagashi-bokken-kenmine-du-japon-avec-gorge-creuse","status":"publish","type":"product","link":"https:\/\/japan-budo.com\/fr\/bokken-sabre-en-bois-japonais-budo-samurai-sabre\/akagashi-bokken-kenmine-du-japon-avec-gorge-creuse\/","title":{"rendered":"Akagashi bokken kenmine du Japon avec gouge"},"content":{"rendered":"<p><b>Caract\u00e9ristiques du produit :<\/b><br \/>\n- Ch\u00eane Hokkaido de qualit\u00e9 sup\u00e9rieure<br \/>\n- Ch\u00eane rouge (Akagashi)<br \/>\n- Tr\u00e8s robuste<br \/>\n- Avec gorge pour tachikaze<br \/>\n- longueur : 101.5 cm, poids environ 460 grammes<\/p>\n<p><b>Description du produit :<\/b><br \/>\nBokken japonais en ch\u00eane rouge avec une gorge suppl\u00e9mentaire.<\/p>\n<p>Fabriqu\u00e9 par des artisans japonais de premier plan, ce bokken exclusif en akagashi offre une exp\u00e9rience d'entra\u00eenement particuli\u00e8re.<br \/>\nGr\u00e2ce \u00e0 la gorge int\u00e9gr\u00e9e, le sabre d'entra\u00eenement offre un tachikaze, similaire \u00e0 celui d'un sabre \u00e0 lame m\u00e9tallique.<\/p>\n<p>Longueur 101.5 cm pour un poids d'environ 460 grammes.<\/p>\n<p>Ce bokuto poss\u00e8de une ar\u00eate dorsale, ce qui peut n\u00e9cessiter une adaptation de ces \u00e9l\u00e9ments lorsqu'il est utilis\u00e9 avec une tsuba et une saya en plastique.<\/p>\n<p>Ce produit provient du Japon. Comme la l\u00e9gislation europ\u00e9enne en vigueur exige qu'il y ait un interlocuteur au sein de l'UE pour les questions de s\u00e9curit\u00e9, nous le proposons sous notre marque europ\u00e9enne afin de r\u00e9pondre aux exigences. Pour ce faire, il est produit au Japon de mani\u00e8re cibl\u00e9e pour nous et les circonstances correspondantes sont cr\u00e9\u00e9es afin que nous puissions le proposer sur le march\u00e9 europ\u00e9en conform\u00e9ment \u00e0 la l\u00e9gislation.<br \/>\nC'est pourquoi un fabricant en Allemagne est mentionn\u00e9.<\/p>\n<p>Fabricant au sens de la l\u00e9gislation europ\u00e9enne : DerShogun, Andara GmbH, Brunnenweg 15, 64331 Weiterstadt, Germany, info@andara-gmbh.de<\/p>","protected":false},"excerpt":{"rendered":"<p>Produktmerkmale: &#8211; Hochwertige Hokkaido Eiche &#8211; Roteiche (Akagashi) &#8211; Sehr robust &#8211; Mit Hohlkehle f\u00fcr Tachikaze &#8211; L\u00e4nge: 101.5 cm, Gewicht ca. 460 Gramm Produktbeschreibung: Japanisches Bokken aus roter Eiche mit zus\u00e4tzlicher Hohlkehle. Hergestellt von f\u00fchrenden Handwerkern in Japan liefert dieses exklusive Bokken aus Akagashi ein besonderes Trainingserlebnis. Durch die eingearbeitete Hohlkehle bietet das Trainingsschwert [&hellip;]<\/p>\n","protected":false},"featured_media":4674,"comment_status":"open","ping_status":"closed","template":"","meta":{"_acf_changed":false},"product_brand":[],"product_cat":[48],"product_tag":[231,232,233,212],"class_list":{"0":"post-4675","1":"product","2":"type-product","3":"status-publish","4":"has-post-thumbnail","6":"product_cat-bokken-holzschwert-japan-budo-samurai-schwert","7":"product_tag-holzschwert","8":"product_tag-kendo","9":"product_tag-kenjutsu","10":"product_tag-trainingsschwert","11":"product_shipping_class-debrief145","13":"first","14":"instock","15":"taxable","16":"shipping-taxable","17":"purchasable","18":"product-type-simple"},"acf":[],"_links":{"self":[{"href":"https:\/\/japan-budo.com\/fr\/wp-json\/wp\/v2\/product\/4675","targetHints":{"allow":["GET"]}}],"collection":[{"href":"https:\/\/japan-budo.com\/fr\/wp-json\/wp\/v2\/product"}],"about":[{"href":"https:\/\/japan-budo.com\/fr\/wp-json\/wp\/v2\/types\/product"}],"replies":[{"embeddable":true,"href":"https:\/\/japan-budo.com\/fr\/wp-json\/wp\/v2\/comments?post=4675"}],"wp:featuredmedia":[{"embeddable":true,"href":"https:\/\/japan-budo.com\/fr\/wp-json\/wp\/v2\/media\/4674"}],"wp:attachment":[{"href":"https:\/\/japan-budo.com\/fr\/wp-json\/wp\/v2\/media?parent=4675"}],"wp:term":[{"taxonomy":"product_brand","embeddable":true,"href":"https:\/\/japan-budo.com\/fr\/wp-json\/wp\/v2\/product_brand?post=4675"},{"taxonomy":"product_cat","embeddable":true,"href":"https:\/\/japan-budo.com\/fr\/wp-json\/wp\/v2\/product_cat?post=4675"},{"taxonomy":"product_tag","embeddable":true,"href":"https:\/\/japan-budo.com\/fr\/wp-json\/wp\/v2\/product_tag?post=4675"}],"curies":[{"name":"wp","href":"https:\/\/api.w.org\/{rel}","templated":true}]}}