{"id":4680,"date":"2025-03-19T11:36:19","date_gmt":"2025-03-19T10:36:19","guid":{"rendered":"https:\/\/japan-budo.com\/unkategorisiert\/suburi-bokken-aus-japan-mit-mehr-als-800g-gewicht\/"},"modified":"2025-12-12T21:27:44","modified_gmt":"2025-12-12T20:27:44","slug":"suburi-bokken-du-japon-pesant-plus-de-800g","status":"publish","type":"product","link":"https:\/\/japan-budo.com\/fr\/bokken-sabre-en-bois-japonais-budo-samurai-sabre\/suburi-bokken-du-japon-pesant-plus-de-800g\/","title":{"rendered":"Suburi bokken du Japon pesant plus de 800g"},"content":{"rendered":"<p><b>Caract\u00e9ristiques du produit :<\/b><br \/>- \u00c9p\u00e9e d'entra\u00eenement sp\u00e9ciale \u00e9galement connue sous le nom de Suburito<br \/>- Avec un poids \u00e9lev\u00e9<br \/>- Pour les exercices de renforcement musculaire<br \/>- Poids sup\u00e9rieur \u00e0 800 grammes<br \/>- longueur 106cm<\/p>\n<p><b>Description du produit :<\/b><br \/>Bokken extra lourd en provenance du Japon pour les exercices de renforcement musculaire.<\/p>\n<p>Ce type de sabre d'entra\u00eenement (appel\u00e9 Suburi Bokken ou Suburito) est plus massif que les bokken normaux et est sp\u00e9cialement con\u00e7u pour les exercices de renforcement. Le bokken p\u00e8se environ 870 grammes pour une longueur totale de 106 cm.<\/p>\n<p>Il s'agit d'une fabrication de haute qualit\u00e9 en ch\u00eane rouge provenant des for\u00eats d'Hokkaido. Id\u00e9al pour les entra\u00eenements de renforcement.<\/p>\n<p>Ce produit provient du Japon. Comme la l\u00e9gislation europ\u00e9enne en vigueur exige qu'il y ait un interlocuteur au sein de l'UE pour les questions de s\u00e9curit\u00e9, nous le proposons sous notre marque europ\u00e9enne afin de r\u00e9pondre aux exigences. Pour ce faire, il est produit au Japon de mani\u00e8re cibl\u00e9e pour nous et les circonstances correspondantes sont cr\u00e9\u00e9es afin que nous puissions le proposer sur le march\u00e9 europ\u00e9en conform\u00e9ment \u00e0 la l\u00e9gislation.<br \/>\nC'est pourquoi un fabricant en Allemagne est mentionn\u00e9.<\/p>\n<p>Fabricant au sens de la l\u00e9gislation europ\u00e9enne : DerShogun, Andara GmbH, Brunnenweg 15, 64331 Weiterstadt, Germany, info@andara-gmbh.de<\/p>","protected":false},"excerpt":{"rendered":"<p>Produktmerkmale:&#8211; Spezielles Trainingsschwert auch bekannt als Suburito&#8211; Mit hohem Gewicht&#8211; F\u00fcr Kr\u00e4ftigungs\u00fcbungen&#8211; Gewicht \u00fcber 800 Gramm&#8211; L\u00e4nge 106cm Produktbeschreibung:Extra schweres Bokken aus Japan f\u00fcr Kr\u00e4ftigungs\u00fcbungen. Diese Art des Trainingsschwertes (Suburi Bokken oder Suburito genannt) ist massiver als normale Bokken und extra f\u00fcr Kr\u00e4ftigungs\u00fcbungen gedacht. Das Bokken hat ein Gewicht von ca. 870 Gramm bei einer [&hellip;]<\/p>\n","protected":false},"featured_media":4679,"comment_status":"open","ping_status":"closed","template":"","meta":{"_acf_changed":false},"product_brand":[],"product_cat":[48],"product_tag":[231,232,233,212],"class_list":{"0":"post-4680","1":"product","2":"type-product","3":"status-publish","4":"has-post-thumbnail","6":"product_cat-bokken-holzschwert-japan-budo-samurai-schwert","7":"product_tag-holzschwert","8":"product_tag-kendo","9":"product_tag-kenjutsu","10":"product_tag-trainingsschwert","11":"product_shipping_class-debrief145","13":"first","14":"onbackorder","15":"taxable","16":"shipping-taxable","17":"purchasable","18":"product-type-simple"},"acf":[],"_links":{"self":[{"href":"https:\/\/japan-budo.com\/fr\/wp-json\/wp\/v2\/product\/4680","targetHints":{"allow":["GET"]}}],"collection":[{"href":"https:\/\/japan-budo.com\/fr\/wp-json\/wp\/v2\/product"}],"about":[{"href":"https:\/\/japan-budo.com\/fr\/wp-json\/wp\/v2\/types\/product"}],"replies":[{"embeddable":true,"href":"https:\/\/japan-budo.com\/fr\/wp-json\/wp\/v2\/comments?post=4680"}],"wp:featuredmedia":[{"embeddable":true,"href":"https:\/\/japan-budo.com\/fr\/wp-json\/wp\/v2\/media\/4679"}],"wp:attachment":[{"href":"https:\/\/japan-budo.com\/fr\/wp-json\/wp\/v2\/media?parent=4680"}],"wp:term":[{"taxonomy":"product_brand","embeddable":true,"href":"https:\/\/japan-budo.com\/fr\/wp-json\/wp\/v2\/product_brand?post=4680"},{"taxonomy":"product_cat","embeddable":true,"href":"https:\/\/japan-budo.com\/fr\/wp-json\/wp\/v2\/product_cat?post=4680"},{"taxonomy":"product_tag","embeddable":true,"href":"https:\/\/japan-budo.com\/fr\/wp-json\/wp\/v2\/product_tag?post=4680"}],"curies":[{"name":"wp","href":"https:\/\/api.w.org\/{rel}","templated":true}]}}