{"id":5056,"date":"2025-06-03T09:30:16","date_gmt":"2025-06-03T07:30:16","guid":{"rendered":"https:\/\/japan-budo.com\/?post_type=product&#038;p=5056"},"modified":"2026-01-13T12:39:57","modified_gmt":"2026-01-13T11:39:57","slug":"katana-nihonto-de-kuniyoshi-nagasa-70-4cm-2-32-shaku-dans-le-style-dawataguchi-kuniyoshi","status":"publish","type":"product","link":"https:\/\/japan-budo.com\/fr\/nihonto-gendaito-shinken-iai-tameshigiri\/katana-nihonto-de-kuniyoshi-nagasa-70-4cm-2-32-shaku-dans-le-style-dawataguchi-kuniyoshi\/","title":{"rendered":"Katana Nihonto de Kuniyoshi - Nagasa 70.4cm - 2.32 Shaku - Dans le style de Awataguchi Kuniyoshi"},"content":{"rendered":"<p>Nihonto - Kuniyoshi<\/p>\n<p>Katana Mei (signature) :<br \/>\nC\u00f4t\u00e9 omote : \u56fd\u5409\u4f5c (Fabriqu\u00e9 par Kuniyoshi)<br \/>\nPage Ura : \u662d\u548c\u4e94\u5341\u56db\u5e74\u4e94\u6708\u65e5 (Im Mai Showa 54 (1979))<\/p>\n<p>Informations sur le forgeron :<br \/>\nNom : Futakami Kuniyoshi<br \/>\nNom civil : Futakami Hisashi<\/p>\n<p>Ma\u00eetre Kuniyoshi est n\u00e9 en l'an 3 de Sh\u014dwa (1928). Il \u00e9tait le fils du ma\u00eetre forgeron Shuro Yoshinobu et vivait dans la pr\u00e9fecture d'Aomori.<br \/>\nLe forgeron \u00e9tait membre de la c\u00e9l\u00e8bre All Japan Swordsmith Association (AJSA) et ses travaux ont \u00e9t\u00e9 r\u00e9compens\u00e9s \u00e0 de nombreuses reprises.<\/p>\n<p>Informations sur la lame :<br \/>\nNagasa (longueur de la lame) : 70.4 cm<br \/>\nSori (courbure de la lame) : 2.1 cm<br \/>\nMotohaba : 31.6 mm<br \/>\nMotokasane : 7,6 mm<br \/>\nSakihaba : 21,2 mm<br \/>\nSakikasane : 3,16 mm<br \/>\nPoids sans saya : 926 g<\/p>\n<p>La lame a \u00e9t\u00e9 forg\u00e9e en 1979.<\/p>\n<p>Ce sabre est une reproduction magistrale d'un sabre d'Awataguchi Kuniyoshi de l'\u00e9poque Kamakura. La forme \u00e9l\u00e9gante pr\u00e9sente la silhouette typique d'Awataguchi, avec une nette diff\u00e9rence entre la largeur \u00e0 la base et \u00e0 la pointe de la lame. La structure de l'acier (jigane) est en ko-itame-hada \u00e0 motifs fins, forg\u00e9 avec soin, ce qui reproduit de mani\u00e8re authentique la haute qualit\u00e9 de l'acier d'Awataguchi.<br \/>\nLe hamon (ligne de duret\u00e9) pr\u00e9sente un motif droit, avec nioi (ligne de duret\u00e9 fine) et nie (inclusions cristallines), dans le style d'Awataguchi Kuniyoshi. Il est profond\u00e9ment grav\u00e9 et pr\u00e9sente des \u00e9l\u00e9ments actifs au sein de la ligne de duret\u00e9 (hataraki), y compris des ashi (zones plus dures qui p\u00e9n\u00e8trent dans la zone molle).<br \/>\nLe piquant est excellent.<\/p>\n<p>Cette \u00e9p\u00e9e est actuellement encore au Japon. Nous nous chargeons de l'ensemble des d\u00e9marches (tous les frais y aff\u00e9rents sont d\u00e9j\u00e0 inclus dans le prix propos\u00e9).<\/p>","protected":false},"excerpt":{"rendered":"<p>Nihonto \u2013 Kuniyoshi Katana Mei (Signatur): Omote-Seite: \u56fd\u5409\u4f5c (Gefertigt von Kuniyoshi) Ura-Seite: \u662d\u548c\u4e94\u5341\u56db\u5e74\u4e94\u6708\u65e5 (Im Mai Showa 54 (1979)) Informationen \u00fcber den Schmied: Name: Futakami Kuniyoshi B\u00fcrgerlicher Name: Futakami Hisashi Meister Kuniyoshi wurde im Jahr Sh\u014dwa 3 (1928) geboren. Er warder Sohn des Meisterschmieds Shuro Yoshinobu und lebte in der Pr\u00e4fektur Aomori. Der Schmied war ein [&hellip;]<\/p>\n","protected":false},"featured_media":5057,"comment_status":"open","ping_status":"closed","template":"","meta":{"_acf_changed":false},"product_brand":[],"product_cat":[218],"product_tag":[],"class_list":{"0":"post-5056","1":"product","2":"type-product","3":"status-publish","4":"has-post-thumbnail","6":"product_cat-nihonto-gendaito-shinken-iai-tameshigiri","8":"first","9":"instock","10":"taxable","11":"shipping-taxable","12":"product-type-external"},"acf":[],"_links":{"self":[{"href":"https:\/\/japan-budo.com\/fr\/wp-json\/wp\/v2\/product\/5056","targetHints":{"allow":["GET"]}}],"collection":[{"href":"https:\/\/japan-budo.com\/fr\/wp-json\/wp\/v2\/product"}],"about":[{"href":"https:\/\/japan-budo.com\/fr\/wp-json\/wp\/v2\/types\/product"}],"replies":[{"embeddable":true,"href":"https:\/\/japan-budo.com\/fr\/wp-json\/wp\/v2\/comments?post=5056"}],"wp:featuredmedia":[{"embeddable":true,"href":"https:\/\/japan-budo.com\/fr\/wp-json\/wp\/v2\/media\/5057"}],"wp:attachment":[{"href":"https:\/\/japan-budo.com\/fr\/wp-json\/wp\/v2\/media?parent=5056"}],"wp:term":[{"taxonomy":"product_brand","embeddable":true,"href":"https:\/\/japan-budo.com\/fr\/wp-json\/wp\/v2\/product_brand?post=5056"},{"taxonomy":"product_cat","embeddable":true,"href":"https:\/\/japan-budo.com\/fr\/wp-json\/wp\/v2\/product_cat?post=5056"},{"taxonomy":"product_tag","embeddable":true,"href":"https:\/\/japan-budo.com\/fr\/wp-json\/wp\/v2\/product_tag?post=5056"}],"curies":[{"name":"wp","href":"https:\/\/api.w.org\/{rel}","templated":true}]}}