{"id":5307,"date":"2025-06-30T14:09:23","date_gmt":"2025-06-30T12:09:23","guid":{"rendered":"https:\/\/japan-budo.com\/unkategorisiert\/tsuba-dome-aus-leder-mit-motiv-fuer-bokken\/"},"modified":"2025-11-07T09:54:23","modified_gmt":"2025-11-07T08:54:23","slug":"tsuba-dome-en-cuir-avec-motif-pour-bokken","status":"publish","type":"product","link":"https:\/\/japan-budo.com\/fr\/bokken-sabre-en-bois-japonais-budo-samurai-sabre\/tsuba-dome-en-cuir-avec-motif-pour-bokken\/","title":{"rendered":"Tsuba Dome en cuir avec motif pour bokken"},"content":{"rendered":"<p>Tsuba Dome pour fixer la tsuba au sabre d'entra\u00eenement Bokuto (\u00e9galement appel\u00e9 Bokken).<br \/>Cette tsuba d\u00f4me permet \u00e0 la lame de se fixer solidement sur le sabre en bois et offre un aspect plus valorisant que les tsuba d\u00f4mes standard en plastique.<\/p>\n<p>Identification du fabricant : (Kendo24) Bernd Schwab, Eichbergstra\u00dfe 1, 36160 Dipperz, Allemagne, info@kendo24.de<\/p>","protected":false},"excerpt":{"rendered":"<p>Tsuba Dome pour la fixation de la tsuba sur le sabre d'entra\u00eenement Bokuto (aussi appel\u00e9 Bokken). Avec ce Tsuba Dome, la lame du sabre en bois est bien maintenue et il offre un aspect plus qualitatif que les Tsuba Dome standard en plastique. Identification du fabricant : (Kendo24) Bernd Schwab, Eichbergstra\u00dfe 1, 36160 Dipperz, Allemagne, info@kendo24.de<\/p>","protected":false},"featured_media":5306,"comment_status":"open","ping_status":"closed","template":"","meta":{"_acf_changed":false},"product_brand":[],"product_cat":[48],"product_tag":[],"class_list":{"0":"post-5307","1":"product","2":"type-product","3":"status-publish","4":"has-post-thumbnail","6":"product_cat-bokken-holzschwert-japan-budo-samurai-schwert","7":"product_shipping_class-debrief145","9":"first","10":"instock","11":"taxable","12":"shipping-taxable","13":"purchasable","14":"product-type-simple"},"acf":[],"_links":{"self":[{"href":"https:\/\/japan-budo.com\/fr\/wp-json\/wp\/v2\/product\/5307","targetHints":{"allow":["GET"]}}],"collection":[{"href":"https:\/\/japan-budo.com\/fr\/wp-json\/wp\/v2\/product"}],"about":[{"href":"https:\/\/japan-budo.com\/fr\/wp-json\/wp\/v2\/types\/product"}],"replies":[{"embeddable":true,"href":"https:\/\/japan-budo.com\/fr\/wp-json\/wp\/v2\/comments?post=5307"}],"wp:featuredmedia":[{"embeddable":true,"href":"https:\/\/japan-budo.com\/fr\/wp-json\/wp\/v2\/media\/5306"}],"wp:attachment":[{"href":"https:\/\/japan-budo.com\/fr\/wp-json\/wp\/v2\/media?parent=5307"}],"wp:term":[{"taxonomy":"product_brand","embeddable":true,"href":"https:\/\/japan-budo.com\/fr\/wp-json\/wp\/v2\/product_brand?post=5307"},{"taxonomy":"product_cat","embeddable":true,"href":"https:\/\/japan-budo.com\/fr\/wp-json\/wp\/v2\/product_cat?post=5307"},{"taxonomy":"product_tag","embeddable":true,"href":"https:\/\/japan-budo.com\/fr\/wp-json\/wp\/v2\/product_tag?post=5307"}],"curies":[{"name":"wp","href":"https:\/\/api.w.org\/{rel}","templated":true}]}}