{"id":5315,"date":"2025-06-30T14:09:33","date_gmt":"2025-06-30T12:09:33","guid":{"rendered":"https:\/\/japan-budo.com\/unkategorisiert\/bokken-tsuba-fuer-shoto\/"},"modified":"2026-01-05T15:15:25","modified_gmt":"2026-01-05T14:15:25","slug":"bokken-tsuba-pour-shoto","status":"publish","type":"product","link":"https:\/\/japan-budo.com\/fr\/bokken-sabre-en-bois-japonais-budo-samurai-sabre\/bokken-tsuba-pour-shoto\/","title":{"rendered":"Tsuba de bokken pour shoto"},"content":{"rendered":"<p>Tsuba en plastique avec Tsuba Dome. Le prot\u00e8ge-main pour les sabres d'entra\u00eenement en bois, connus sous les termes japonais de Bokken et Bokuto.<\/p>\n<p>Cet exemplaire est destin\u00e9 aux sabres courts (shoto). Les dimensions ext\u00e9rieures sont d'environ 7,8 cm x 7,2 cm, la d\u00e9coupe au milieu est adapt\u00e9e aux Shoto-Bokuto standard normaux du Japon. Elle peut toutefois \u00eatre adapt\u00e9e ult\u00e9rieurement si n\u00e9cessaire.<\/p>\n<p>Ce produit provient du Japon. Comme la l\u00e9gislation europ\u00e9enne en vigueur exige qu'il y ait un interlocuteur au sein de l'UE pour les questions de s\u00e9curit\u00e9, nous le proposons sous notre marque europ\u00e9enne afin de r\u00e9pondre aux exigences. Pour ce faire, il est produit au Japon de mani\u00e8re cibl\u00e9e pour nous et les circonstances correspondantes sont cr\u00e9\u00e9es afin que nous puissions le proposer sur le march\u00e9 europ\u00e9en conform\u00e9ment \u00e0 la l\u00e9gislation.<br \/>C'est pourquoi un fabricant en Allemagne est mentionn\u00e9.<\/p>\n<p>Fabricant au sens de la l\u00e9gislation europ\u00e9enne : DerShogun, Andara GmbH, Brunnenweg 15, 64331 Weiterstadt, Germany, info@andara-gmbh.de<\/p>","protected":false},"excerpt":{"rendered":"<p>Kunststoff Tsuba mit Tsuba Dome. Der Handschutz f\u00fcr Trainingsschwerter aus Holz, die unter den japanischen Begriffen Bokken und Bokuto bekannt sind. Dieses Exemplar ist f\u00fcr Kurzschwerter (Shoto) gedacht. Die Au\u00dfenma\u00dfe betragen ca. 7,8 cm x 7,2 cm, der Ausschnitt in der Mitte ist passend f\u00fcr normale Standard-Shoto-Bokuto aus Japan. Er kann bei Bedarf aber auch [&hellip;]<\/p>\n","protected":false},"featured_media":5314,"comment_status":"open","ping_status":"closed","template":"","meta":{"_acf_changed":false},"product_brand":[],"product_cat":[48],"product_tag":[219,254,255],"class_list":{"0":"post-5315","1":"product","2":"type-product","3":"status-publish","4":"has-post-thumbnail","6":"product_cat-bokken-holzschwert-japan-budo-samurai-schwert","7":"product_tag-bokuto","8":"product_tag-kurzschwert","9":"product_tag-stichblatt","10":"product_shipping_class-debrief145","12":"first","13":"instock","14":"taxable","15":"shipping-taxable","16":"purchasable","17":"product-type-simple"},"acf":[],"_links":{"self":[{"href":"https:\/\/japan-budo.com\/fr\/wp-json\/wp\/v2\/product\/5315","targetHints":{"allow":["GET"]}}],"collection":[{"href":"https:\/\/japan-budo.com\/fr\/wp-json\/wp\/v2\/product"}],"about":[{"href":"https:\/\/japan-budo.com\/fr\/wp-json\/wp\/v2\/types\/product"}],"replies":[{"embeddable":true,"href":"https:\/\/japan-budo.com\/fr\/wp-json\/wp\/v2\/comments?post=5315"}],"wp:featuredmedia":[{"embeddable":true,"href":"https:\/\/japan-budo.com\/fr\/wp-json\/wp\/v2\/media\/5314"}],"wp:attachment":[{"href":"https:\/\/japan-budo.com\/fr\/wp-json\/wp\/v2\/media?parent=5315"}],"wp:term":[{"taxonomy":"product_brand","embeddable":true,"href":"https:\/\/japan-budo.com\/fr\/wp-json\/wp\/v2\/product_brand?post=5315"},{"taxonomy":"product_cat","embeddable":true,"href":"https:\/\/japan-budo.com\/fr\/wp-json\/wp\/v2\/product_cat?post=5315"},{"taxonomy":"product_tag","embeddable":true,"href":"https:\/\/japan-budo.com\/fr\/wp-json\/wp\/v2\/product_tag?post=5315"}],"curies":[{"name":"wp","href":"https:\/\/api.w.org\/{rel}","templated":true}]}}