{"id":5479,"date":"2025-08-13T21:44:51","date_gmt":"2025-08-13T19:44:51","guid":{"rendered":"https:\/\/japan-budo.com\/?post_type=product&#038;p=5479"},"modified":"2026-02-02T20:23:35","modified_gmt":"2026-02-02T19:23:35","slug":"veritable-katana-du-japon-de-kanefusa-25-generation-nagasa-73-3cm-2-42-shaku","status":"publish","type":"product","link":"https:\/\/japan-budo.com\/fr\/nihonto-gendaito-shinken-iai-tameshigiri\/veritable-katana-du-japon-de-kanefusa-25-generation-nagasa-73-3cm-2-42-shaku\/","title":{"rendered":"V\u00e9ritable katana japonais de Kanefusa (25\u00e8me g\u00e9n\u00e9ration) - Nagasa 73.3cm - 2.42 Shaku"},"content":{"rendered":"<p>Nihonto - Kanefusa (25e g\u00e9n\u00e9ration)<\/p>\n<p>Katana Mei (signature) :<br \/>\nC\u00f4t\u00e9 omote : \u85e4\u539f\u517c\u623f\u4f5c (Fabriqu\u00e9 par Fujiwara Kanefusa)<br \/>\nPage Ura : \u662d\u548c\u4e59\u4e11\u5e74\u5409\u65e5 (Un jour de bon augure de l'ann\u00e9e Sh\u014dwa 60 (1985))<\/p>\n<p>Informations sur le forgeron :<br \/>\nNom : Kanefusa<br \/>\nNom civil : Kato Katsuo<br \/>\nFils de : Kanefusa, 24e g\u00e9n\u00e9ration<\/p>\n<p>Le cr\u00e9ateur de ce sabre est n\u00e9 le 7 janvier 1957 dans la ville de Seki, pr\u00e9fecture de Gifu (anciennement Mino).<br \/>\nEn 1975, il est devenu l'\u00e9l\u00e8ve du c\u00e9l\u00e8bre forgeron Gassan Sadakazu (II), qui avait le statut de Mukansa et portait le titre de \"tr\u00e9sor national vivant\".<br \/>\nEn 1983, il devient l'\u00e9l\u00e8ve de son p\u00e8re, le 24e Fujiwara Kanefusa.<br \/>\nEn 1984, il a ouvert sa propre forge et a pris le nom de Kanefusa dans la 25e g\u00e9n\u00e9ration.<\/p>\n<p>En tant que forgeron, il a d\u00e9j\u00e0 re\u00e7u de nombreuses distinctions, dont le 1x Kunzan Award, 2x Excellence Award, 8x Effort Award et 8x Selection Award.<\/p>\n<p>Kanefusa s'est engag\u00e9e au niveau international et national, ce qui lui vaut une renomm\u00e9e mondiale :<br \/>\nEn 1982, il a accompagn\u00e9 le ma\u00eetre Gassan \u00e0 l'exposition \"Living National Treasures\" au Museum of Fine Arts de Boston.<br \/>\nDepuis 2004, ses \u00e9p\u00e9es sont expos\u00e9es chaque ann\u00e9e \u00e0 Moscou et \u00e0 Saint-P\u00e9tersbourg.<br \/>\nEn octobre 2004, des d\u00e9monstrations de forgeage de sabre japonais ont eu lieu avec lui \u00e0 Cologne et \u00e0 Munich.<br \/>\nEn 2007\/2008, sept \u00e9p\u00e9es au total ont \u00e9t\u00e9 remises au roi Hussein de Jordanie.<\/p>\n<p>En 2005, il a fabriqu\u00e9 une \u00e9p\u00e9e courte pour la famille imp\u00e9riale, qui a \u00e9t\u00e9 offerte au sanctuaire Meiji.<\/p>\n<p>Outre son excellente r\u00e9putation de forgeron, il a \u00e9galement occup\u00e9 de nombreuses fonctions au sein des organisations japonaises de sabre :<br \/>\nAncien directeur g\u00e9n\u00e9ral de la All Japan Swordsmith Association, ancien auditeur du Sanshokai de la Japanese Art Sword Preservation Association, ancien vice-pr\u00e9sident de la Sekiden Technique Preservation Society et ancien pr\u00e9sident de la Sekiden Swordsmith Association.<\/p>\n<p>Informations sur la lame :<br \/>\nNagasa (longueur de la lame) : 73,3 cm<br \/>\nSori (courbure de la lame) : 1,7 cm<br \/>\nMotohaba : 31,8 mm<br \/>\nMotokasane : 5,5 mm<br \/>\nsakihaba : 23,1 mm<br \/>\nSakikasane : 3,5 mm<br \/>\nPoids sans saya : 920 g<\/p>\n<p>La lame a \u00e9t\u00e9 forg\u00e9e en 1985.<\/p>\n<p>Ce sabre \u00e9tait d\u00e9j\u00e0 utilis\u00e9 au Japon pour la pratique de l'art du sabre. Nous le proposons \u00e0 un prix relativement abordable afin que vous puissiez utiliser un sabre japonais authentique pour votre entra\u00eenement. Avec le temps, les sabres utilis\u00e9s pr\u00e9sentent des sympt\u00f4mes typiques comme un jeu minimal entre la poign\u00e9e et les autres pi\u00e8ces. Dans le cadre d'un entra\u00eenement personnel, ces probl\u00e8mes apparaissent de toute fa\u00e7on t\u00f4t ou tard, c'est pourquoi ils ne posent pas de probl\u00e8me.<\/p>\n<p>Cette \u00e9p\u00e9e est actuellement encore au Japon. Nous nous chargeons de l'ensemble des d\u00e9marches (tous les frais y aff\u00e9rents sont d\u00e9j\u00e0 inclus dans le prix propos\u00e9).<\/p>","protected":false},"excerpt":{"rendered":"<p>Nihonto \u2013 Kanefusa (25. Generation) Katana Mei (Signatur): Omote-Seite: \u85e4\u539f\u517c\u623f\u4f5c (Gefertigt von Fujiwara Kanefusa) Ura-Seite: \u662d\u548c\u4e59\u4e11\u5e74\u5409\u65e5 (An einem gl\u00fcckverhei\u00dfenden Tag im Jahr Sh\u014dwa 60 (1985)) Informationen \u00fcber den Schmied: Name: Kanefusa B\u00fcrgerlicher Name: Kato Katsuo Sohn von: Kanefusa, 24. Generation Der Macher dieses Schwertes ist am 7. Januar 1957 geboren in der Stadt Seki, Pr\u00e4fektur [&hellip;]<\/p>\n","protected":false},"featured_media":4983,"comment_status":"open","ping_status":"closed","template":"","meta":{"_acf_changed":false},"product_brand":[],"product_cat":[218],"product_tag":[],"class_list":{"0":"post-5479","1":"product","2":"type-product","3":"status-publish","4":"has-post-thumbnail","6":"product_cat-nihonto-gendaito-shinken-iai-tameshigiri","8":"first","9":"instock","10":"taxable","11":"shipping-taxable","12":"product-type-external"},"acf":[],"_links":{"self":[{"href":"https:\/\/japan-budo.com\/fr\/wp-json\/wp\/v2\/product\/5479","targetHints":{"allow":["GET"]}}],"collection":[{"href":"https:\/\/japan-budo.com\/fr\/wp-json\/wp\/v2\/product"}],"about":[{"href":"https:\/\/japan-budo.com\/fr\/wp-json\/wp\/v2\/types\/product"}],"replies":[{"embeddable":true,"href":"https:\/\/japan-budo.com\/fr\/wp-json\/wp\/v2\/comments?post=5479"}],"wp:featuredmedia":[{"embeddable":true,"href":"https:\/\/japan-budo.com\/fr\/wp-json\/wp\/v2\/media\/4983"}],"wp:attachment":[{"href":"https:\/\/japan-budo.com\/fr\/wp-json\/wp\/v2\/media?parent=5479"}],"wp:term":[{"taxonomy":"product_brand","embeddable":true,"href":"https:\/\/japan-budo.com\/fr\/wp-json\/wp\/v2\/product_brand?post=5479"},{"taxonomy":"product_cat","embeddable":true,"href":"https:\/\/japan-budo.com\/fr\/wp-json\/wp\/v2\/product_cat?post=5479"},{"taxonomy":"product_tag","embeddable":true,"href":"https:\/\/japan-budo.com\/fr\/wp-json\/wp\/v2\/product_tag?post=5479"}],"curies":[{"name":"wp","href":"https:\/\/api.w.org\/{rel}","templated":true}]}}