{"id":5481,"date":"2025-08-13T21:47:38","date_gmt":"2025-08-13T19:47:38","guid":{"rendered":"https:\/\/japan-budo.com\/?post_type=product&#038;p=5481"},"modified":"2025-08-13T21:48:19","modified_gmt":"2025-08-13T19:48:19","slug":"shinsakuto-fait-fabriquer-son-propre-nihonto-au-japon","status":"publish","type":"product","link":"https:\/\/japan-budo.com\/fr\/nihonto-gendaito-shinken-iai-tameshigiri\/shinsakuto-fait-fabriquer-son-propre-nihonto-au-japon\/","title":{"rendered":"Shinsakuto - Faites fabriquer votre propre nihonto au Japon !"},"content":{"rendered":"<h2 class=\"wp-block-heading\">Un r\u00eave devient r\u00e9alit\u00e9 - Faire forger des \u00e9p\u00e9es de ma\u00eetre Nihonto selon ses propres sp\u00e9cifications<\/h2>\r\n\r\n\r\n\r\n<p>Faire fabriquer un nihonto par un forgeron de sabres actuel au Japon est le r\u00eave de nombreux artistes martiaux et fans de sabres japonais. Ces sabres japonais nouvellement fabriqu\u00e9s sont connus sous le nom de Shinsakuto, qui se traduit par \"sabre nouvellement fabriqu\u00e9\".<\/p>\r\n\r\n\r\n\r\n<p>Cela permet d'utiliser un vrai sabre japonais avec une lame en acier lors de l'entra\u00eenement et de soutenir la p\u00e9rennit\u00e9 de l'art du sabre japonais.<\/p>\r\n\r\n\r\n\r\n<p>La fabrication de telles \u00e9p\u00e9es de ma\u00eetre pr\u00e9sente des avantages. L'\u00e9p\u00e9e peut en effet \u00eatre forg\u00e9e individuellement selon vos indications.<\/p>\r\n\r\n\r\n\r\n<p>Outre les standards comme une certaine longueur de lame, il est ainsi possible de sp\u00e9cifier des d\u00e9tails comme le sori.<\/p>\r\n\r\n\r\n\r\n<p>Si vous optez pour la fabrication individuelle d'un sabre japonais, vous recevrez un sabre enti\u00e8rement nouveau, que personne d'autre que le forgeron et les artisans impliqu\u00e9s n'a jamais eu en main auparavant.<\/p>\r\n\r\n\r\n\r\n<p>Une lame enti\u00e8rement neuve est fra\u00eeche et non contamin\u00e9e. Bien s\u00fbr, il y a aussi beaucoup de belles\u00a0<a href=\"https:\/\/japan-budo.com\/fr\/acheter-un-sabre-de-samourai-boutique-antique-allemagne\/\" target=\"_blank\" rel=\"noreferrer noopener\">\u00e9p\u00e9es de ma\u00eetre historiques<\/a>Les enfants sont souvent les premiers \u00e0 \u00eatre touch\u00e9s par la maladie, mais ils ont souvent subi des \u00e9preuves au fil des si\u00e8cles.<\/p>\r\n\r\n\r\n\r\n<p>Sur les sabres anciens, la monture (koshirae) par exemple est souvent relativement l\u00e2che. Ce n'est \u00e9videmment pas le cas pour un sabre enti\u00e8rement neuf !<\/p>\r\n\r\n\r\n\r\n<p>Les nouveaux sabres sont forg\u00e9s, comme tous les v\u00e9ritables Nihonto, dans la longue tradition des forgerons de sabres japonais, selon les m\u00e9thodes traditionnelles et en utilisant le fameux acier japonais Tamahagane.<\/p>\r\n\r\n\r\n\r\n<p>Les techniques pour y parvenir ont \u00e9t\u00e9 transmises et optimis\u00e9es de g\u00e9n\u00e9ration en g\u00e9n\u00e9ration.<\/p>\r\n\r\n\r\n\r\n<p>Ainsi, si l'on commande une \u00e9p\u00e9e de ma\u00eetre \u00e0 un forgeron japonais, on obtient le savoir accumul\u00e9 depuis des si\u00e8cles, r\u00e9uni dans une seule \u00e9p\u00e9e.<\/p>\r\n\r\n\r\n\r\n<p>Il s'agit de pi\u00e8ces uniques et exclusives qui n'existent pas deux fois sous cette forme, car elles sont forg\u00e9es individuellement et de mani\u00e8re cibl\u00e9e pour vous.<\/p>\r\n\r\n\r\n\r\n<p>La fabrication des \u00e9p\u00e9es de ma\u00eetre est strictement r\u00e9glement\u00e9e au Japon et les m\u00e9thodes de fabrication traditionnelles n\u00e9cessitent beaucoup de temps.<\/p>\r\n\r\n\r\n\r\n<p>La fabrication d'un Nihonto complet par un ma\u00eetre forgeron actuel prend environ 6 \u00e0 12 mois, de la commande \u00e0 l'\u00e9p\u00e9e enti\u00e8rement termin\u00e9e.<\/p>\r\n\r\n\r\n\r\n<p>Ces sabres nouvellement fabriqu\u00e9s sont connus sous le nom de Shinsakuto. Chez nous, vous pouvez acheter ou commander des Shinsakuto.<\/p>\r\n\r\n\r\n\r\n<p>Les forgerons avec lesquels nous travaillons au Japon sont de v\u00e9n\u00e9rables ma\u00eetres dont on ne perd pas le temps. C'est pourquoi nous vous prions de bien vouloir comprendre qu'une taxe de 250 euros est due au d\u00e9but des entretiens.<\/p>\r\n\r\n\r\n\r\n<p>Nous les d\u00e9duisons finalement du prix total lorsque la commande est pass\u00e9e. Cela est n\u00e9cessaire pour \u00e9viter les demandes qui ne sont pas s\u00e9rieuses.<\/p>\r\n\r\n\r\n\r\n<p>L'effort et le travail investis dans une telle \u00e9p\u00e9e en font un objet d'art de grande qualit\u00e9. Pour la fabrication, il faut disposer d'un budget d'environ 10.000 euros. Cette indication n'est pas un prix fixe et peut varier en fonction des souhaits personnels. Mais le prix offre une orientation approximative.<\/p>\r\n\r\n\r\n\r\n<p>Les demandes internationales sont les bienvenues. (Les demandes internationales sont \u00e9galement les bienvenues)<\/p>\r\n\r\n\r\n\r\n<p>&nbsp;<\/p>","protected":false},"excerpt":{"rendered":"<p>Ein Traum wird wahr &#8211; Nihonto Meisterschwerter nach eigenen Vorgaben schmieden lassen Ein Nihonto bei einem aktuellen Schwertschmied in Japan fertigen zu lassen ist der Traum vieler Kampfk\u00fcnstler und Fans des japanischen Schwertes. Diese neu gefertigten, japanischen Schwerter sind als Shinsakuto bekannt, was \u00fcbersetzt &#8222;neu gefertigtes Schwert&#8220; bedeutet. Dadurch ergibt sich die M\u00f6glichkeit im eigenen [&hellip;]<\/p>\n","protected":false},"featured_media":3485,"comment_status":"open","ping_status":"closed","template":"","meta":{"_acf_changed":false},"product_brand":[],"product_cat":[218],"product_tag":[],"class_list":{"0":"post-5481","1":"product","2":"type-product","3":"status-publish","4":"has-post-thumbnail","6":"product_cat-nihonto-gendaito-shinken-iai-tameshigiri","8":"first","9":"instock","10":"taxable","11":"shipping-taxable","12":"purchasable","13":"product-type-simple"},"acf":[],"_links":{"self":[{"href":"https:\/\/japan-budo.com\/fr\/wp-json\/wp\/v2\/product\/5481","targetHints":{"allow":["GET"]}}],"collection":[{"href":"https:\/\/japan-budo.com\/fr\/wp-json\/wp\/v2\/product"}],"about":[{"href":"https:\/\/japan-budo.com\/fr\/wp-json\/wp\/v2\/types\/product"}],"replies":[{"embeddable":true,"href":"https:\/\/japan-budo.com\/fr\/wp-json\/wp\/v2\/comments?post=5481"}],"wp:featuredmedia":[{"embeddable":true,"href":"https:\/\/japan-budo.com\/fr\/wp-json\/wp\/v2\/media\/3485"}],"wp:attachment":[{"href":"https:\/\/japan-budo.com\/fr\/wp-json\/wp\/v2\/media?parent=5481"}],"wp:term":[{"taxonomy":"product_brand","embeddable":true,"href":"https:\/\/japan-budo.com\/fr\/wp-json\/wp\/v2\/product_brand?post=5481"},{"taxonomy":"product_cat","embeddable":true,"href":"https:\/\/japan-budo.com\/fr\/wp-json\/wp\/v2\/product_cat?post=5481"},{"taxonomy":"product_tag","embeddable":true,"href":"https:\/\/japan-budo.com\/fr\/wp-json\/wp\/v2\/product_tag?post=5481"}],"curies":[{"name":"wp","href":"https:\/\/api.w.org\/{rel}","templated":true}]}}