{"id":60,"date":"2024-02-07T21:00:47","date_gmt":"2024-02-07T20:00:47","guid":{"rendered":"https:\/\/japan-budo.com\/?page_id=60"},"modified":"2025-07-19T15:14:56","modified_gmt":"2025-07-19T13:14:56","slug":"agb","status":"publish","type":"page","link":"https:\/\/japan-budo.com\/nl\/agb\/","title":{"rendered":"GTC"},"content":{"rendered":"<h2>Algemene voorwaarden met klanteninformatie<\/h2>\n<h2>Inhoudsopgave<\/h2>\n<ol>\n<li>Toepassingsgebied<\/li>\n<li>Sluiting van het contract<\/li>\n<li>Recht op annulering<\/li>\n<li>Prijzen en betalingsvoorwaarden<\/li>\n<li>Leverings- en verzendingsvoorwaarden<\/li>\n<li>Eigendomsvoorbehoud<\/li>\n<li>Aansprakelijkheid voor defecten (garantie)<\/li>\n<li>Inwisselen van promotionele vouchers<\/li>\n<li>Inwisselen van cadeaubonnen<\/li>\n<li>Toepasselijk recht<\/li>\n<li>Plaats van jurisdictie<\/li>\n<\/ol>\n<h2>1) Toepassingsgebied<\/h2>\n<p><b>1.1<\/b>\u00a0Deze Algemene Voorwaarden (hierna te noemen \"AV\") van het bedrijf Andara GmbH (hierna te noemen \"Verkoper\") zijn van toepassing op alle overeenkomsten die worden gesloten tussen een consument of een handelaar (hierna te noemen \"Klant\") en de Verkoper met betrekking tot alle goederen en\/of diensten die worden gepresenteerd in de online shop van de Verkoper. Het opnemen van de eigen voorwaarden van de klant wordt hierbij afgewezen, tenzij anders overeengekomen.<\/p>\n<p><b>1.2<\/b>\u00a0Deze AV zijn van overeenkomstige toepassing op contracten voor de levering van vouchers, tenzij anders overeengekomen.<\/p>\n<p><b>1.3<\/b>\u00a0Een consument in de zin van deze AV is elke natuurlijke persoon die een juridische transactie aangaat voor doeleinden die niet primair kunnen worden toegeschreven aan hun commerci\u00eble of zelfstandige beroepsactiviteit.<\/p>\n<p><b>1.4<\/b>\u00a0Een ondernemer in de zin van deze AV is een natuurlijke of rechtspersoon of een maatschap met rechtsbevoegdheid die bij het sluiten van een juridische transactie handelt in de uitoefening van zijn commerci\u00eble of zelfstandige beroepsactiviteit.<\/p>\n<h2>2) Sluiting van het contract<\/h2>\n<p><b>2.1<\/b>\u00a0De productbeschrijvingen in de online shop van de verkoper vormen geen bindend aanbod van de verkoper, maar dienen om de klant een bindend aanbod te doen.<\/p>\n<p><b>2.2<\/b>\u00a0De klant kan het aanbod doen via het online bestelformulier dat is ge\u00efntegreerd in de online shop van de verkoper. Na het plaatsen van de geselecteerde goederen in het virtuele winkelmandje en het doorlopen van het elektronische bestelproces, dient de klant een wettelijk bindend contractueel aanbod in met betrekking tot de goederen in het winkelmandje door te klikken op de knop waarmee het bestelproces wordt afgesloten. De klant kan het aanbod ook telefonisch of per e-mail aan de verkoper doen.<\/p>\n<p><b>2.3<\/b>\u00a0De verkoper kan het bod van de klant binnen vijf dagen accepteren,<\/p>\n<ul>\n<li>door de klant een schriftelijke orderbevestiging of een orderbevestiging in tekstvorm (fax of e-mail) te sturen, waarbij de ontvangst van de orderbevestiging door de klant bepalend is, of<\/li>\n<li>door de bestelde goederen aan de klant te leveren, waarbij de ontvangst van de goederen door de klant bepalend is, of<\/li>\n<li>door de klant om betaling te vragen nadat de bestelling is geplaatst.<\/li>\n<\/ul>\n<p>Als er meerdere van de bovengenoemde alternatieven bestaan, komt de overeenkomst tot stand op het moment waarop een van de bovengenoemde alternatieven zich het eerst voordoet. De termijn voor aanvaarding van het aanbod begint op de dag na verzending van het aanbod door de klant en eindigt aan het einde van de vijfde dag na verzending van het aanbod. Indien de verkoper het aanbod van de klant niet binnen de bovengenoemde termijn aanvaardt, wordt dit beschouwd als een verwerping van het aanbod met als gevolg dat de klant niet langer gebonden is aan zijn intentieverklaring.<\/p>\n<p><b>2.4<\/b>\u00a0Als een door PayPal aangeboden betalingsmethode is geselecteerd, wordt de betaling verwerkt via de betalingsdienstaanbieder PayPal (Europe) S.\u00e0 r.l. et Cie, S.C.A., 22-24 Boulevard Royal, L-2449 Luxemburg (hierna \"PayPal\" genoemd), onder voorbehoud van de gebruiksvoorwaarden van PayPal, die kunnen worden ingezien op <a href=\"https:\/\/www.paypal.com\/de\/webapps\/mpp\/ua\/useragreement-full\" target=\"_blank\" rel=\"noopener\">https:\/\/www.paypal.com<wbr \/>\/nl<wbr \/>\/webapps<wbr \/>\/mpp<wbr \/>\/ua<wbr \/>\/gebruiksovereenkomst-vol<\/a> of - als de klant geen PayPal-rekening heeft - onderworpen aan de algemene voorwaarden voor betalingen zonder PayPal-rekening, beschikbaar op <a href=\"https:\/\/www.paypal.com\/de\/webapps\/mpp\/ua\/privacywax-full\" target=\"_blank\" rel=\"noopener\">https:\/\/www.paypal.com<wbr \/>\/nl<wbr \/>\/webapps<wbr \/>\/mpp<wbr \/>\/ua<wbr \/>\/privacywax-vol<\/a>. Als de klant betaalt met een door PayPal aangeboden betaalmethode die kan worden geselecteerd in het online bestelproces, verklaart de verkoper het aanbod van de klant te accepteren op het moment dat de klant op de knop klikt waarmee het bestelproces wordt afgesloten.<\/p>\n<p><b>2.5<\/b>\u00a0Bij het indienen van een aanbieding via het online bestelformulier van de verkoper wordt de tekst van het contract door de verkoper opgeslagen nadat het contract is gesloten en in tekstvorm (bijv. e-mail, fax of brief) naar de klant gestuurd nadat de bestelling van de klant is verzonden. De verkoper stelt de tekst van het contract niet verder beschikbaar. Als de klant voor het verzenden van zijn bestelling een gebruikersaccount heeft aangemaakt in de onlineshop van de verkoper, worden de bestelgegevens gearchiveerd op de website van de verkoper en kunnen deze door de klant gratis worden ingezien via zijn met een wachtwoord beveiligde gebruikersaccount door de bijbehorende inloggegevens in te voeren.<\/p>\n<p><b>2.6<\/b>\u00a0Voordat de klant een bindende bestelling plaatst via het online bestelformulier van de verkoper, kan hij mogelijke invoerfouten herkennen door de informatie op het scherm zorgvuldig te lezen. Een effectief technisch middel om invoerfouten beter te herkennen, kan de vergrotingsfunctie van de browser zijn, die de weergave op het scherm vergroot. Klanten kunnen hun invoer tijdens het elektronische bestelproces corrigeren met behulp van de gebruikelijke toetsenbord- en muisfuncties totdat ze op de knop klikken die het bestelproces afsluit.<\/p>\n<p><b>2.7<\/b>\u00a0De Duitse en Engelse taal zijn beschikbaar voor het afsluiten van het contract.<\/p>\n<p><b>2.8<\/b>\u00a0De orderverwerking en het contact worden over het algemeen uitgevoerd via e-mail en geautomatiseerde orderverwerking. De klant moet ervoor zorgen dat het door hem opgegeven e-mailadres voor het verwerken van bestellingen correct is, zodat de door de verkoper verzonden e-mails op dit adres kunnen worden ontvangen. In het bijzonder bij het gebruik van SPAM-filters moet de klant ervoor zorgen dat alle e-mails die door de verkoper of door derden in opdracht van de verkoper worden verzonden om de bestelling te verwerken, kunnen worden afgeleverd.<\/p>\n<p><b>2.9<\/b>\u00a0De volgende voorwaarden zijn ook van toepassing op contracten voor de levering van wapens:<\/p>\n<p><b>2.9.1<\/b>\u00a0Bij het bestellen van goederen die onder de Wapenwet van de Bondsrepubliek Duitsland (WaffG) vallen, moet de klant meerderjarig zijn. Klanten die wapens en munitie willen kopen die in bijlage 2 van de Wapenwet staan vermeld als wapens en munitie waarvoor een vergunning nodig is, moeten een aankoopvergunning hebben. De verkoper geeft in de respectieve artikelbeschrijving aan of de goederen in kwestie onder de WaffG vallen of vergunningsplichtig zijn in de zin van bijlage 2 van de WaffG.<\/p>\n<p><b>2.9.2<\/b>\u00a0Bij het bestellen van goederen die onder de Wapenwet vallen, garandeert de klant dat hij ten minste 18 jaar oud is en dat zijn naam en adresgegevens juist zijn bij het verzenden van zijn bestelling. De klant verbindt zich er verder toe dat alleen hijzelf de goederen in ontvangst zal nemen. De goederen worden alleen overhandigd na succesvolle verificatie van de leeftijd en authenticatie van de klant.<\/p>\n<p><b>2.9.3<\/b>\u00a0Bij het bestellen van goederen die vergunningsplichtig zijn volgens de Wapenwet, moet ook een bewijs van de aankoopvergunning worden overlegd. Vergunningsplichtige goederen worden alleen verkocht en geleverd op vertoon van een geldige aankoopvergunning in het origineel of als publiekelijk (officieel of notarieel) gewaarmerkte kopie van alle gelabelde pagina's. De goederen worden alleen overhandigd na succesvolle verificatie van de leeftijd en authenticatie van de klant. De goederen worden alleen overhandigd na succesvolle verificatie van de leeftijd en authenticatie van de klant.<\/p>\n<h2>3) Recht op annulering<\/h2>\n<p><b>3.1<\/b>\u00a0Consumenten hebben over het algemeen recht op annulering.<\/p>\n<p><b>3.2<\/b>\u00a0Meer informatie over het recht op annulering is te vinden in de annuleringsvoorwaarden van de verkoper.<\/p>\n<h2>4) Prijzen en betalingsvoorwaarden<\/h2>\n<p><b>4.1<\/b>\u00a0Tenzij anders vermeld in de productbeschrijving van de verkoper, zijn de vermelde prijzen totaalprijzen inclusief wettelijke btw. Eventuele extra leverings- en verzendkosten worden apart vermeld in de betreffende productbeschrijving.<\/p>\n<p><b>4.2<\/b>\u00a0De betalingsoptie(s) worden aan de klant meegedeeld in de online shop van de verkoper.<\/p>\n<p><b>4.3<\/b>\u00a0Indien vooruitbetaling per bankoverschrijving is overeengekomen, is de betaling verschuldigd onmiddellijk na het sluiten van het contract, tenzij de partijen een latere vervaldatum zijn overeengekomen.<\/p>\n<p><b>4.4<\/b>\u00a0Als een betalingsmethode wordt gekozen die wordt aangeboden via de betalingsservice \"PayPal\", wordt de betaling verwerkt via PayPal, waarbij PayPal voor dit doel ook gebruik kan maken van de diensten van externe betalingsdienstaanbieders. Als de verkoper via PayPal ook betaalmethoden aanbiedt waarbij hij voorschotten aan de klant betaalt (bijv. aankoop op rekening of betaling in termijnen), draagt hij zijn betalingsaanspraak in dit verband over aan PayPal of aan de betalingsdienstaanbieder die door PayPal is aangesteld en specifiek aan de klant is genoemd. Alvorens de cessieverklaring van de verkoper te accepteren, voert PayPal of de door PayPal aangestelde betalingsdienstaanbieder een kredietcontrole uit aan de hand van de doorgegeven klantgegevens. De verkoper behoudt zich het recht voor om bij een negatief controleresultaat de klant de gekozen betaalmethode te weigeren. Als de gekozen betalingsmethode is toegestaan, moet de klant het factuurbedrag binnen de overeengekomen betalingstermijn of op de overeengekomen betalingstermijnen betalen. In dit geval kan de klant PayPal of de betalingsdienstaanbieder in opdracht van PayPal alleen betalen met een schulddelgend effect. De verkoper blijft echter ook in geval van overdracht van vorderingen verantwoordelijk voor algemene vragen van de klant, bijv. over goederen, levertijd, verzending, retourzendingen, klachten, herroepingsverklaringen en zendingen of creditnota's.<\/p>\n<h2>5) Leverings- en verzendingsvoorwaarden<\/h2>\n<p><b>5.1<\/b>\u00a0Als de verkoper aanbiedt de goederen te verzenden, vindt de levering plaats binnen het door de verkoper opgegeven bezorggebied op het door de klant opgegeven bezorgadres, tenzij anders is overeengekomen. Het in de orderverwerking van de verkoper opgegeven afleveradres is bepalend voor de afhandeling van de transactie.<\/p>\n<p><b>5.2<\/b>\u00a0Als de levering van de goederen mislukt om redenen waarvoor de klant verantwoordelijk is, draagt de klant de redelijke kosten die de verkoper hierdoor moet maken. Dit geldt niet voor de kosten van de retourzending als de klant zijn herroepingsrecht daadwerkelijk uitoefent. Als de klant zijn annuleringsrecht daadwerkelijk uitoefent, is de bepaling in de annuleringsvoorwaarden van de verkoper van toepassing op de retourkosten.<\/p>\n<p><b>5.3<\/b>\u00a0Indien de klant handelt als ondernemer, gaat het risico van onopzettelijk verlies en onopzettelijke verslechtering van de verkochte goederen over op de klant zodra de verkoper de goederen heeft geleverd aan de expediteur, vervoerder of andere persoon of organisatie die is aangewezen om de verzending uit te voeren. Indien de klant optreedt als consument, gaat het risico van onopzettelijk verlies en onopzettelijke verslechtering van de verkochte goederen niet over voordat de goederen zijn overhandigd aan de klant of een persoon die gemachtigd is om ze in ontvangst te nemen. Desondanks gaat het risico van onopzettelijk verlies en onopzettelijke verslechtering van de verkochte goederen over op de klant, zelfs in het geval van consumenten, zodra de verkoper de goederen heeft geleverd aan de expediteur, de vervoerder of de persoon of organisatie die anderszins is aangewezen om de verzending uit te voeren, indien de klant de expediteur, de vervoerder of de persoon of organisatie die anderszins is aangewezen om de verzending uit te voeren, opdracht heeft gegeven en de verkoper deze persoon of organisatie niet eerder aan de klant heeft genoemd.<\/p>\n<p><b>5.4<\/b>\u00a0De verkoper behoudt zich het recht voor om zich terug te trekken uit het contract in geval van onjuiste of ondeugdelijke zelflevering. Dit geldt alleen in het geval dat de verkoper niet verantwoordelijk is voor de niet-levering en de verkoper met zorg een specifieke dekkingstransactie met de leverancier heeft afgesloten. De verkoper zal alle redelijke inspanningen leveren om de goederen te verkrijgen. In het geval dat de goederen niet of slechts gedeeltelijk beschikbaar zijn, wordt de klant onmiddellijk op de hoogte gebracht en wordt de tegenprestatie onmiddellijk terugbetaald.<\/p>\n<p><b>5.5<\/b>\u00a0Zelf ophalen is om logistieke redenen niet mogelijk.<\/p>\n<p><b>5.6<\/b>\u00a0Vouchers worden als volgt aan de klant verstrekt:<\/p>\n<p>- per e-mail<\/p>\n<h2>6) Eigendomsvoorbehoud<\/h2>\n<p>Als de verkoper vooruitbetaalt, behoudt hij zich de eigendom van de geleverde goederen voor totdat de verschuldigde koopprijs volledig is betaald.<\/p>\n<h2>7) Aansprakelijkheid voor defecten (garantie)<\/h2>\n<p><b>7.1<\/b>\u00a0Voor zover in de volgende bepalingen niet anders is bepaald, zijn de bepalingen van de wettelijke aansprakelijkheid voor gebreken van toepassing. In afwijking hiervan geldt voor overeenkomsten voor de levering van goederen het volgende:<\/p>\n<p><b>7.2<\/b>\u00a0Als de klant optreedt als ondernemer,<\/p>\n<ul>\n<li>de verkoper heeft de keuze van het type nakoming achteraf;<\/li>\n<li>de verjaringstermijn voor gebreken aan nieuwe goederen is \u00e9\u00e9n jaar vanaf de levering van de goederen;<\/li>\n<li>rechten en claims wegens gebreken zijn uitgesloten voor gebruikte goederen;<\/li>\n<li>de verjaringstermijn begint niet opnieuw te lopen als in het kader van de aansprakelijkheid voor gebreken een vervangende levering wordt gedaan.<\/li>\n<\/ul>\n<p><b>7.3<\/b>\u00a0De bovengenoemde beperkingen van aansprakelijkheid en verkorting van termijnen zijn niet van toepassing<\/p>\n<ul>\n<li>voor schadeclaims en onkostenvergoedingen door de klant,<\/li>\n<li>in het geval dat de verkoper het gebrek op frauduleuze wijze verborgen heeft gehouden,<\/li>\n<li>voor goederen die zijn gebruikt voor een gebouw in overeenstemming met hun normale gebruik en die de gebrekkigheid ervan hebben veroorzaakt,<\/li>\n<li>voor een bestaande verplichting van de verkoper om updates te leveren voor digitale producten, in het geval van overeenkomsten voor de levering van goederen met digitale elementen.<\/li>\n<\/ul>\n<p><b>7.4<\/b>\u00a0Bovendien blijven voor ondernemers de wettelijke verjaringstermijnen voor bestaande wettelijke regresrechten onaangetast.<\/p>\n<p><b>7.5<\/b>\u00a0Als de klant handelt als handelaar in de zin van \u00a7 1 van het Duitse Wetboek van Koophandel (HGB), is hij onderworpen aan de handelsverplichting tot inspectie en kennisgeving van gebreken overeenkomstig \u00a7 377 HGB. Indien de klant de daarin geregelde meldingsplicht niet nakomt, gelden de goederen als goedgekeurd.<\/p>\n<p><b>7.6<\/b>\u00a0Als de klant handelt als consument, wordt hij verzocht om bij de bezorger te klagen over geleverde goederen met duidelijke transportschade en de verkoper hierover te informeren. Als de klant dit nalaat, heeft dit geen invloed op zijn wettelijke of contractuele aanspraken op gebreken.<\/p>\n<h2>8) Inwisselen van promotionele vouchers<\/h2>\n<p><b>8.1<\/b>\u00a0Vouchers die gratis worden uitgegeven door de verkoper als onderdeel van promotiecampagnes met een specifieke geldigheidsperiode en die niet kunnen worden gekocht door de klant (hierna \"promotionele vouchers\") kunnen alleen worden ingewisseld in de online winkel van de verkoper en alleen tijdens de aangegeven periode.<\/p>\n<p><b>8.2<\/b>\u00a0Afzonderlijke producten kunnen worden uitgesloten van de promotiebon als een overeenkomstige beperking voortvloeit uit de inhoud van de promotiebon.<\/p>\n<p><b>8.3<\/b>\u00a0Promotionele vouchers kunnen alleen worden ingewisseld voordat het bestelproces is voltooid. Verrekening achteraf is niet mogelijk.<\/p>\n<p><b>8.4<\/b>\u00a0Per bestelling kan slechts \u00e9\u00e9n kortingsbon worden ingewisseld.<\/p>\n<p><b>8.5<\/b>\u00a0De waarde van de goederen moet ten minste gelijk zijn aan het bedrag van de kortingsbon. Eventueel resterend tegoed wordt niet terugbetaald door de verkoper.<\/p>\n<p><b>8.6<\/b>\u00a0Als de waarde van de kortingsvoucher niet voldoende is om de bestelling te betalen, kan een van de andere betaalmethoden die de verkoper aanbiedt worden gekozen om het verschil te vereffenen.<\/p>\n<p><b>8.7<\/b>\u00a0Het saldo van een promotionele bon wordt niet uitbetaald in contanten en er wordt geen rente op berekend.<\/p>\n<p><b>8.8<\/b>\u00a0De waardebon wordt niet terugbetaald als de klant de goederen die geheel of gedeeltelijk met de waardebon zijn betaald, terugstuurt in het kader van zijn wettelijk herroepingsrecht.<\/p>\n<p><b>8.9<\/b>\u00a0De kortingsbon is overdraagbaar. De verkoper kan de betaling met bevrijdende werking uitvoeren aan de respectieve houder die de promotionele bon inwisselt in de online shop van de verkoper. Dit geldt niet als de verkoper kennis of grove nalatigheid heeft van de onbevoegdheid, handelingsonbekwaamheid of vertegenwoordigingsonbevoegdheid van de betreffende houder.<\/p>\n<h2>9) Inwisselen van cadeaubonnen<\/h2>\n<p><b>9.1<\/b>\u00a0Tegoedbonnen die kunnen worden gekocht via de online winkel van de verkoper (hierna \"cadeaubonnen\" genoemd) kunnen alleen worden ingewisseld in de online winkel van de verkoper, tenzij anders vermeld op de bon.<\/p>\n<p><b>9.2<\/b>\u00a0Cadeaubonnen en resterend tegoed op cadeaubonnen kunnen worden ingewisseld tot het einde van het derde jaar na het jaar waarin de bon is gekocht. Overgebleven tegoed wordt aan de klant gecrediteerd tot de vervaldatum.<\/p>\n<p><b>9.3<\/b>\u00a0Cadeaubonnen kunnen alleen worden ingewisseld voordat het bestelproces is voltooid. Achteraf inwisselen is niet mogelijk.<\/p>\n<p><b>9.4<\/b>\u00a0Per bestelling kan slechts \u00e9\u00e9n cadeaubon worden ingewisseld.<\/p>\n<p><b>9.5<\/b>\u00a0Cadeaubonnen kunnen alleen worden gebruikt voor de aankoop van goederen en niet voor de aankoop van andere cadeaubonnen.<\/p>\n<p><b>9.6<\/b>\u00a0Als de waarde van de cadeaubon niet voldoende is om de bestelling te dekken, kan een van de andere betaalmethoden die de verkoper aanbiedt worden gekozen om het verschil te vereffenen.<\/p>\n<p><b>9.7<\/b>\u00a0Het saldo van een cadeaubon wordt niet uitbetaald in contanten en draagt geen rente.<\/p>\n<p><b>9.8<\/b>\u00a0De cadeaubon is overdraagbaar. De verkoper kan de betaling met bevrijdende werking uitvoeren aan de desbetreffende houder die de cadeaubon inwisselt in de online shop van de verkoper. Dit geldt niet als de verkoper kennis of grove nalatigheid heeft van de onbevoegdheid, handelingsonbekwaamheid of vertegenwoordigingsonbevoegdheid van de desbetreffende houder.<\/p>\n<h2>10) Toepasselijk recht<\/h2>\n<p>Het recht van de Bondsrepubliek Duitsland is van toepassing op alle rechtsbetrekkingen tussen de partijen met uitsluiting van de wetten op de internationale verkoop van goederen. In het geval van consumenten is deze rechtskeuze alleen van toepassing voor zover de bescherming die wordt geboden door dwingende bepalingen van het recht van het land waar de consument zijn gewone verblijfplaats heeft, niet wordt ingetrokken.<\/p>\n<h2>11) Plaats van jurisdictie<\/h2>\n<p>Indien de klant optreedt als koopman, publiekrechtelijke rechtspersoon of publiekrechtelijk speciaal vermogen met zetel op het grondgebied van de Bondsrepubliek Duitsland, is de zetel van de verkoper de exclusieve bevoegde rechtbank voor alle geschillen die voortvloeien uit deze overeenkomst. Indien de klant gevestigd is buiten het grondgebied van de Bondsrepubliek Duitsland, is de vestigingsplaats van de verkoper de exclusieve bevoegde rechtbank voor alle geschillen die voortvloeien uit dit contract, indien het contract of de vorderingen die voortvloeien uit het contract kunnen worden toegeschreven aan de professionele of commerci\u00eble activiteit van de klant. In bovenstaande gevallen heeft de verkoper echter in ieder geval het recht om zich te wenden tot de rechtbank van de vestigingsplaats van de klant.<\/p>","protected":false},"excerpt":{"rendered":"<p>Allgemeine Gesch\u00e4ftsbedingungen mit Kundeninformationen Inhaltsverzeichnis Geltungsbereich Vertragsschluss Widerrufsrecht Preise und Zahlungsbedingungen Liefer- und Versandbedingungen Eigentumsvorbehalt M\u00e4ngelhaftung (Gew\u00e4hrleistung) Einl\u00f6sung von Aktionsgutscheinen Einl\u00f6sung von Geschenkgutscheinen Anwendbares Recht Gerichtsstand 1) Geltungsbereich 1.1\u00a0Diese Allgemeinen Gesch\u00e4ftsbedingungen (nachfolgend &#8222;AGB&#8220;) der Andara GmbH (nachfolgend &#8222;Verk\u00e4ufer&#8220;), gelten f\u00fcr alle Vertr\u00e4ge zur Lieferung von Waren, die ein Verbraucher oder Unternehmer (nachfolgend \u201eKunde\u201c) mit dem [&hellip;]<\/p>\n","protected":false},"author":1,"featured_media":0,"parent":0,"menu_order":0,"comment_status":"closed","ping_status":"closed","template":"","meta":{"_acf_changed":false,"footnotes":""},"class_list":["post-60","page","type-page","status-publish","hentry"],"acf":[],"_links":{"self":[{"href":"https:\/\/japan-budo.com\/nl\/wp-json\/wp\/v2\/pages\/60","targetHints":{"allow":["GET"]}}],"collection":[{"href":"https:\/\/japan-budo.com\/nl\/wp-json\/wp\/v2\/pages"}],"about":[{"href":"https:\/\/japan-budo.com\/nl\/wp-json\/wp\/v2\/types\/page"}],"author":[{"embeddable":true,"href":"https:\/\/japan-budo.com\/nl\/wp-json\/wp\/v2\/users\/1"}],"replies":[{"embeddable":true,"href":"https:\/\/japan-budo.com\/nl\/wp-json\/wp\/v2\/comments?post=60"}],"version-history":[{"count":4,"href":"https:\/\/japan-budo.com\/nl\/wp-json\/wp\/v2\/pages\/60\/revisions"}],"predecessor-version":[{"id":5408,"href":"https:\/\/japan-budo.com\/nl\/wp-json\/wp\/v2\/pages\/60\/revisions\/5408"}],"wp:attachment":[{"href":"https:\/\/japan-budo.com\/nl\/wp-json\/wp\/v2\/media?parent=60"}],"curies":[{"name":"wp","href":"https:\/\/api.w.org\/{rel}","templated":true}]}}