{"id":61,"date":"2024-02-07T21:00:47","date_gmt":"2024-02-07T20:00:47","guid":{"rendered":"https:\/\/japan-budo.com\/?page_id=61"},"modified":"2025-11-01T21:10:26","modified_gmt":"2025-11-01T20:10:26","slug":"annuleringsbeleid","status":"publish","type":"page","link":"https:\/\/japan-budo.com\/nl\/annuleringsbeleid\/","title":{"rendered":"Annuleringsvoorwaarden"},"content":{"rendered":"<h2>Annuleringsvoorwaarden &amp; annuleringsformulier<\/h2>\n<p>Consumenten hebben recht op een herroepingsrecht in overeenstemming met de volgende bepalingen, waarbij een consument elke natuurlijke persoon is die een juridische transactie sluit voor doeleinden die overwegend niet kunnen worden toegeschreven aan hun commerci\u00eble of zelfstandige beroepsactiviteit:<\/p>\n<h2>A. Annuleringsvoorwaarden<\/h2>\n<h3>Recht op annulering<\/h3>\n<p>Je hebt het recht om dit contract binnen veertien dagen zonder opgaaf van reden te annuleren.<\/p>\n<p>De annuleringstermijn is veertien dagen vanaf de dag waarop u of een door u genoemde derde partij, die niet de vervoerder is, de laatste goederen in bezit heeft genomen.<\/p>\n<p>Um Ihr Widerrufsrecht auszu\u00fcben, m\u00fcssen Sie uns (Andara GmbH, Magdalenenstr. 3, 64390 Erzhausen, Deutschland, Tel.: 06150 1830095, E-Mail: info@andara-gmbh.de.) mittels einer eindeutigen Erkl\u00e4rung (z. B. ein mit der Post versandter Brief oder E-Mail) \u00fcber Ihren Entschluss, diesen Vertrag zu widerrufen, informieren. Sie k\u00f6nnen daf\u00fcr das beigef\u00fcgte Muster-Widerrufsformular verwenden, das jedoch nicht vorgeschrieben ist.<\/p>\n<p>Om aan de annuleringstermijn te voldoen, is het voldoende dat u uw kennisgeving van de uitoefening van uw annuleringsrecht verstuurt voordat de annuleringstermijn afloopt.<\/p>\n<h3>Gevolgen van annulering<\/h3>\n<p>Als u dit contract herroept, betalen wij u alle betalingen terug die wij van u hebben ontvangen, inclusief de leveringskosten (met uitzondering van de extra kosten die voortvloeien uit uw keuze voor een andere leveringswijze dan de door ons aangeboden goedkoopste standaardlevering), zonder onnodige vertraging en in ieder geval niet later dan 14 dagen vanaf de dag waarop wij op de hoogte zijn gesteld van uw beslissing om dit contract te herroepen. Voor deze terugbetaling gebruiken we hetzelfde betaalmiddel dat u voor de oorspronkelijke transactie hebt gebruikt, tenzij uitdrukkelijk anders met u is overeengekomen; in geen geval worden u voor deze terugbetaling kosten in rekening gebracht. We kunnen de terugbetaling achterhouden totdat we de goederen hebben teruggekregen of totdat u het bewijs hebt geleverd dat u de goederen hebt teruggezonden, afhankelijk van wat het eerst gebeurt.<\/p>\n<p>U moet de goederen onmiddellijk aan ons retourneren of overhandigen en in ieder geval uiterlijk binnen veertien dagen vanaf de dag waarop u ons hebt ge\u00efnformeerd over de annulering van dit contract. Aan de termijn is voldaan als u de goederen verzendt voordat de termijn van veertien dagen is verstreken.<\/p>\n<p>U draagt de directe kosten van het terugzenden van de goederen. De directe kosten voor het terugzenden van goederen die door hun aard niet normaal per post aan ons kunnen worden teruggezonden (verzendgoederen), worden geschat op maximaal ongeveer 80,00 euro per dergelijk artikel.<\/p>\n<p>Je hoeft alleen te betalen voor waardeverlies van de goederen als dit waardeverlies te wijten is aan een behandeling van de goederen die niet nodig is om de staat, eigenschappen en functionaliteit ervan te controleren.<\/p>\n<h3>Uitsluiting of voortijdig verstrijken van het herroepingsrecht<\/h3>\n<p>Het herroepingsrecht is niet van toepassing op overeenkomsten voor de levering van goederen die niet geprefabriceerd zijn en voor de vervaardiging waarvan een individuele keuze of bepaling door de consument doorslaggevend is of die duidelijk zijn afgestemd op de persoonlijke behoeften van de consument.<\/p>\n<h3>Algemene informatie<\/h3>\n<p>1) Vermijd beschadiging of vervuiling van de goederen. Stuur de goederen naar ons terug in de originele verpakking met alle accessoires en verpakkingsonderdelen. Gebruik indien nodig een beschermende buitenverpakking. Als je de originele verpakking niet meer hebt, gebruik dan een geschikte verpakking die voldoende bescherming biedt tegen transportschade.<br \/>\n2) Stuur de goederen niet terug naar ons vrachtverzameling.<br \/>\n3) Houd er rekening mee dat de bovengenoemde clausules 1-2 geen voorwaarde zijn voor de effectieve uitoefening van het recht op annulering.<\/p>\n<h2>B. Annuleringsformulier<\/h2>\n<p>Als je het contract wilt annuleren, vul dan dit formulier in en stuur het terug.<\/p>\n<p>Naar<\/p>\n<p>Andara GmbH<br \/>\nMagdalenenstr. 3<br \/>\n64390 Erzhausen<br \/>\nDuitsland<br \/>\nE-Mail: info@andara-gmbh.de.<\/p>\n<p>Ik\/wij (*) annuleren hierbij de door mij\/ons (*) gesloten overeenkomst voor de aankoop van de volgende goederen (*)\/het leveren van de volgende dienst (*)<\/p>\n<p>_______________________________________________________<\/p>\n<p>_______________________________________________________<\/p>\n<p>Besteld op (*) ____________ \/ ontvangen op (*) __________________<\/p>\n<p>________________________________________________________<br \/>\nNaam van de consument(en)<\/p>\n<p>________________________________________________________<br \/>\nAdres van de consument(en)<\/p>\n<p>________________________________________________________<br \/>\nHandtekening van de consument(en) (alleen voor kennisgeving op papier)<\/p>\n<p>_________________________<br \/>\ndatum<\/p>\n<p>(*) Doorhalen wat niet van toepassing is<\/p>","protected":false},"excerpt":{"rendered":"<p>Widerrufsbelehrung &amp; Widerrufsformular Verbrauchern steht ein Widerrufsrecht nach folgender Ma\u00dfgabe zu, wobei Verbraucher jede nat\u00fcrliche Person ist, die ein Rechtsgesch\u00e4ft zu Zwecken abschlie\u00dft, die \u00fcberwiegend weder ihrer gewerblichen noch ihrer selbst\u00e4ndigen beruflichen T\u00e4tigkeit zugerechnet werden k\u00f6nnen: A. Widerrufsbelehrung Widerrufsrecht Sie haben das Recht, binnen vierzehn Tagen ohne Angabe von Gr\u00fcnden diesen Vertrag zu widerrufen. Die [&hellip;]<\/p>\n","protected":false},"author":1,"featured_media":0,"parent":0,"menu_order":0,"comment_status":"closed","ping_status":"closed","template":"","meta":{"_acf_changed":false,"footnotes":""},"class_list":["post-61","page","type-page","status-publish","hentry"],"acf":[],"_links":{"self":[{"href":"https:\/\/japan-budo.com\/nl\/wp-json\/wp\/v2\/pages\/61","targetHints":{"allow":["GET"]}}],"collection":[{"href":"https:\/\/japan-budo.com\/nl\/wp-json\/wp\/v2\/pages"}],"about":[{"href":"https:\/\/japan-budo.com\/nl\/wp-json\/wp\/v2\/types\/page"}],"author":[{"embeddable":true,"href":"https:\/\/japan-budo.com\/nl\/wp-json\/wp\/v2\/users\/1"}],"replies":[{"embeddable":true,"href":"https:\/\/japan-budo.com\/nl\/wp-json\/wp\/v2\/comments?post=61"}],"version-history":[{"count":4,"href":"https:\/\/japan-budo.com\/nl\/wp-json\/wp\/v2\/pages\/61\/revisions"}],"predecessor-version":[{"id":5567,"href":"https:\/\/japan-budo.com\/nl\/wp-json\/wp\/v2\/pages\/61\/revisions\/5567"}],"wp:attachment":[{"href":"https:\/\/japan-budo.com\/nl\/wp-json\/wp\/v2\/media?parent=61"}],"curies":[{"name":"wp","href":"https:\/\/api.w.org\/{rel}","templated":true}]}}