{"id":65,"date":"2024-02-07T21:00:47","date_gmt":"2024-02-07T20:00:47","guid":{"rendered":"https:\/\/japan-budo.com\/?page_id=65"},"modified":"2024-02-08T08:53:48","modified_gmt":"2024-02-08T07:53:48","slug":"echtheid-van-beoordelingen","status":"publish","type":"page","link":"https:\/\/japan-budo.com\/nl\/echtheid-van-beoordelingen\/","title":{"rendered":"Authenticiteit van beoordelingen"},"content":{"rendered":"<p>De productbeoordelingen worden niet gecontroleerd op echtheid voordat ze worden gepubliceerd. Ze kunnen daarom afkomstig zijn van consumenten die de beoordeelde producten niet daadwerkelijk hebben gekocht\/gebruikt.<br \/>\nReviews van kopers die rechtstreeks in onze online winkel hebben gekocht en een klantenaccount hebben, worden aangeduid met \"Geverifieerde aankoop\".<\/p>\n<p>We behouden ons het recht voor om reviews die onwaarheden of ongepaste inhoud bevatten niet te publiceren. Dit geldt ongeacht of de recensie positief of negatief is.<\/p>","protected":false},"excerpt":{"rendered":"<p>Die Produktbewertungen werden vor ihrer Ver\u00f6ffentlichung nicht auf ihre Echtheit \u00fcberpr\u00fcft. Sie k\u00f6nnen daher auch von Verbrauchern stammen, die die bewerteten Produkte tats\u00e4chlich gar nicht erworben\/genutzt haben. Bewertungen von K\u00e4ufern, die direkt in unserem Onlineshop gekauft haben und ein Kundenkonto besitzen, sind mit dem Hinweis &#8222;Verifizierter Kauf&#8220; gekennzeichnet. Wir behalten uns vor Bewertungen, die Unwahrheiten [&hellip;]<\/p>\n","protected":false},"author":1,"featured_media":0,"parent":0,"menu_order":0,"comment_status":"closed","ping_status":"closed","template":"","meta":{"_acf_changed":false,"footnotes":""},"class_list":["post-65","page","type-page","status-publish","hentry"],"acf":[],"_links":{"self":[{"href":"https:\/\/japan-budo.com\/nl\/wp-json\/wp\/v2\/pages\/65","targetHints":{"allow":["GET"]}}],"collection":[{"href":"https:\/\/japan-budo.com\/nl\/wp-json\/wp\/v2\/pages"}],"about":[{"href":"https:\/\/japan-budo.com\/nl\/wp-json\/wp\/v2\/types\/page"}],"author":[{"embeddable":true,"href":"https:\/\/japan-budo.com\/nl\/wp-json\/wp\/v2\/users\/1"}],"replies":[{"embeddable":true,"href":"https:\/\/japan-budo.com\/nl\/wp-json\/wp\/v2\/comments?post=65"}],"version-history":[{"count":1,"href":"https:\/\/japan-budo.com\/nl\/wp-json\/wp\/v2\/pages\/65\/revisions"}],"predecessor-version":[{"id":77,"href":"https:\/\/japan-budo.com\/nl\/wp-json\/wp\/v2\/pages\/65\/revisions\/77"}],"wp:attachment":[{"href":"https:\/\/japan-budo.com\/nl\/wp-json\/wp\/v2\/media?parent=65"}],"curies":[{"name":"wp","href":"https:\/\/api.w.org\/{rel}","templated":true}]}}