{"id":95,"date":"2024-02-08T10:00:18","date_gmt":"2024-02-08T09:00:18","guid":{"rendered":"https:\/\/japan-budo.com\/?page_id=95"},"modified":"2024-05-03T16:35:47","modified_gmt":"2024-05-03T14:35:47","slug":"betaling-en-verzending","status":"publish","type":"page","link":"https:\/\/japan-budo.com\/nl\/betaling-en-verzending\/","title":{"rendered":"Betaling en verzending"},"content":{"rendered":"<p><strong>Betaling en verzending<\/strong><br \/>\nDe volgende voorwaarden zijn van toepassing:<\/p>\n<p><strong>Verzendvoorwaarden<br \/>\n<\/strong>Levering vindt plaats binnen Duitsland en Europa.<\/p>\n<p>Voor alle kopers met een afleveradres in het buitenland (buiten Duitsland):<br \/>\nHoud er rekening mee dat we in onze webshop ook artikelen aanbieden die niet in elk land mogen worden ge\u00efmporteerd. Informeer daarom bij uw lokale douaneautoriteiten voordat u uw aankoop doet of de invoer van het betreffende product in uw land is toegestaan.<br \/>\nWe verzenden altijd vanuit Duitsland. We aanvaarden geen aansprakelijkheid voor producten die door de douane in beslag worden genomen en kunnen geen restitutie verlenen.<br \/>\nAls je afleveradres buiten Duitsland ligt, kunnen er invoerkosten en douanerechten van toepassing zijn. Deze kosten worden berekend in het betreffende ontvangende land en zijn voor rekening van de koper. Neem voor meer informatie over invoerkosten contact op met je plaatselijke douanekantoor.<\/p>\n<p><strong>Verzendkosten<\/strong><br \/>\n<strong>Binnenlandse leveringen (Duitsland): <\/strong><br \/>\nWe rekenen 7,50 euro per bestelling voor bezorging.<br \/>\n<strong>Leveringen in het buitenland:<\/strong><br \/>\nWe berekenen de verzendkosten naar het buitenland als volgt:<br \/>\nEU en Zwitserland: 23,90 euro<br \/>\nWereldwijd: 49 Euro netto<\/p>\n<p>Een zeer hoog gewicht of een bijzonder hoge waarde van de goederen, of als er meer dan \u00e9\u00e9n pakket nodig is voor verzending, kan in zeldzame gevallen leiden tot extra kosten. In dit geval nemen we echter onmiddellijk contact met je op om de kwestie te bespreken.<\/p>\n<p>We versturen vouchers alleen per e-mail. Daarom zijn er geen verzendkosten voor vouchers.<\/p>\n<p><strong>Levertijden<\/strong><br \/>\nAls er geen andere termijn is gespecificeerd in de respectieve offerte, worden de goederen geleverd binnen 2 - 3 werkdagen in Duitsland en binnen 5 - 7 werkdagen na ontvangst van de betaling voor leveringen in het buitenland.<br \/>\nLet op: er wordt niet geleverd op zon- en feestdagen.<br \/>\nAls je artikelen hebt besteld met verschillende levertijden, verzenden we de goederen in \u00e9\u00e9n zending, tenzij we andere afspraken met je hebben gemaakt. In dat geval wordt de levertijd bepaald door het artikel met de langste levertijd dat je hebt besteld.<\/p>\n<p><strong>Betalingsvoorwaarden<\/strong><br \/>\n<strong>Voor binnenlandse leveringen (Duitsland) heb je de volgende betaalopties:<\/strong><br \/>\n<strong>&#8211;\u00a0<\/strong>Vooruitbetaling via bankoverschrijving<br \/>\n<strong>&#8211;<\/strong>\u00a0PayPal<br \/>\n<strong>&#8211;<\/strong>\u00a0Automatische incasso via PayPal (geen PayPal-rekening nodig!)<br \/>\n<strong>&#8211;<\/strong> Betaling met creditcard via PayPal (geen PayPal-account nodig!)<br \/>\n<strong>Voor leveringen naar het buitenland heb je de volgende betaalopties:<\/strong><br \/>\n<strong>&#8211;<\/strong><strong>\u00a0 <\/strong>Vooruitbetaling via bankoverschrijving<br \/>\n<strong>&#8211;<\/strong>\u00a0 Betaling via PayPal<\/p>\n<p>Als je vragen hebt, vind je onze contactgegevens in het impressum.<\/p>","protected":false},"excerpt":{"rendered":"<p>Zahlung und Versand Es gelten folgende Bedingungen: Versandbedingungen Die Lieferung erfolgt im Inland (Deutschland) und in Europa. F\u00fcr alle K\u00e4ufer mit Lieferadresse im Ausland (au\u00dferhalb von Deutschland): Bitte beachten Sie, dass wir in unserem Webshop auch Artikel anbieten, die nicht in jedes Land importiert werden d\u00fcrfen. Bitte Informieren Sie sich deshalb vor Ihrem Kauf bei [&hellip;]<\/p>\n","protected":false},"author":1,"featured_media":0,"parent":0,"menu_order":0,"comment_status":"closed","ping_status":"closed","template":"","meta":{"_acf_changed":false,"footnotes":""},"class_list":["post-95","page","type-page","status-publish","hentry"],"acf":[],"_links":{"self":[{"href":"https:\/\/japan-budo.com\/nl\/wp-json\/wp\/v2\/pages\/95","targetHints":{"allow":["GET"]}}],"collection":[{"href":"https:\/\/japan-budo.com\/nl\/wp-json\/wp\/v2\/pages"}],"about":[{"href":"https:\/\/japan-budo.com\/nl\/wp-json\/wp\/v2\/types\/page"}],"author":[{"embeddable":true,"href":"https:\/\/japan-budo.com\/nl\/wp-json\/wp\/v2\/users\/1"}],"replies":[{"embeddable":true,"href":"https:\/\/japan-budo.com\/nl\/wp-json\/wp\/v2\/comments?post=95"}],"version-history":[{"count":4,"href":"https:\/\/japan-budo.com\/nl\/wp-json\/wp\/v2\/pages\/95\/revisions"}],"predecessor-version":[{"id":2974,"href":"https:\/\/japan-budo.com\/nl\/wp-json\/wp\/v2\/pages\/95\/revisions\/2974"}],"wp:attachment":[{"href":"https:\/\/japan-budo.com\/nl\/wp-json\/wp\/v2\/media?parent=95"}],"curies":[{"name":"wp","href":"https:\/\/api.w.org\/{rel}","templated":true}]}}