{"id":1594,"date":"2024-04-02T16:23:32","date_gmt":"2024-04-02T14:23:32","guid":{"rendered":"https:\/\/japan-budo.com\/unkategorisiert\/bokken-shoto-japanische-weisse-eiche\/"},"modified":"2026-04-08T11:31:36","modified_gmt":"2026-04-08T09:31:36","slug":"bokken-shoto-japanse-witte-eik","status":"publish","type":"product","link":"https:\/\/japan-budo.com\/nl\/bokken-houten-zwaard-japan-budo-samuraizwaard\/bokken-shoto-japanse-witte-eik\/","title":{"rendered":"Bokken - Shoto japanse witte eik"},"content":{"rendered":"<p>Shoto Bokken van wit eiken met een lengte van ongeveer 54cm.<\/p>\n<p>We kopen deze bokken in bij een van de grootste houtfabrikanten van Japan om een speciale houtkwaliteit te garanderen.<\/p>\n<p>Dit type bokken van wit eikenhout is een van de meest voorkomende. Met een lengte van ongeveer 54 cm weegt hij ongeveer 290 gram (deze informatie is ter ori\u00ebntatie, het gewicht kan 30 gram of meer afwijken). Dit kwaliteitsproduct wordt in Japan gemaakt van wit Japans eiken. Veel betere kwaliteit dan het Chinese eiken dat vaak wordt aangeboden.<\/p>\n<p>De bokken worden geleverd zonder tsuba en tsubadome. Deze kun je in verschillende uitvoeringen vinden in de categorie bokken accessoires.<\/p>\n<p>Dit product komt oorspronkelijk uit Japan. Omdat er volgens de huidige EU-wetgeving binnen de EU een contactpersoon moet zijn voor veiligheidskwesties, bieden we het aan onder ons EU-merk om aan de vereisten te voldoen. Hiertoe wordt het speciaal voor ons in Japan geproduceerd en worden de juiste voorwaarden gecre\u00eberd zodat we het in overeenstemming met de wet op de EU-markt kunnen aanbieden.<br \/>\nEen fabrikant in Duitsland wordt daarom genoemd.<\/p>\n<p>Fabrikant in de zin van de EU-wetgeving: DerShogun, Andara GmbH, Brunnenweg 15, 64331 Weiterstadt, Duitsland, info@andara-gmbh.de<\/p>","protected":false},"excerpt":{"rendered":"<p>Shoto Bokken aus wei\u00dfer Eiche mit ca. 54cm L\u00e4nge. Wir beziehen dieses Bokken von einer der f\u00fchrenden Holzmanufakturen Japans um eine besondere Holzqualit\u00e4t sicherstellen zu k\u00f6nnen. Dieser Bokkentyp aus wei\u00dfe Eiche ist einer der gebr\u00e4uchlichsten. Bei einer L\u00e4nge von ca. 54 cm wiegt er ca. 290g (diese Angabe dient der Orientierung, das Gewicht kann durchaus [&hellip;]<\/p>\n","protected":false},"featured_media":2293,"comment_status":"open","ping_status":"closed","template":"","meta":{"_acf_changed":false},"product_brand":[],"product_cat":[48],"product_tag":[],"class_list":{"0":"post-1594","1":"product","2":"type-product","3":"status-publish","4":"has-post-thumbnail","6":"product_cat-bokken-holzschwert-japan-budo-samurai-schwert","8":"first","9":"onbackorder","10":"taxable","11":"shipping-taxable","12":"purchasable","13":"product-type-simple"},"acf":[],"_links":{"self":[{"href":"https:\/\/japan-budo.com\/nl\/wp-json\/wp\/v2\/product\/1594","targetHints":{"allow":["GET"]}}],"collection":[{"href":"https:\/\/japan-budo.com\/nl\/wp-json\/wp\/v2\/product"}],"about":[{"href":"https:\/\/japan-budo.com\/nl\/wp-json\/wp\/v2\/types\/product"}],"replies":[{"embeddable":true,"href":"https:\/\/japan-budo.com\/nl\/wp-json\/wp\/v2\/comments?post=1594"}],"wp:featuredmedia":[{"embeddable":true,"href":"https:\/\/japan-budo.com\/nl\/wp-json\/wp\/v2\/media\/2293"}],"wp:attachment":[{"href":"https:\/\/japan-budo.com\/nl\/wp-json\/wp\/v2\/media?parent=1594"}],"wp:term":[{"taxonomy":"product_brand","embeddable":true,"href":"https:\/\/japan-budo.com\/nl\/wp-json\/wp\/v2\/product_brand?post=1594"},{"taxonomy":"product_cat","embeddable":true,"href":"https:\/\/japan-budo.com\/nl\/wp-json\/wp\/v2\/product_cat?post=1594"},{"taxonomy":"product_tag","embeddable":true,"href":"https:\/\/japan-budo.com\/nl\/wp-json\/wp\/v2\/product_tag?post=1594"}],"curies":[{"name":"wp","href":"https:\/\/api.w.org\/{rel}","templated":true}]}}