{"id":2122,"date":"2024-04-02T16:54:06","date_gmt":"2024-04-02T14:54:06","guid":{"rendered":"https:\/\/japan-budo.com\/unkategorisiert\/iaido-hadagi-5\/"},"modified":"2026-03-20T11:02:48","modified_gmt":"2026-03-20T10:02:48","slug":"iaido-hadagi","status":"publish","type":"product","link":"https:\/\/japan-budo.com\/nl\/budokleding\/iaido-hadagi\/","title":{"rendered":"Iaido Hadagi"},"content":{"rendered":"<p>Untergi voor Iaidogi. 100% katoen, wit. E\u00e9n prijs voor alle maten!<\/p>\n<p>De comfortabele 100% katoenen stof maakt deze hadagi de perfecte oplossing om onder een normale gi te dragen.<br \/>\nDe dunne stof maakt hem even geschikt voor de zomer als voor de winter.<br \/>\nWit, afwasbaar, vormvast!<\/p>\n<p>Deze aanbieding is een product dat voor ons wordt geproduceerd door een vertrouwde partner in China.<\/p>\n<p>Fabrikant: (Kendo24) Bernd Schwab, Eichbergstra\u00dfe 1, 36160 Dipperz, Duitsland, info@kendo24.de<\/p>","protected":false},"excerpt":{"rendered":"<p>Untergi f\u00fcr Iaidogi. 100% Baumwolle, wei\u00df. Ein Preis f\u00fcr alle Gr\u00f6\u00dfen! Das angenehme Gewebe aus 100% Baumwolle machen diese Hadagi zur perfekten L\u00f6sung zum Tragen unter dem normalen Gi. Durch den d\u00fcnnen Stoff gleicherma\u00dfen geeignet f\u00fcr Sommer und Winter. Wei\u00df, waschbar, formstabil! Bei diesem Angebot handelt es sich um ein Produkt, das ein vertrauensw\u00fcrdiger Partner [&hellip;]<\/p>\n","protected":false},"featured_media":1870,"comment_status":"open","ping_status":"closed","template":"","meta":{"_acf_changed":false},"product_brand":[],"product_cat":[63],"product_tag":[],"class_list":{"0":"post-2122","1":"product","2":"type-product","3":"status-publish","4":"has-post-thumbnail","6":"product_cat-budo-kleidung","8":"first","9":"onbackorder","10":"taxable","11":"shipping-taxable","12":"purchasable","13":"product-type-variable"},"acf":[],"_links":{"self":[{"href":"https:\/\/japan-budo.com\/nl\/wp-json\/wp\/v2\/product\/2122","targetHints":{"allow":["GET"]}}],"collection":[{"href":"https:\/\/japan-budo.com\/nl\/wp-json\/wp\/v2\/product"}],"about":[{"href":"https:\/\/japan-budo.com\/nl\/wp-json\/wp\/v2\/types\/product"}],"replies":[{"embeddable":true,"href":"https:\/\/japan-budo.com\/nl\/wp-json\/wp\/v2\/comments?post=2122"}],"wp:featuredmedia":[{"embeddable":true,"href":"https:\/\/japan-budo.com\/nl\/wp-json\/wp\/v2\/media\/1870"}],"wp:attachment":[{"href":"https:\/\/japan-budo.com\/nl\/wp-json\/wp\/v2\/media?parent=2122"}],"wp:term":[{"taxonomy":"product_brand","embeddable":true,"href":"https:\/\/japan-budo.com\/nl\/wp-json\/wp\/v2\/product_brand?post=2122"},{"taxonomy":"product_cat","embeddable":true,"href":"https:\/\/japan-budo.com\/nl\/wp-json\/wp\/v2\/product_cat?post=2122"},{"taxonomy":"product_tag","embeddable":true,"href":"https:\/\/japan-budo.com\/nl\/wp-json\/wp\/v2\/product_tag?post=2122"}],"curies":[{"name":"wp","href":"https:\/\/api.w.org\/{rel}","templated":true}]}}