{"id":3002,"date":"2024-05-24T12:04:52","date_gmt":"2024-05-24T10:04:52","guid":{"rendered":"https:\/\/japan-budo.com\/unkategorisiert\/fusahimo-kordel-fuer-schwertbeutel\/"},"modified":"2026-03-19T14:13:11","modified_gmt":"2026-03-19T13:13:11","slug":"fusahimo-koord-voor-zwaardentas","status":"publish","type":"product","link":"https:\/\/japan-budo.com\/nl\/katana-accessoires-verzorgingspresentatie\/zwaard-tassen-zwaard-etui-katana-bokken-zwaard\/fusahimo-koord-voor-zwaardentas\/","title":{"rendered":"Fusahimo koord voor zwaardentas"},"content":{"rendered":"<p>Fusahimo koord uit Japan voor zwaardbuidels.<\/p>\n<p>Bij Japanse zwaardetuis van hoge kwaliteit kan de riem worden losgemaakt en vervangen. Dit kleine detail heeft een ongelooflijk effect op de algehele uitstraling van de zwaardbuidel.<\/p>\n<p>Het synthetische vezelmateriaal is robuust en duurzaam. De eindknopen zijn netjes geknoopt en visueel van de hoogste standaard.<\/p>\n<p>De lengte van de riem past bij zwaardzakken voor katana en wakizashi.<\/p>\n<p>Dit product komt oorspronkelijk uit Japan. Omdat er volgens de huidige EU-wetgeving binnen de EU een contactpersoon moet zijn voor veiligheidskwesties, bieden we het aan onder ons EU-merk om aan de vereisten te voldoen. Hiertoe wordt het speciaal voor ons in Japan geproduceerd en worden de juiste voorwaarden gecre\u00eberd zodat we het in overeenstemming met de wet op de EU-markt kunnen aanbieden.<br \/>\nEen fabrikant in Duitsland wordt daarom genoemd.<\/p>\n<p>Fabrikant in de zin van de EU-wetgeving: DerShogun, Andara GmbH, Brunnenweg 15, 64331 Weiterstadt, Duitsland, info@andara-gmbh.de<\/p>","protected":false},"excerpt":{"rendered":"<p>Fusahimo Kordel aus Japan f\u00fcr Schwertbeutel. Das Band kann an hochwertigen, japanischen Schwertbeuteln gel\u00f6st und ausgetauscht werden. Dieses kleine Detail hat eine unglaubliche Auswirkung auf die Gesamtoptik des Schwertbeutels. Das Material aus Kunstfaser ist robust und langlebig. Die Endknoten sind sauber gebunden und optisch auf h\u00f6chstem Niveau. Die L\u00e4nge des Bandes passt f\u00fcr Schwertbeutel f\u00fcr [&hellip;]<\/p>\n","protected":false},"featured_media":3001,"comment_status":"open","ping_status":"closed","template":"","meta":{"_acf_changed":false},"product_brand":[],"product_cat":[54],"product_tag":[92,173,172,116,174,175,165],"class_list":{"0":"post-3002","1":"product","2":"type-product","3":"status-publish","4":"has-post-thumbnail","6":"product_cat-schwerttaschen-schwertbeutel-katana-bokken-schwert","7":"product_tag-aus","8":"product_tag-baendel","9":"product_tag-bendel","10":"product_tag-japan","11":"product_tag-japanische","12":"product_tag-japanischer","13":"product_tag-schwerttasche","14":"product_shipping_class-debrief145","16":"first","17":"onbackorder","18":"taxable","19":"shipping-taxable","20":"purchasable","21":"product-type-variable"},"acf":[],"_links":{"self":[{"href":"https:\/\/japan-budo.com\/nl\/wp-json\/wp\/v2\/product\/3002","targetHints":{"allow":["GET"]}}],"collection":[{"href":"https:\/\/japan-budo.com\/nl\/wp-json\/wp\/v2\/product"}],"about":[{"href":"https:\/\/japan-budo.com\/nl\/wp-json\/wp\/v2\/types\/product"}],"replies":[{"embeddable":true,"href":"https:\/\/japan-budo.com\/nl\/wp-json\/wp\/v2\/comments?post=3002"}],"wp:featuredmedia":[{"embeddable":true,"href":"https:\/\/japan-budo.com\/nl\/wp-json\/wp\/v2\/media\/3001"}],"wp:attachment":[{"href":"https:\/\/japan-budo.com\/nl\/wp-json\/wp\/v2\/media?parent=3002"}],"wp:term":[{"taxonomy":"product_brand","embeddable":true,"href":"https:\/\/japan-budo.com\/nl\/wp-json\/wp\/v2\/product_brand?post=3002"},{"taxonomy":"product_cat","embeddable":true,"href":"https:\/\/japan-budo.com\/nl\/wp-json\/wp\/v2\/product_cat?post=3002"},{"taxonomy":"product_tag","embeddable":true,"href":"https:\/\/japan-budo.com\/nl\/wp-json\/wp\/v2\/product_tag?post=3002"}],"curies":[{"name":"wp","href":"https:\/\/api.w.org\/{rel}","templated":true}]}}