{"id":3361,"date":"2024-09-30T16:09:01","date_gmt":"2024-09-30T14:09:01","guid":{"rendered":"https:\/\/japan-budo.com\/unkategorisiert\/kamelien-pflegeoel-aus-japan-fuer-bokken-und-andere-holzwaffen\/"},"modified":"2025-11-07T08:56:07","modified_gmt":"2025-11-07T07:56:07","slug":"camelia-verzorgingsolie-uit-japan-voor-bokken-en-andere-houten-wapens","status":"publish","type":"product","link":"https:\/\/japan-budo.com\/nl\/bokken-houten-zwaard-japan-budo-samuraizwaard\/camelia-verzorgingsolie-uit-japan-voor-bokken-en-andere-houten-wapens\/","title":{"rendered":"Camellia verzorgingsolie uit Japan voor bokken en andere houten wapens"},"content":{"rendered":"<p><b>Productkenmerken:<\/b><br \/>\n- Cameliaolie voor houtverzorging<br \/>\n- Gemaakt in Japan<br \/>\n- Ideaal voor de verzorging van houten wapens<br \/>\n- Zeer zuinig<br \/>\n- Verlengt de levensduur van hout<\/p>\n<p><b>Productbeschrijving:<\/b><br \/>\nHoutverzorgingsolie uit Japan. Cameliaolie wordt daar al eeuwenlang gebruikt om hout te beschermen.<\/p>\n<p>Perfect geschikt voor de verzorging van houten wapens voor de Japanse vechtsport. Het flesje bevat 50ml. Omdat de olie zeer zuinig is, is de hoeveelheid voldoende voor maximaal 30 verzorgingstoepassingen.<\/p>\n<p>Met de juiste zorg kan de duurzaamheid en weerstand van hout aanzienlijk worden verhoogd.<\/p>\n<p>Dit product komt oorspronkelijk uit Japan. Omdat er volgens de huidige EU-wetgeving binnen de EU een contactpersoon moet zijn voor veiligheidskwesties, bieden we het aan onder ons EU-merk om aan de vereisten te voldoen. Hiertoe wordt het speciaal voor ons in Japan geproduceerd en worden de juiste voorwaarden gecre\u00eberd zodat we het in overeenstemming met de wet op de EU-markt kunnen aanbieden.<br \/>\nEen fabrikant in Duitsland wordt daarom genoemd.<\/p>\n<p>Fabrikant in de zin van de EU-wetgeving: DerShogun, Andara GmbH, Brunnenweg 15, 64331 Weiterstadt, Duitsland, info@andara-gmbh.de<\/p>","protected":false},"excerpt":{"rendered":"<p>Produktmerkmale: &#8211; Kamelien\u00f6l f\u00fcr Holzpflege &#8211; Hergestellt in Japan &#8211; Optimal f\u00fcr die Pflege von Holzwaffen &#8211; Sehr ergiebig &#8211; Verl\u00e4ngert die Lebensdauer von Holz Produktbeschreibung: Holzpflege\u00f6l aus Japan. Kamelien\u00f6l wird dort seit Jahrhunderten f\u00fcr den Schutz von Holz eingesetzt. Perfekt geeignet f\u00fcr die Pflege von Holzwaffen f\u00fcr japanische Kampfkunst. Die Flasche enth\u00e4lt 50ml. Da [&hellip;]<\/p>\n","protected":false},"featured_media":3360,"comment_status":"open","ping_status":"closed","template":"","meta":{"_acf_changed":false},"product_brand":[],"product_cat":[48],"product_tag":[198,116,122,123,199],"class_list":{"0":"post-3361","1":"product","2":"type-product","3":"status-publish","4":"has-post-thumbnail","6":"product_cat-bokken-holzschwert-japan-budo-samurai-schwert","7":"product_tag-holzpflege","8":"product_tag-japan","9":"product_tag-oel","10":"product_tag-pflege","11":"product_tag-tsubaki-yu","12":"product_shipping_class-debrief145","14":"first","15":"outofstock","16":"taxable","17":"shipping-taxable","18":"purchasable","19":"product-type-simple"},"acf":[],"_links":{"self":[{"href":"https:\/\/japan-budo.com\/nl\/wp-json\/wp\/v2\/product\/3361","targetHints":{"allow":["GET"]}}],"collection":[{"href":"https:\/\/japan-budo.com\/nl\/wp-json\/wp\/v2\/product"}],"about":[{"href":"https:\/\/japan-budo.com\/nl\/wp-json\/wp\/v2\/types\/product"}],"replies":[{"embeddable":true,"href":"https:\/\/japan-budo.com\/nl\/wp-json\/wp\/v2\/comments?post=3361"}],"wp:featuredmedia":[{"embeddable":true,"href":"https:\/\/japan-budo.com\/nl\/wp-json\/wp\/v2\/media\/3360"}],"wp:attachment":[{"href":"https:\/\/japan-budo.com\/nl\/wp-json\/wp\/v2\/media?parent=3361"}],"wp:term":[{"taxonomy":"product_brand","embeddable":true,"href":"https:\/\/japan-budo.com\/nl\/wp-json\/wp\/v2\/product_brand?post=3361"},{"taxonomy":"product_cat","embeddable":true,"href":"https:\/\/japan-budo.com\/nl\/wp-json\/wp\/v2\/product_cat?post=3361"},{"taxonomy":"product_tag","embeddable":true,"href":"https:\/\/japan-budo.com\/nl\/wp-json\/wp\/v2\/product_tag?post=3361"}],"curies":[{"name":"wp","href":"https:\/\/api.w.org\/{rel}","templated":true}]}}