{"id":4675,"date":"2025-03-19T11:36:14","date_gmt":"2025-03-19T10:36:14","guid":{"rendered":"https:\/\/japan-budo.com\/unkategorisiert\/akagashi-bokken-kenmine-aus-japan-mit-hohlkehle\/"},"modified":"2026-01-26T08:33:19","modified_gmt":"2026-01-26T07:33:19","slug":"akagashi-bokken-kenmine-uit-japan-met-holle-groef","status":"publish","type":"product","link":"https:\/\/japan-budo.com\/nl\/bokken-houten-zwaard-japan-budo-samuraizwaard\/akagashi-bokken-kenmine-uit-japan-met-holle-groef\/","title":{"rendered":"Akagashi Bokken Kenmine uit Japan met holle groef"},"content":{"rendered":"<p><b>Productkenmerken:<\/b><br \/>\n- Eik van hoge kwaliteit uit Hokkaido<br \/>\n- Rode eik (Akagashi)<br \/>\n- Zeer robuust<br \/>\n- Met groef voor tachikaze<br \/>\n- Lengte: 101,5 cm, gewicht ca. 460 gram<\/p>\n<p><b>Productbeschrijving:<\/b><br \/>\nJapanse bokken van rood eiken met extra groef.<\/p>\n<p>Deze exclusieve Akagashi bokken zijn gemaakt door toonaangevende vakmensen in Japan en bieden een speciale trainingservaring.<br \/>\nDankzij de gegoten groef biedt het trainingszwaard een tachikaze, vergelijkbaar met een zwaard met een metalen blad.<\/p>\n<p>Lengte 101,5 cm met een gewicht van ongeveer 460 gram.<\/p>\n<p>Deze bokuto heeft een ruggengraat, waardoor bij gebruik met tsuba en plastic saya aanpassing van deze elementen nodig kan zijn.<\/p>\n<p>Dit product komt oorspronkelijk uit Japan. Omdat er volgens de huidige EU-wetgeving binnen de EU een contactpersoon moet zijn voor veiligheidskwesties, bieden we het aan onder ons EU-merk om aan de vereisten te voldoen. Hiertoe wordt het speciaal voor ons in Japan geproduceerd en worden de juiste voorwaarden gecre\u00eberd zodat we het in overeenstemming met de wet op de EU-markt kunnen aanbieden.<br \/>\nEen fabrikant in Duitsland wordt daarom genoemd.<\/p>\n<p>Fabrikant in de zin van de EU-wetgeving: DerShogun, Andara GmbH, Brunnenweg 15, 64331 Weiterstadt, Duitsland, info@andara-gmbh.de<\/p>","protected":false},"excerpt":{"rendered":"<p>Produktmerkmale: &#8211; Hochwertige Hokkaido Eiche &#8211; Roteiche (Akagashi) &#8211; Sehr robust &#8211; Mit Hohlkehle f\u00fcr Tachikaze &#8211; L\u00e4nge: 101.5 cm, Gewicht ca. 460 Gramm Produktbeschreibung: Japanisches Bokken aus roter Eiche mit zus\u00e4tzlicher Hohlkehle. Hergestellt von f\u00fchrenden Handwerkern in Japan liefert dieses exklusive Bokken aus Akagashi ein besonderes Trainingserlebnis. Durch die eingearbeitete Hohlkehle bietet das Trainingsschwert [&hellip;]<\/p>\n","protected":false},"featured_media":4674,"comment_status":"open","ping_status":"closed","template":"","meta":{"_acf_changed":false},"product_brand":[],"product_cat":[48],"product_tag":[231,232,233,212],"class_list":{"0":"post-4675","1":"product","2":"type-product","3":"status-publish","4":"has-post-thumbnail","6":"product_cat-bokken-holzschwert-japan-budo-samurai-schwert","7":"product_tag-holzschwert","8":"product_tag-kendo","9":"product_tag-kenjutsu","10":"product_tag-trainingsschwert","11":"product_shipping_class-debrief145","13":"first","14":"instock","15":"taxable","16":"shipping-taxable","17":"purchasable","18":"product-type-simple"},"acf":[],"_links":{"self":[{"href":"https:\/\/japan-budo.com\/nl\/wp-json\/wp\/v2\/product\/4675","targetHints":{"allow":["GET"]}}],"collection":[{"href":"https:\/\/japan-budo.com\/nl\/wp-json\/wp\/v2\/product"}],"about":[{"href":"https:\/\/japan-budo.com\/nl\/wp-json\/wp\/v2\/types\/product"}],"replies":[{"embeddable":true,"href":"https:\/\/japan-budo.com\/nl\/wp-json\/wp\/v2\/comments?post=4675"}],"wp:featuredmedia":[{"embeddable":true,"href":"https:\/\/japan-budo.com\/nl\/wp-json\/wp\/v2\/media\/4674"}],"wp:attachment":[{"href":"https:\/\/japan-budo.com\/nl\/wp-json\/wp\/v2\/media?parent=4675"}],"wp:term":[{"taxonomy":"product_brand","embeddable":true,"href":"https:\/\/japan-budo.com\/nl\/wp-json\/wp\/v2\/product_brand?post=4675"},{"taxonomy":"product_cat","embeddable":true,"href":"https:\/\/japan-budo.com\/nl\/wp-json\/wp\/v2\/product_cat?post=4675"},{"taxonomy":"product_tag","embeddable":true,"href":"https:\/\/japan-budo.com\/nl\/wp-json\/wp\/v2\/product_tag?post=4675"}],"curies":[{"name":"wp","href":"https:\/\/api.w.org\/{rel}","templated":true}]}}