{"id":4680,"date":"2025-03-19T11:36:19","date_gmt":"2025-03-19T10:36:19","guid":{"rendered":"https:\/\/japan-budo.com\/unkategorisiert\/suburi-bokken-aus-japan-mit-mehr-als-800g-gewicht\/"},"modified":"2025-12-12T21:27:44","modified_gmt":"2025-12-12T20:27:44","slug":"suburi-bokken-uit-japan-met-een-gewicht-van-meer-dan-800g","status":"publish","type":"product","link":"https:\/\/japan-budo.com\/nl\/bokken-houten-zwaard-japan-budo-samuraizwaard\/suburi-bokken-uit-japan-met-een-gewicht-van-meer-dan-800g\/","title":{"rendered":"Suburi Bokken uit Japan met een gewicht van meer dan 800g"},"content":{"rendered":"<p><b>Productkenmerken:<\/b><br \/>- Speciaal trainingszwaard ook bekend als Suburito<br \/>- Met hoog gewicht<br \/>- Voor versterkende oefeningen<br \/>- Gewicht meer dan 800 gram<br \/>- Lengte 106cm<\/p>\n<p><b>Productbeschrijving:<\/b><br \/>Extra zware bokken uit Japan voor versterkende oefeningen.<\/p>\n<p>Dit type trainingszwaard (Suburi Bokken of Suburito genoemd) is massiever dan normale Bokken en is speciaal ontworpen voor versterkende oefeningen. De bokken weegt ongeveer 870 gram en heeft een totale lengte van 106 cm.<\/p>\n<p>Het is een hoogwaardig product gemaakt van rode eik uit de bossen van Hokkaido. Ideaal voor opbouwtraining.<\/p>\n<p>Dit product komt oorspronkelijk uit Japan. Omdat er volgens de huidige EU-wetgeving binnen de EU een contactpersoon moet zijn voor veiligheidskwesties, bieden we het aan onder ons EU-merk om aan de vereisten te voldoen. Hiertoe wordt het speciaal voor ons in Japan geproduceerd en worden de juiste voorwaarden gecre\u00eberd zodat we het in overeenstemming met de wet op de EU-markt kunnen aanbieden.<br \/>\nEen fabrikant in Duitsland wordt daarom genoemd.<\/p>\n<p>Fabrikant in de zin van de EU-wetgeving: DerShogun, Andara GmbH, Brunnenweg 15, 64331 Weiterstadt, Duitsland, info@andara-gmbh.de<\/p>","protected":false},"excerpt":{"rendered":"<p>Produktmerkmale:&#8211; Spezielles Trainingsschwert auch bekannt als Suburito&#8211; Mit hohem Gewicht&#8211; F\u00fcr Kr\u00e4ftigungs\u00fcbungen&#8211; Gewicht \u00fcber 800 Gramm&#8211; L\u00e4nge 106cm Produktbeschreibung:Extra schweres Bokken aus Japan f\u00fcr Kr\u00e4ftigungs\u00fcbungen. Diese Art des Trainingsschwertes (Suburi Bokken oder Suburito genannt) ist massiver als normale Bokken und extra f\u00fcr Kr\u00e4ftigungs\u00fcbungen gedacht. Das Bokken hat ein Gewicht von ca. 870 Gramm bei einer [&hellip;]<\/p>\n","protected":false},"featured_media":4679,"comment_status":"open","ping_status":"closed","template":"","meta":{"_acf_changed":false},"product_brand":[],"product_cat":[48],"product_tag":[231,232,233,212],"class_list":{"0":"post-4680","1":"product","2":"type-product","3":"status-publish","4":"has-post-thumbnail","6":"product_cat-bokken-holzschwert-japan-budo-samurai-schwert","7":"product_tag-holzschwert","8":"product_tag-kendo","9":"product_tag-kenjutsu","10":"product_tag-trainingsschwert","11":"product_shipping_class-debrief145","13":"first","14":"onbackorder","15":"taxable","16":"shipping-taxable","17":"purchasable","18":"product-type-simple"},"acf":[],"_links":{"self":[{"href":"https:\/\/japan-budo.com\/nl\/wp-json\/wp\/v2\/product\/4680","targetHints":{"allow":["GET"]}}],"collection":[{"href":"https:\/\/japan-budo.com\/nl\/wp-json\/wp\/v2\/product"}],"about":[{"href":"https:\/\/japan-budo.com\/nl\/wp-json\/wp\/v2\/types\/product"}],"replies":[{"embeddable":true,"href":"https:\/\/japan-budo.com\/nl\/wp-json\/wp\/v2\/comments?post=4680"}],"wp:featuredmedia":[{"embeddable":true,"href":"https:\/\/japan-budo.com\/nl\/wp-json\/wp\/v2\/media\/4679"}],"wp:attachment":[{"href":"https:\/\/japan-budo.com\/nl\/wp-json\/wp\/v2\/media?parent=4680"}],"wp:term":[{"taxonomy":"product_brand","embeddable":true,"href":"https:\/\/japan-budo.com\/nl\/wp-json\/wp\/v2\/product_brand?post=4680"},{"taxonomy":"product_cat","embeddable":true,"href":"https:\/\/japan-budo.com\/nl\/wp-json\/wp\/v2\/product_cat?post=4680"},{"taxonomy":"product_tag","embeddable":true,"href":"https:\/\/japan-budo.com\/nl\/wp-json\/wp\/v2\/product_tag?post=4680"}],"curies":[{"name":"wp","href":"https:\/\/api.w.org\/{rel}","templated":true}]}}