{"id":5023,"date":"2025-06-02T19:50:03","date_gmt":"2025-06-02T17:50:03","guid":{"rendered":"https:\/\/japan-budo.com\/?post_type=product&#038;p=5023"},"modified":"2025-07-09T13:59:14","modified_gmt":"2025-07-09T11:59:14","slug":"nihonto-voor-budo-door-kanehiro-kaneyasu-nagasa-74-4cm-2-46-shaku-bizen-fukuoka-ichimonji","status":"publish","type":"product","link":"https:\/\/japan-budo.com\/nl\/nihonto-gendaito-shinken-iai-tameshigiri\/nihonto-voor-budo-door-kanehiro-kaneyasu-nagasa-74-4cm-2-46-shaku-bizen-fukuoka-ichimonji\/","title":{"rendered":"Nihonto voor Budo door Kanehiro (Kaneyasu) - Nagasa 74.4cm - 2.46 Shaku - Bizen Fukuoka Ichimonji stijl"},"content":{"rendered":"<p>Nihonto - Kanehiro (ook Kaneyasu als de lezing verschilt)<\/p>\n<p>Katana Mei (handtekening):<br \/>\nOmote pagina: \u6b66\u58eb\u9053\u80a5\u5f8c\u56fd\u516b\u4ee3\u4f4f\u8d64\u677e\u592a\u90ce\u517c\u88d5\u4f5c (Een werk van Akamatsu Taro Kanehiro uit Yatsushiro, provincie Higo - in de geest van Bushido)<br \/>\nUra-kant:<br \/>\n\u4ee5\u81ea\u5bb6\u88fd\u9244\u935b\u4e4b (Gesmeed met zelf geproduceerd staal)<br \/>\n\u4ee4\u548c\u5143\u5e74\u4e5d\u6708\u5409\u65e5 (Op een gunstige dag in september Reiwa 1 (2019))<\/p>\n<p>Informatie over de smid:<br \/>\nNaam: Akamatsu Taro Kanehiro<br \/>\nEchte naam: Kimura Kaoru<\/p>\n<p>Akamatsu Taro Kanehiro is geboren op 4 februari 1961. Hij is de zoon en leerling van Kimura Kaneshige, een bekende zwaardsmid. Hij smeden in de stad Yatsushiro, Kumamoto Prefectuur, Kyushu Island.<\/p>\n<p>De Akamatsu Taro familie maakt al tien generaties lang zwaarden in Yatsushiro en waren de hofsmeden van de Sagara daimyo. De familie staat er onder andere om bekend dat ze hun eigen tamahagane produceren uit lokaal rivierzand voor de productie van zwaarden, zodat ze volledige controle hebben over het materiaal en het kunnen smeden volgens hun eigen specialiteiten.<\/p>\n<p>Kanehiro staat vooral bekend om zijn reproducties van historische klingen. Deze manier van werken staat hoog aangeschreven, omdat het gaat om het bespreken, begrijpen en toepassen van oude smidstechnieken en over het algemeen een eerbetoon is aan de eeuwenoude smidstraditie in Japan.<\/p>\n<p>Akamatsu Taro Kanehiro heeft veel prijzen ontvangen voor zijn uitzonderlijke werk en is een gerespecteerd smid.<\/p>\n<p>Informatie over het blad:<br \/>\nNagasa (bladlengte): 74,4 cm<br \/>\nSori (kromming van het blad): 2,0 cm<br \/>\nMotohaba: 33,5 mm<br \/>\nMotokasaan: 7,0 mm<br \/>\nSakihaba: 23,6 mm<br \/>\nSakikasane: 4,5 mm<br \/>\nGewicht zonder saya: 954 g<\/p>\n<p>Het lemmet is gesmeed in 2019.<\/p>\n<p>Het lemmet is gemaakt in de stijl van de Bizen Fukuoka Ichimonji school als eerbetoon aan de smidkunst van de Kamakura periode. Het is breed aan de basis en nog steeds breed naar de punt toe, waardoor het een zeer krachtige vorm heeft. Het is ook erg scherp en kan goed snijden, waar Akamatsu Taro Kanehiro messen over het algemeen bekend om staan.<\/p>\n<p>Blad en vatting hebben een uitstekende uitstraling. We zijn blij dat we deze prachtige Nihonto met afmetingen voor Europese normen voor een goede prijs kunnen aanbieden.<\/p>\n<p>Dit zwaard bevindt zich momenteel nog in Japan. Wij nemen de volledige afhandeling op ons (alle bijbehorende kosten zijn al inbegrepen in de aangeboden prijs).<\/p>","protected":false},"excerpt":{"rendered":"<p>Nihonto \u2013 Kanehiro (bei abweichende Leseart auch Kaneyasu) Katana Mei (Signatur): Omote-Seite: \u6b66\u58eb\u9053\u80a5\u5f8c\u56fd\u516b\u4ee3\u4f4f\u8d64\u677e\u592a\u90ce\u517c\u88d5\u4f5c (Ein Werk von Akamatsu Taro Kanehiro aus Yatsushiro, Provinz Higo \u2013 im Geist des Bushido) Ura-Seite: \u4ee5\u81ea\u5bb6\u88fd\u9244\u935b\u4e4b (Geschmiedet mit eigen hergestelltem Stahl) \u4ee4\u548c\u5143\u5e74\u4e5d\u6708\u5409\u65e5 (An einem gl\u00fcckverhei\u00dfenden Tag im September Reiwa 1 (2019)) Informationen \u00fcber den Schmied: Name: Akamatsu Taro Kanehiro B\u00fcrgerlicher Name: [&hellip;]<\/p>\n","protected":false},"featured_media":5024,"comment_status":"open","ping_status":"closed","template":"","meta":{"_acf_changed":false},"product_brand":[],"product_cat":[218],"product_tag":[],"class_list":{"0":"post-5023","1":"product","2":"type-product","3":"status-publish","4":"has-post-thumbnail","6":"product_cat-nihonto-gendaito-shinken-iai-tameshigiri","8":"first","9":"instock","10":"taxable","11":"shipping-taxable","12":"product-type-external"},"acf":[],"_links":{"self":[{"href":"https:\/\/japan-budo.com\/nl\/wp-json\/wp\/v2\/product\/5023","targetHints":{"allow":["GET"]}}],"collection":[{"href":"https:\/\/japan-budo.com\/nl\/wp-json\/wp\/v2\/product"}],"about":[{"href":"https:\/\/japan-budo.com\/nl\/wp-json\/wp\/v2\/types\/product"}],"replies":[{"embeddable":true,"href":"https:\/\/japan-budo.com\/nl\/wp-json\/wp\/v2\/comments?post=5023"}],"wp:featuredmedia":[{"embeddable":true,"href":"https:\/\/japan-budo.com\/nl\/wp-json\/wp\/v2\/media\/5024"}],"wp:attachment":[{"href":"https:\/\/japan-budo.com\/nl\/wp-json\/wp\/v2\/media?parent=5023"}],"wp:term":[{"taxonomy":"product_brand","embeddable":true,"href":"https:\/\/japan-budo.com\/nl\/wp-json\/wp\/v2\/product_brand?post=5023"},{"taxonomy":"product_cat","embeddable":true,"href":"https:\/\/japan-budo.com\/nl\/wp-json\/wp\/v2\/product_cat?post=5023"},{"taxonomy":"product_tag","embeddable":true,"href":"https:\/\/japan-budo.com\/nl\/wp-json\/wp\/v2\/product_tag?post=5023"}],"curies":[{"name":"wp","href":"https:\/\/api.w.org\/{rel}","templated":true}]}}