{"id":5056,"date":"2025-06-03T09:30:16","date_gmt":"2025-06-03T07:30:16","guid":{"rendered":"https:\/\/japan-budo.com\/?post_type=product&#038;p=5056"},"modified":"2026-01-13T12:39:57","modified_gmt":"2026-01-13T11:39:57","slug":"katana-nihonto-door-kuniyoshi-nagasa-70-4cm-2-32-shaku-in-de-stijl-van-awataguchi-kuniyoshi","status":"publish","type":"product","link":"https:\/\/japan-budo.com\/nl\/nihonto-gendaito-shinken-iai-tameshigiri\/katana-nihonto-door-kuniyoshi-nagasa-70-4cm-2-32-shaku-in-de-stijl-van-awataguchi-kuniyoshi\/","title":{"rendered":"Katana Nihonto van Kuniyoshi - Nagasa 70.4cm - 2.32 Shaku - In de stijl van Awataguchi Kuniyoshi"},"content":{"rendered":"<p>Nihonto - Kuniyoshi<\/p>\n<p>Katana Mei (handtekening):<br \/>\nOmote kant: \u56fd\u5409\u4f5c (Gemaakt door Kuniyoshi)<br \/>\nUra pagina: \u662d\u548c\u4e94\u5341\u56db\u5e74\u4e94\u6708\u65e5 (In mei Showa 54 (1979))<\/p>\n<p>Informatie over de smid:<br \/>\nNaam: Futakami Kuniyoshi<br \/>\nEchte naam: Futakami Hisashi<\/p>\n<p>Meester Kuniyoshi werd geboren in het jaar Sh\u014dwa 3 (1928). Hij was de zoon van meestersmid Shuro Yoshinobu en woonde in de prefectuur Aomori.<br \/>\nDe smid was lid van de bekende All Japan Swordsmith Association (AJSA) en zijn werk werd vele malen ge\u00eberd.<\/p>\n<p>Informatie over het blad:<br \/>\nNagasa (bladlengte): 70,4 cm<br \/>\nSori (kromming van het blad): 2,1 cm<br \/>\nMotohaba: 31,6 mm<br \/>\nMotokasane: 7,6 mm<br \/>\nSakihaba: 21,2 mm<br \/>\nSakikasane: 3,16 mm<br \/>\nGewicht zonder saya: 926 g<\/p>\n<p>De kling werd gesmeed in 1979.<\/p>\n<p>Dit zwaard is een meesterlijke replica van een zwaard van Awataguchi Kuniyoshi uit de Kamakura periode. De elegante vorm toont het typische silhouet van Awataguchi, met een duidelijk verschil tussen de breedte aan de basis en aan de punt van de kling. De stalen structuur (Jigane) is gemaakt van fijn gedessineerd Ko-itame-Hada, zorgvuldig gesmeed, wat de hoge kwaliteit van Awataguchi-staal op authentieke wijze weerspiegelt.<br \/>\nDe hamon (verhardingslijn) vertoont een recht patroon met nioi (fijne verhardingslijn) en nie (kristallijne insluitsels), in de stijl van Awataguchi Kuniyoshi. Het is diep verbrand en toont actieve elementen binnen de verhardingslijn (hataraki), inclusief ashi (hardere gebieden die uitsteken in de zachte zone).<br \/>\nDe smaak is uitstekend.<\/p>\n<p>Dit zwaard bevindt zich momenteel nog in Japan. Wij nemen de volledige afhandeling op ons (alle bijbehorende kosten zijn al inbegrepen in de aangeboden prijs).<\/p>","protected":false},"excerpt":{"rendered":"<p>Nihonto \u2013 Kuniyoshi Katana Mei (Signatur): Omote-Seite: \u56fd\u5409\u4f5c (Gefertigt von Kuniyoshi) Ura-Seite: \u662d\u548c\u4e94\u5341\u56db\u5e74\u4e94\u6708\u65e5 (Im Mai Showa 54 (1979)) Informationen \u00fcber den Schmied: Name: Futakami Kuniyoshi B\u00fcrgerlicher Name: Futakami Hisashi Meister Kuniyoshi wurde im Jahr Sh\u014dwa 3 (1928) geboren. Er warder Sohn des Meisterschmieds Shuro Yoshinobu und lebte in der Pr\u00e4fektur Aomori. Der Schmied war ein [&hellip;]<\/p>\n","protected":false},"featured_media":5057,"comment_status":"open","ping_status":"closed","template":"","meta":{"_acf_changed":false},"product_brand":[],"product_cat":[218],"product_tag":[],"class_list":{"0":"post-5056","1":"product","2":"type-product","3":"status-publish","4":"has-post-thumbnail","6":"product_cat-nihonto-gendaito-shinken-iai-tameshigiri","8":"first","9":"instock","10":"taxable","11":"shipping-taxable","12":"product-type-external"},"acf":[],"_links":{"self":[{"href":"https:\/\/japan-budo.com\/nl\/wp-json\/wp\/v2\/product\/5056","targetHints":{"allow":["GET"]}}],"collection":[{"href":"https:\/\/japan-budo.com\/nl\/wp-json\/wp\/v2\/product"}],"about":[{"href":"https:\/\/japan-budo.com\/nl\/wp-json\/wp\/v2\/types\/product"}],"replies":[{"embeddable":true,"href":"https:\/\/japan-budo.com\/nl\/wp-json\/wp\/v2\/comments?post=5056"}],"wp:featuredmedia":[{"embeddable":true,"href":"https:\/\/japan-budo.com\/nl\/wp-json\/wp\/v2\/media\/5057"}],"wp:attachment":[{"href":"https:\/\/japan-budo.com\/nl\/wp-json\/wp\/v2\/media?parent=5056"}],"wp:term":[{"taxonomy":"product_brand","embeddable":true,"href":"https:\/\/japan-budo.com\/nl\/wp-json\/wp\/v2\/product_brand?post=5056"},{"taxonomy":"product_cat","embeddable":true,"href":"https:\/\/japan-budo.com\/nl\/wp-json\/wp\/v2\/product_cat?post=5056"},{"taxonomy":"product_tag","embeddable":true,"href":"https:\/\/japan-budo.com\/nl\/wp-json\/wp\/v2\/product_tag?post=5056"}],"curies":[{"name":"wp","href":"https:\/\/api.w.org\/{rel}","templated":true}]}}