{"id":5315,"date":"2025-06-30T14:09:33","date_gmt":"2025-06-30T12:09:33","guid":{"rendered":"https:\/\/japan-budo.com\/unkategorisiert\/bokken-tsuba-fuer-shoto\/"},"modified":"2026-01-05T15:15:25","modified_gmt":"2026-01-05T14:15:25","slug":"bokken-tsuba-voor-shoto","status":"publish","type":"product","link":"https:\/\/japan-budo.com\/nl\/bokken-houten-zwaard-japan-budo-samuraizwaard\/bokken-tsuba-voor-shoto\/","title":{"rendered":"Bokken Tsuba voor Shoto"},"content":{"rendered":"<p>Kunststof tsuba met tsuba-koepel. De handbeschermer voor houten trainingszwaarden, die bekend staan onder de Japanse termen bokken en bokuto.<\/p>\n<p>Deze is bedoeld voor korte zwaarden (Shoto). De buitenafmetingen zijn ongeveer 7,8 cm x 7,2 cm, de uitsparing in het midden is geschikt voor normale standaard shoto bokuto uit Japan. Het kan echter ook later worden aangepast als dat nodig is.<\/p>\n<p>Dit product komt oorspronkelijk uit Japan. Omdat er volgens de huidige EU-wetgeving binnen de EU een contactpersoon moet zijn voor veiligheidskwesties, bieden we het aan onder ons EU-merk om aan de vereisten te voldoen. Hiertoe wordt het speciaal voor ons in Japan geproduceerd en worden de juiste voorwaarden gecre\u00eberd zodat we het in overeenstemming met de wet op de EU-markt kunnen aanbieden.<br \/>Een fabrikant in Duitsland wordt daarom genoemd.<\/p>\n<p>Fabrikant in de zin van de EU-wetgeving: DerShogun, Andara GmbH, Brunnenweg 15, 64331 Weiterstadt, Duitsland, info@andara-gmbh.de<\/p>","protected":false},"excerpt":{"rendered":"<p>Kunststoff Tsuba mit Tsuba Dome. Der Handschutz f\u00fcr Trainingsschwerter aus Holz, die unter den japanischen Begriffen Bokken und Bokuto bekannt sind. Dieses Exemplar ist f\u00fcr Kurzschwerter (Shoto) gedacht. Die Au\u00dfenma\u00dfe betragen ca. 7,8 cm x 7,2 cm, der Ausschnitt in der Mitte ist passend f\u00fcr normale Standard-Shoto-Bokuto aus Japan. Er kann bei Bedarf aber auch [&hellip;]<\/p>\n","protected":false},"featured_media":5314,"comment_status":"open","ping_status":"closed","template":"","meta":{"_acf_changed":false},"product_brand":[],"product_cat":[48],"product_tag":[219,254,255],"class_list":{"0":"post-5315","1":"product","2":"type-product","3":"status-publish","4":"has-post-thumbnail","6":"product_cat-bokken-holzschwert-japan-budo-samurai-schwert","7":"product_tag-bokuto","8":"product_tag-kurzschwert","9":"product_tag-stichblatt","10":"product_shipping_class-debrief145","12":"first","13":"instock","14":"taxable","15":"shipping-taxable","16":"purchasable","17":"product-type-simple"},"acf":[],"_links":{"self":[{"href":"https:\/\/japan-budo.com\/nl\/wp-json\/wp\/v2\/product\/5315","targetHints":{"allow":["GET"]}}],"collection":[{"href":"https:\/\/japan-budo.com\/nl\/wp-json\/wp\/v2\/product"}],"about":[{"href":"https:\/\/japan-budo.com\/nl\/wp-json\/wp\/v2\/types\/product"}],"replies":[{"embeddable":true,"href":"https:\/\/japan-budo.com\/nl\/wp-json\/wp\/v2\/comments?post=5315"}],"wp:featuredmedia":[{"embeddable":true,"href":"https:\/\/japan-budo.com\/nl\/wp-json\/wp\/v2\/media\/5314"}],"wp:attachment":[{"href":"https:\/\/japan-budo.com\/nl\/wp-json\/wp\/v2\/media?parent=5315"}],"wp:term":[{"taxonomy":"product_brand","embeddable":true,"href":"https:\/\/japan-budo.com\/nl\/wp-json\/wp\/v2\/product_brand?post=5315"},{"taxonomy":"product_cat","embeddable":true,"href":"https:\/\/japan-budo.com\/nl\/wp-json\/wp\/v2\/product_cat?post=5315"},{"taxonomy":"product_tag","embeddable":true,"href":"https:\/\/japan-budo.com\/nl\/wp-json\/wp\/v2\/product_tag?post=5315"}],"curies":[{"name":"wp","href":"https:\/\/api.w.org\/{rel}","templated":true}]}}