{"id":5479,"date":"2025-08-13T21:44:51","date_gmt":"2025-08-13T19:44:51","guid":{"rendered":"https:\/\/japan-budo.com\/?post_type=product&#038;p=5479"},"modified":"2026-02-02T20:23:35","modified_gmt":"2026-02-02T19:23:35","slug":"echte-katana-uit-japan-door-kanefusa-25-generation-nagasa-73-3cm-2-42-shaku","status":"publish","type":"product","link":"https:\/\/japan-budo.com\/nl\/nihonto-gendaito-shinken-iai-tameshigiri\/echte-katana-uit-japan-door-kanefusa-25-generation-nagasa-73-3cm-2-42-shaku\/","title":{"rendered":"Echte Katana uit Japan door Kanefusa (25e generatie) - Nagasa 73.3cm - 2.42 Shaku"},"content":{"rendered":"<p>Nihonto - Kanefusa (25e generatie)<\/p>\n<p>Katana Mei (handtekening):<br \/>\nOmote kant: \u85e4\u539f\u517c\u623f\u4f5c (Gemaakt door Fujiwara Kanefusa)<br \/>\nUra zijde: \u662d\u548c\u4e59\u4e11\u5e74\u5409\u65e5 (Op een gunstige dag in het jaar Sh\u014dwa 60 (1985))<\/p>\n<p>Informatie over de smid:<br \/>\nNaam: Kanefusa<br \/>\nEchte naam: Kato Katsuo<br \/>\nZoon van: Kanefusa, 24e generatie<\/p>\n<p>De maker van dit zwaard is geboren op 7 januari 1957 in de stad Seki, Gifu Prefectuur (voorheen Mino).<br \/>\nIn 1975 werd hij leerling van de beroemde smid Gassan Sadakazu (II), die de status van Mukansa had en de titel \"Levende Nationale Schat\" droeg.<br \/>\nIn 1983 werd hij leerling van zijn vader, de 24e Fujiwara Kanefusa.<br \/>\nIn 1984 opende hij zijn eigen smederij en nam de naam Kanefusa aan voor de 25e generatie.<\/p>\n<p>Als smid heeft hij al talloze prijzen ontvangen, waaronder de 1x Kunzan Award, 2x Excellence Award, 8x Effort Award en 8x Selection Award.<\/p>\n<p>Kanefusa is internationaal en nationaal actief en is daarom wereldwijd bekend:<br \/>\nIn 1982 vergezelde hij meester Gassan naar de tentoonstelling \"Living National Treasures\" in het Museum of Fine Arts in Boston.<br \/>\nZijn zwaarden worden sinds 2004 elk jaar tentoongesteld in Moskou en Sint Petersburg.<br \/>\nIn oktober 2004 gaf hij demonstraties Japans zwaardvechten in Keulen en M\u00fcnchen.<br \/>\nIn 2007\/08 kreeg koning Hoessein van Jordani\u00eb in totaal zeven zwaarden.<\/p>\n<p>In 2005 maakte hij een kort zwaard voor de keizerlijke familie, dat werd geschonken aan de Meiji Shrine.<\/p>\n<p>Naast zijn uitstekende reputatie als smid bekleedde hij ook talrijke functies binnen Japanse zwaardorganisaties:<br \/>\nVoormalig uitvoerend directeur van de All Japan Swordsmith Association, voormalig commissaris van de Sanshokai van de Japanese Art Sword Preservation Association, voormalig vicevoorzitter van de Sekiden Technique Preservation Society en voormalig voorzitter van de Sekiden Swordsmith Association.<\/p>\n<p>Informatie over het blad:<br \/>\nNagasa (bladlengte): 73,3 cm<br \/>\nSori (kromming van het blad): 1,7 cm<br \/>\nMotohaba: 31,8 mm<br \/>\nMotokasaan: 5,5 mm<br \/>\nSakihaba: 23,1 mm<br \/>\nSakikasaan: 3,5 mm<br \/>\nGewicht zonder saya: 920 g<\/p>\n<p>De kling werd gesmeed in 1985.<\/p>\n<p>Dit zwaard werd in Japan gebruikt voor het oefenen van zwaardvechten. We bieden het aan voor een relatief betaalbare prijs, zodat je een authentiek Japans zwaard kunt gebruiken voor je training. Zwaarden die gebruikt worden ontwikkelen na verloop van tijd typische symptomen, zoals minimale speling tussen het handvat en de andere aanhechtingen. Vroeg of laat zullen deze ook optreden tijdens je eigen training, dus ze vormen geen probleem.<\/p>\n<p>Dit zwaard bevindt zich momenteel nog in Japan. Wij nemen de volledige afhandeling op ons (alle bijbehorende kosten zijn al inbegrepen in de aangeboden prijs).<\/p>","protected":false},"excerpt":{"rendered":"<p>Nihonto \u2013 Kanefusa (25. Generation) Katana Mei (Signatur): Omote-Seite: \u85e4\u539f\u517c\u623f\u4f5c (Gefertigt von Fujiwara Kanefusa) Ura-Seite: \u662d\u548c\u4e59\u4e11\u5e74\u5409\u65e5 (An einem gl\u00fcckverhei\u00dfenden Tag im Jahr Sh\u014dwa 60 (1985)) Informationen \u00fcber den Schmied: Name: Kanefusa B\u00fcrgerlicher Name: Kato Katsuo Sohn von: Kanefusa, 24. Generation Der Macher dieses Schwertes ist am 7. Januar 1957 geboren in der Stadt Seki, Pr\u00e4fektur [&hellip;]<\/p>\n","protected":false},"featured_media":4983,"comment_status":"open","ping_status":"closed","template":"","meta":{"_acf_changed":false},"product_brand":[],"product_cat":[218],"product_tag":[],"class_list":{"0":"post-5479","1":"product","2":"type-product","3":"status-publish","4":"has-post-thumbnail","6":"product_cat-nihonto-gendaito-shinken-iai-tameshigiri","8":"first","9":"instock","10":"taxable","11":"shipping-taxable","12":"product-type-external"},"acf":[],"_links":{"self":[{"href":"https:\/\/japan-budo.com\/nl\/wp-json\/wp\/v2\/product\/5479","targetHints":{"allow":["GET"]}}],"collection":[{"href":"https:\/\/japan-budo.com\/nl\/wp-json\/wp\/v2\/product"}],"about":[{"href":"https:\/\/japan-budo.com\/nl\/wp-json\/wp\/v2\/types\/product"}],"replies":[{"embeddable":true,"href":"https:\/\/japan-budo.com\/nl\/wp-json\/wp\/v2\/comments?post=5479"}],"wp:featuredmedia":[{"embeddable":true,"href":"https:\/\/japan-budo.com\/nl\/wp-json\/wp\/v2\/media\/4983"}],"wp:attachment":[{"href":"https:\/\/japan-budo.com\/nl\/wp-json\/wp\/v2\/media?parent=5479"}],"wp:term":[{"taxonomy":"product_brand","embeddable":true,"href":"https:\/\/japan-budo.com\/nl\/wp-json\/wp\/v2\/product_brand?post=5479"},{"taxonomy":"product_cat","embeddable":true,"href":"https:\/\/japan-budo.com\/nl\/wp-json\/wp\/v2\/product_cat?post=5479"},{"taxonomy":"product_tag","embeddable":true,"href":"https:\/\/japan-budo.com\/nl\/wp-json\/wp\/v2\/product_tag?post=5479"}],"curies":[{"name":"wp","href":"https:\/\/api.w.org\/{rel}","templated":true}]}}