{"id":180,"date":"2024-02-08T20:29:35","date_gmt":"2024-02-08T19:29:35","guid":{"rendered":"https:\/\/japan-budo.com\/?page_id=180"},"modified":"2025-08-06T15:02:23","modified_gmt":"2025-08-06T13:02:23","slug":"om-oss","status":"publish","type":"page","link":"https:\/\/japan-budo.com\/sv\/om-oss\/","title":{"rendered":"Vi levererar kvalitet av tradition. V\u00e4lkommen till v\u00e5rt f\u00f6retag!"},"content":{"rendered":"<div data-elementor-type=\"wp-page\" data-elementor-id=\"180\" class=\"elementor elementor-180\" data-elementor-post-type=\"page\">\n\t\t\t\t<div class=\"elementor-element elementor-element-043f791 e-flex e-con-boxed e-con e-parent\" data-id=\"043f791\" data-element_type=\"container\" data-e-type=\"container\">\n\t\t\t\t\t<div class=\"e-con-inner\">\n\t\t\t\t<div class=\"elementor-element elementor-element-66ceb43 elementor-widget elementor-widget-heading\" data-id=\"66ceb43\" data-element_type=\"widget\" data-e-type=\"widget\" data-widget_type=\"heading.default\">\n\t\t\t\t<div class=\"elementor-widget-container\">\n\t\t\t\t\t<h2 class=\"elementor-heading-title elementor-size-default\"><h2>Historien bakom Japan Budo<\/h2><\/h2>\t\t\t\t<\/div>\n\t\t\t\t<\/div>\n\t\t\t\t\t<\/div>\n\t\t\t\t<\/div>\n\t\t<div class=\"elementor-element elementor-element-6054b07 e-grid e-con-boxed e-con e-parent\" data-id=\"6054b07\" data-element_type=\"container\" data-e-type=\"container\">\n\t\t\t\t\t<div class=\"e-con-inner\">\n\t\t\t\t<div class=\"elementor-element elementor-element-807a343 elementor-widget elementor-widget-text-editor\" data-id=\"807a343\" data-element_type=\"widget\" data-e-type=\"widget\" data-widget_type=\"text-editor.default\">\n\t\t\t\t<div class=\"elementor-widget-container\">\n\t\t\t\t\t\t\t\t\t<p>Historien om Japan Budo b\u00f6rjade f\u00f6r \u00f6ver 40 \u00e5r sedan.\u00a0<span style=\"text-align: var(--text-align);\">Werner Polzin var fortfarande en ung man p\u00e5 den tiden och en inbiten aikidoka och Japan-fantast.<\/span><\/p><p>I den avancerade aikidotr\u00e4ningen ing\u00e5r ocks\u00e5 tr\u00e4ning med ett tr\u00e4sv\u00e4rd. Detta introducerade Polzin till kampsporten Iaido, som fortfarande var helt ok\u00e4nd f\u00f6r oss vid den tiden och d\u00e4r formerna tr\u00e4nas med ett trubbigt tr\u00e4ningssv\u00e4rd (Iaito).<\/p><p>Han blev omedelbart hooked och <br \/>resan b\u00f6rjade...<\/p>\t\t\t\t\t\t\t\t<\/div>\n\t\t\t\t<\/div>\n\t\t\t\t<div class=\"elementor-element elementor-element-393f9f9 elementor-widget elementor-widget-image\" data-id=\"393f9f9\" data-element_type=\"widget\" data-e-type=\"widget\" data-widget_type=\"image.default\">\n\t\t\t\t<div class=\"elementor-widget-container\">\n\t\t\t\t\t\t\t\t\t\t\t\t\t\t\t<img fetchpriority=\"high\" decoding=\"async\" width=\"1024\" height=\"683\" src=\"https:\/\/japan-budo.com\/wp-content\/uploads\/2024\/02\/japan-budo-1024x683.jpg\" class=\"attachment-large size-large wp-image-222\" alt=\"\" srcset=\"https:\/\/japan-budo.com\/wp-content\/uploads\/2024\/02\/japan-budo-1024x683.jpg 1024w, https:\/\/japan-budo.com\/wp-content\/uploads\/2024\/02\/japan-budo-200x133.jpg 200w, https:\/\/japan-budo.com\/wp-content\/uploads\/2024\/02\/japan-budo-150x100.jpg 150w, https:\/\/japan-budo.com\/wp-content\/uploads\/2024\/02\/japan-budo-600x400.jpg 600w, https:\/\/japan-budo.com\/wp-content\/uploads\/2024\/02\/japan-budo-300x200.jpg 300w, https:\/\/japan-budo.com\/wp-content\/uploads\/2024\/02\/japan-budo-768x512.jpg 768w, https:\/\/japan-budo.com\/wp-content\/uploads\/2024\/02\/japan-budo-990x660.jpg 990w, https:\/\/japan-budo.com\/wp-content\/uploads\/2024\/02\/japan-budo-441x294.jpg 441w, https:\/\/japan-budo.com\/wp-content\/uploads\/2024\/02\/japan-budo.jpg 1200w\" sizes=\"(max-width: 1024px) 100vw, 1024px\" \/>\t\t\t\t\t\t\t\t\t\t\t\t\t\t\t<\/div>\n\t\t\t\t<\/div>\n\t\t\t\t\t<\/div>\n\t\t\t\t<\/div>\n\t\t<div class=\"elementor-element elementor-element-14ae232 e-flex e-con-boxed e-con e-parent\" data-id=\"14ae232\" data-element_type=\"container\" data-e-type=\"container\">\n\t\t\t\t\t<div class=\"e-con-inner\">\n\t\t\t\t<div class=\"elementor-element elementor-element-8c31c22 elementor-widget elementor-widget-text-editor\" data-id=\"8c31c22\" data-element_type=\"widget\" data-e-type=\"widget\" data-widget_type=\"text-editor.default\">\n\t\t\t\t<div class=\"elementor-widget-container\">\n\t\t\t\t\t\t\t\t\t<p>Det fanns inga l\u00e4mpliga sv\u00e4rd tillg\u00e4ngliga i Tyskland vid den h\u00e4r tiden, s\u00e5 kontakter i Japan utnyttjades f\u00f6r att f\u00f6ra den f\u00f6rsta japanska Iaito till Tyskland.<\/p><p>Den tidens modernaste teknik (faxen) anv\u00e4ndes f\u00f6r att kommunicera internationellt. Internet var fortfarande relativt ok\u00e4nt p\u00e5 den tiden och smartphones l\u00e5g l\u00e5ngt fram i tiden.<\/p><p>Herr Polzin gjorde sig tidigt ett namn inom den tyska budoscenen. I takt med att Internet blev alltmer popul\u00e4rt stod det klart att en onlinebutik var r\u00e4tt s\u00e4tt att n\u00e5 \u00e4nnu fler fans av det japanska sv\u00e4rdet. Japan-Budo.com var f\u00f6dd!<\/p><p>Japan-Budo.com var den f\u00f6rsta tyska webbutiken som erbj\u00f6d japanska Iaito i olika l\u00e4ngder. Japan-Budo har bidragit till att forma bilden av Iaido i Tyskland fr\u00e5n allra f\u00f6rsta b\u00f6rjan.<\/p><p>Det extraordin\u00e4ra utbudet av japanska antikviteter, gamla samurajsv\u00e4rd, tr\u00e4ningsaccessoarer fr\u00e5n bokken till kl\u00e4der och till och med skr\u00e4ddarsydda smidesarbeten fr\u00e5n japanska m\u00e4stersmeder har ocks\u00e5 utvecklats under \u00e5ren tack vare de utm\u00e4rkta, v\u00e4nskapliga kontakterna med Japan.<\/p><p>Men tiden stod inte stilla och det \u00e4r anstr\u00e4ngande att driva ett f\u00f6retag. Werner Polzin best\u00e4mde sig d\u00e4rf\u00f6r f\u00f6r att dra ner lite p\u00e5 takten i b\u00f6rjan av 2020-talet och l\u00e5ngsamt dra sig tillbaka fr\u00e5n den aktiva verksamheten.<\/p><h2>Butiksdrift i andra generationen<\/h2><p>Det h\u00e4r \u00e4r b\u00f6rjan p\u00e5 min roll, eller snarare mitt f\u00f6retag Andara GmbH:s roll f\u00f6r Japan-Budo.com. I b\u00f6rjan av Polzins f\u00f6retag var jag som mest i planering med mina f\u00f6r\u00e4ldrar, men ingenstans i n\u00e4rheten av v\u00e4rlden.<\/p><p>Min personliga kontakt med kampsport och n\u00e4thandel b\u00f6rjade strax efter millennieskiftet (2000). Jag var d\u00e5 aktiv kampsportare och blev, precis som herr Polzin, sj\u00e4lv n\u00e4thandlare genom behovet av l\u00e4mpliga tillbeh\u00f6r. Ungef\u00e4r 20 \u00e5r har g\u00e5tt sedan dess. Japan-Budo och mitt f\u00f6retag existerade parallellt med lite olika fokus.<\/p><p>Genom en kedja av tillf\u00e4lligheter kom Polzin och jag i kontakt med varandra. F\u00f6rtroendet fanns d\u00e4r omedelbart och s\u00e5 utvecklades planen att mitt f\u00f6retag skulle forts\u00e4tta att driva Japan-Budo.com i framtiden.<br \/>Eftersom herr Polzin och jag varken \u00e4r sl\u00e4kt genom blodsband eller \u00e4ktenskap \u00e4r det en stor \u00e4ra att f\u00e5 forts\u00e4tta driva denna onlinebutik, som har mognat under \u00e5ren.<\/p><p>S\u00e5 kom det sig att Japan-Budo.com gick in i andra generationen efter cirka 30 \u00e5r. Jag hoppas att jag efter ytterligare 30 \u00e5r kommer att kunna se tillbaka p\u00e5 en lika framg\u00e5ngsrik historia och sedan med tillfredsst\u00e4llelse kunna l\u00e4mna \u00f6ver till den tredje generationen butiks\u00e4gare.<\/p><p>Konceptet bakom Japan Budo f\u00f6rblir detsamma och kommer att forts\u00e4tta som det alltid har varit.<\/p><p>Jag \u00e4r medveten om att m\u00e5nga kunder har byggt upp en mycket djup f\u00f6rtroendefull relation med Werner Polzin under \u00e5rtiondena.<br \/>Jag kan lova dig att jag kommer att forts\u00e4tta driva butiken med samma \u00e4rlighet och motivation.<\/p><p>Detta \u00e4r ber\u00e4ttelsen om Japan-Budo.com. Jag ser fram emot att f\u00e5 f\u00f6lja med dig p\u00e5 din resa genom den japanska kulturen.<\/p><p>Stefan Pfeiffer<\/p>\t\t\t\t\t\t\t\t<\/div>\n\t\t\t\t<\/div>\n\t\t\t\t\t<\/div>\n\t\t\t\t<\/div>\n\t\t<div class=\"elementor-element elementor-element-5d701317 e-flex e-con-boxed e-con e-parent\" data-id=\"5d701317\" data-element_type=\"container\" data-e-type=\"container\">\n\t\t\t\t\t<div class=\"e-con-inner\">\n\t\t\t\t\t<\/div>\n\t\t\t\t<\/div>\n\t\t\t\t<\/div>","protected":false},"excerpt":{"rendered":"<p>Die Geschichte hinter Japan-Budo Die Geschichte von Japan-Budo beginnt schon vor \u00fcber 40 Jahren.\u00a0Werner Polzin war damals noch ein junger Mann und eingefleischter Aikidoka und Japan Fan. Zu dem fortgeschrittenen Aikido-Training geh\u00f6rt auch das Training mit dem Holzschwert. Dar\u00fcber lernte Herr Polzin die bei uns damals noch v\u00f6llig unbekannte Kampfkunst Iaido kennen, in der Formen [&hellip;]<\/p>\n","protected":false},"author":1,"featured_media":222,"parent":0,"menu_order":0,"comment_status":"closed","ping_status":"closed","template":"elementor_header_footer","meta":{"_acf_changed":false,"footnotes":""},"class_list":["post-180","page","type-page","status-publish","has-post-thumbnail","hentry"],"acf":[],"_links":{"self":[{"href":"https:\/\/japan-budo.com\/sv\/wp-json\/wp\/v2\/pages\/180","targetHints":{"allow":["GET"]}}],"collection":[{"href":"https:\/\/japan-budo.com\/sv\/wp-json\/wp\/v2\/pages"}],"about":[{"href":"https:\/\/japan-budo.com\/sv\/wp-json\/wp\/v2\/types\/page"}],"author":[{"embeddable":true,"href":"https:\/\/japan-budo.com\/sv\/wp-json\/wp\/v2\/users\/1"}],"replies":[{"embeddable":true,"href":"https:\/\/japan-budo.com\/sv\/wp-json\/wp\/v2\/comments?post=180"}],"version-history":[{"count":103,"href":"https:\/\/japan-budo.com\/sv\/wp-json\/wp\/v2\/pages\/180\/revisions"}],"predecessor-version":[{"id":5450,"href":"https:\/\/japan-budo.com\/sv\/wp-json\/wp\/v2\/pages\/180\/revisions\/5450"}],"wp:featuredmedia":[{"embeddable":true,"href":"https:\/\/japan-budo.com\/sv\/wp-json\/wp\/v2\/media\/222"}],"wp:attachment":[{"href":"https:\/\/japan-budo.com\/sv\/wp-json\/wp\/v2\/media?parent=180"}],"curies":[{"name":"wp","href":"https:\/\/api.w.org\/{rel}","templated":true}]}}