{"id":3373,"date":"2024-09-30T16:53:22","date_gmt":"2024-09-30T14:53:22","guid":{"rendered":"https:\/\/japan-budo.com\/?page_id=3373"},"modified":"2024-09-30T17:07:37","modified_gmt":"2024-09-30T15:07:37","slug":"nihonto-erbjudanden","status":"publish","type":"page","link":"https:\/\/japan-budo.com\/sv\/nihonto-erbjudanden\/","title":{"rendered":"Aktuella erbjudanden"},"content":{"rendered":"<div data-elementor-type=\"wp-page\" data-elementor-id=\"3373\" class=\"elementor elementor-3373\" data-elementor-post-type=\"page\">\n\t\t\t\t<div class=\"elementor-element elementor-element-3112196 e-flex e-con-boxed e-con e-parent\" data-id=\"3112196\" data-element_type=\"container\" data-e-type=\"container\">\n\t\t\t\t\t<div class=\"e-con-inner\">\n\t\t\t\t<div class=\"elementor-element elementor-element-fa8d1a4 elementor-widget elementor-widget-heading\" data-id=\"fa8d1a4\" data-element_type=\"widget\" data-e-type=\"widget\" data-widget_type=\"heading.default\">\n\t\t\t\t<div class=\"elementor-widget-container\">\n\t\t\t\t\t<h2 class=\"elementor-heading-title elementor-size-default\">K\u00f6p Nihonto, japansk Iaito och tillbeh\u00f6r med rabatter<\/h2>\t\t\t\t<\/div>\n\t\t\t\t<\/div>\n\t\t\t\t\t<\/div>\n\t\t\t\t<\/div>\n\t\t<div class=\"elementor-element elementor-element-a5ecada e-flex e-con-boxed e-con e-parent\" data-id=\"a5ecada\" data-element_type=\"container\" data-e-type=\"container\">\n\t\t\t\t\t<div class=\"e-con-inner\">\n\t\t\t\t<div class=\"elementor-element elementor-element-ada2350 elementor-widget elementor-widget-text-editor\" data-id=\"ada2350\" data-element_type=\"widget\" data-e-type=\"widget\" data-widget_type=\"text-editor.default\">\n\t\t\t\t<div class=\"elementor-widget-container\">\n\t\t\t\t\t\t\t\t\t<p>Fr\u00e5n tid till annan delar vi ut n\u00e5gra av v\u00e5ra h\u00f6gkvalitativa original Katana och klassiska Iaito till rabatterade priser.<\/p>\n<p>F\u00f6r den som \u00e4r intresserad finns h\u00e4r chansen att g\u00f6ra ett fynd och f\u00f6rverkliga sin egen dr\u00f6m till ett reducerat pris.<\/p>\t\t\t\t\t\t\t\t<\/div>\n\t\t\t\t<\/div>\n\t\t\t\t\t<\/div>\n\t\t\t\t<\/div>\n\t\t<div class=\"elementor-element elementor-element-cedac36 e-flex e-con-boxed e-con e-parent\" data-id=\"cedac36\" data-element_type=\"container\" data-e-type=\"container\">\n\t\t\t\t\t<div class=\"e-con-inner\">\n\t\t\t\t<div class=\"elementor-element elementor-element-8ca1eb9 elementor-grid-4 elementor-grid-tablet-3 elementor-grid-mobile-2 elementor-products-grid elementor-wc-products elementor-widget elementor-widget-woocommerce-products\" data-id=\"8ca1eb9\" data-element_type=\"widget\" data-e-type=\"widget\" data-widget_type=\"woocommerce-products.default\">\n\t\t\t\t<div class=\"elementor-widget-container\">\n\t\t\t\t\t<div class=\"woocommerce columns-4\"><ul class=\"products elementor-grid columns-4\">\n<li class=\"product type-product post-5757 status-publish first instock product_cat-antike-nihonto-katana-kaufen-schwertshop has-post-thumbnail sale taxable shipping-taxable product-type-external\">\n\t<a href=\"https:\/\/japan-budo.com\/sv\/samurajsvaerd-koepa-antikvitetsaffaer-tyskland\/koepa-antika-nihonto-katana-svaerd-butik\/authentisches-katana-aus-dem-17-jahrh-mino-seki-kanetsune\/\" class=\"woocommerce-LoopProduct-link woocommerce-loop-product__link\"><div class=\"woocommerce-image__wrapper\"><a href=\"https:\/\/japan-budo.com\/sv\/samurajsvaerd-koepa-antikvitetsaffaer-tyskland\/koepa-antika-nihonto-katana-svaerd-butik\/authentisches-katana-aus-dem-17-jahrh-mino-seki-kanetsune\/\" title=\"Autentisk katana fr\u00e5n 1600-talet - Mino Seki Kanetsune\" class=\"woocommerce-LoopProduct-link woocommerce-loop-product__link\"><span class=\"sale-item product-label type-bubble\">-11%<\/span><div class=\"shoptimizer-plp-carousel-container\"><div class=\"shoptimizer-plp-image-wrapper\"><img decoding=\"async\" width=\"200\" height=\"200\" data-src=\"https:\/\/japan-budo.com\/wp-content\/uploads\/2024\/08\/Nihonto-Katana-Mino-Seki-Kanetsune-200x200.jpg\" class=\"attachment-woocommerce_thumbnail size-woocommerce_thumbnail lazyload\" alt=\"Autentisk katana fr\u00e5n 1600-talet - Mino Seki Kanetsune\" data-srcset=\"https:\/\/japan-budo.com\/wp-content\/uploads\/2024\/08\/Nihonto-Katana-Mino-Seki-Kanetsune-200x200.jpg 200w, https:\/\/japan-budo.com\/wp-content\/uploads\/2024\/08\/Nihonto-Katana-Mino-Seki-Kanetsune-300x300.jpg 300w, https:\/\/japan-budo.com\/wp-content\/uploads\/2024\/08\/Nihonto-Katana-Mino-Seki-Kanetsune-1024x1024.jpg 1024w, https:\/\/japan-budo.com\/wp-content\/uploads\/2024\/08\/Nihonto-Katana-Mino-Seki-Kanetsune-150x150.jpg 150w, https:\/\/japan-budo.com\/wp-content\/uploads\/2024\/08\/Nihonto-Katana-Mino-Seki-Kanetsune-768x768.jpg 768w, https:\/\/japan-budo.com\/wp-content\/uploads\/2024\/08\/Nihonto-Katana-Mino-Seki-Kanetsune-990x990.jpg 990w, https:\/\/japan-budo.com\/wp-content\/uploads\/2024\/08\/Nihonto-Katana-Mino-Seki-Kanetsune-441x441.jpg 441w, https:\/\/japan-budo.com\/wp-content\/uploads\/2024\/08\/Nihonto-Katana-Mino-Seki-Kanetsune-100x100.jpg 100w, https:\/\/japan-budo.com\/wp-content\/uploads\/2024\/08\/Nihonto-Katana-Mino-Seki-Kanetsune-600x600.jpg 600w, https:\/\/japan-budo.com\/wp-content\/uploads\/2024\/08\/Nihonto-Katana-Mino-Seki-Kanetsune.jpg 1200w\" data-sizes=\"(max-width: 360px) 147px, (max-width: 200px) 100vw, 200px\" src=\"data:image\/svg+xml;base64,PHN2ZyB3aWR0aD0iMSIgaGVpZ2h0PSIxIiB4bWxucz0iaHR0cDovL3d3dy53My5vcmcvMjAwMC9zdmciPjwvc3ZnPg==\" style=\"--smush-placeholder-width: 200px; --smush-placeholder-aspect-ratio: 200\/200;\" \/>\t\t\t\n\t<\/div><\/div><\/a><\/div><div class=\"woocommerce-card__header\">\t\t\t\t\t<p class=\"product__categories\"><a href=\"https:\/\/japan-budo.com\/sv\/koepa-antika-nihonto-katana-svaerd-butik\/\" rel=\"tag\">Nihonto antik katana<\/a><\/p>\t\t\t\t<div class=\"woocommerce-loop-product__title\"><a tabindex=\"0\" href=\"https:\/\/japan-budo.com\/sv\/samurajsvaerd-koepa-antikvitetsaffaer-tyskland\/koepa-antika-nihonto-katana-svaerd-butik\/authentisches-katana-aus-dem-17-jahrh-mino-seki-kanetsune\/\" aria-label=\"Autentisk katana fr\u00e5n 1600-talet - Mino Seki Kanetsune\" class=\"woocommerce-LoopProduct-link woocommerce-loop-product__link\">Autentisk katana fr\u00e5n 1600-talet - Mino Seki Kanetsune<\/a><\/div>\n\t<span class=\"price\"><del aria-hidden=\"true\"><span class=\"woocommerce-Price-amount amount\"><bdi>8500.00&nbsp;<span class=\"woocommerce-Price-currencySymbol\">\u20ac<\/span><\/bdi><\/span><\/del> <span class=\"screen-reader-text\" data-no-translation=\"\" data-trp-gettext=\"\">Ursprungligt pris var: 8500.00&nbsp;&euro;.<\/span><ins aria-hidden=\"true\"><span class=\"woocommerce-Price-amount amount\"><bdi>7600.00&nbsp;<span class=\"woocommerce-Price-currencySymbol\">\u20ac<\/span><\/bdi><\/span><\/ins><span class=\"screen-reader-text\" data-no-translation=\"\" data-trp-gettext=\"\">Aktuellt pris \u00e4r: 7600.00&nbsp;&euro;.<\/span><\/span>\n\n<\/a><span class=\"gtm4wp_productdata\" style=\"display:none; visibility:hidden;\" data-gtm4wp_product_data=\"{&quot;internal_id&quot;:5757,&quot;item_id&quot;:5757,&quot;item_name&quot;:&quot;Authentisches Katana aus dem 17. Jahrh. \\u2013 Mino Seki Kanetsune&quot;,&quot;sku&quot;:5757,&quot;price&quot;:7600,&quot;stocklevel&quot;:null,&quot;stockstatus&quot;:&quot;instock&quot;,&quot;google_business_vertical&quot;:&quot;retail&quot;,&quot;item_category&quot;:&quot;Nihonto Antike Katana&quot;,&quot;id&quot;:5757,&quot;productlink&quot;:&quot;https:\\\/\\\/japan-budo.com\\\/sv\\\/samurajsvaerd-koepa-antikvitetsaffaer-tyskland\\\/koepa-antika-nihonto-katana-svaerd-butik\\\/authentisches-katana-aus-dem-17-jahrh-mino-seki-kanetsune\\\/&quot;,&quot;item_list_name&quot;:&quot;General Product List&quot;,&quot;index&quot;:1,&quot;product_type&quot;:&quot;external&quot;,&quot;item_brand&quot;:&quot;&quot;}\"><\/span><\/div><\/li>\n<li class=\"product type-product post-5750 status-publish instock product_cat-antike-nihonto-katana-kaufen-schwertshop has-post-thumbnail sale taxable shipping-taxable product-type-external\">\n\t<a href=\"https:\/\/japan-budo.com\/sv\/samurajsvaerd-koepa-antikvitetsaffaer-tyskland\/koepa-antika-nihonto-katana-svaerd-butik\/antikes-nihonto-katana-aus-dem-16-jahrhundert-von-yamato-kanabo-masazane\/\" class=\"woocommerce-LoopProduct-link woocommerce-loop-product__link\"><div class=\"woocommerce-image__wrapper\"><a href=\"https:\/\/japan-budo.com\/sv\/samurajsvaerd-koepa-antikvitetsaffaer-tyskland\/koepa-antika-nihonto-katana-svaerd-butik\/antikes-nihonto-katana-aus-dem-16-jahrhundert-von-yamato-kanabo-masazane\/\" title=\"Antik Nihonto Katana fr\u00e5n 1500-talet av Yamato Kanabo Masazane\" class=\"woocommerce-LoopProduct-link woocommerce-loop-product__link\"><span class=\"sale-item product-label type-bubble\">-13%<\/span><div class=\"shoptimizer-plp-carousel-container\"><div class=\"shoptimizer-plp-image-wrapper\"><img decoding=\"async\" width=\"200\" height=\"200\" data-src=\"https:\/\/japan-budo.com\/wp-content\/uploads\/2024\/04\/Antikes-Katana-aus-Japan-Yamato-Nihonto-200x200.jpg\" class=\"attachment-woocommerce_thumbnail size-woocommerce_thumbnail lazyload\" alt=\"Antik Nihonto Katana fr\u00e5n 1500-talet av Yamato Kanabo Masazane\" data-srcset=\"https:\/\/japan-budo.com\/wp-content\/uploads\/2024\/04\/Antikes-Katana-aus-Japan-Yamato-Nihonto-200x200.jpg 200w, https:\/\/japan-budo.com\/wp-content\/uploads\/2024\/04\/Antikes-Katana-aus-Japan-Yamato-Nihonto-300x300.jpg 300w, https:\/\/japan-budo.com\/wp-content\/uploads\/2024\/04\/Antikes-Katana-aus-Japan-Yamato-Nihonto-1024x1024.jpg 1024w, https:\/\/japan-budo.com\/wp-content\/uploads\/2024\/04\/Antikes-Katana-aus-Japan-Yamato-Nihonto-150x150.jpg 150w, https:\/\/japan-budo.com\/wp-content\/uploads\/2024\/04\/Antikes-Katana-aus-Japan-Yamato-Nihonto-768x768.jpg 768w, https:\/\/japan-budo.com\/wp-content\/uploads\/2024\/04\/Antikes-Katana-aus-Japan-Yamato-Nihonto-990x990.jpg 990w, https:\/\/japan-budo.com\/wp-content\/uploads\/2024\/04\/Antikes-Katana-aus-Japan-Yamato-Nihonto-441x441.jpg 441w, https:\/\/japan-budo.com\/wp-content\/uploads\/2024\/04\/Antikes-Katana-aus-Japan-Yamato-Nihonto-100x100.jpg 100w, https:\/\/japan-budo.com\/wp-content\/uploads\/2024\/04\/Antikes-Katana-aus-Japan-Yamato-Nihonto-600x600.jpg 600w, https:\/\/japan-budo.com\/wp-content\/uploads\/2024\/04\/Antikes-Katana-aus-Japan-Yamato-Nihonto.jpg 1200w\" data-sizes=\"(max-width: 360px) 147px, (max-width: 200px) 100vw, 200px\" src=\"data:image\/svg+xml;base64,PHN2ZyB3aWR0aD0iMSIgaGVpZ2h0PSIxIiB4bWxucz0iaHR0cDovL3d3dy53My5vcmcvMjAwMC9zdmciPjwvc3ZnPg==\" style=\"--smush-placeholder-width: 200px; --smush-placeholder-aspect-ratio: 200\/200;\" \/>\t\t\t\n\t<\/div><\/div><\/a><\/div><div class=\"woocommerce-card__header\">\t\t\t\t\t<p class=\"product__categories\"><a href=\"https:\/\/japan-budo.com\/sv\/koepa-antika-nihonto-katana-svaerd-butik\/\" rel=\"tag\">Nihonto antik katana<\/a><\/p>\t\t\t\t<div class=\"woocommerce-loop-product__title\"><a tabindex=\"0\" href=\"https:\/\/japan-budo.com\/sv\/samurajsvaerd-koepa-antikvitetsaffaer-tyskland\/koepa-antika-nihonto-katana-svaerd-butik\/antikes-nihonto-katana-aus-dem-16-jahrhundert-von-yamato-kanabo-masazane\/\" aria-label=\"Antik Nihonto Katana fr\u00e5n 1500-talet av Yamato Kanabo Masazane\" class=\"woocommerce-LoopProduct-link woocommerce-loop-product__link\">Antik Nihonto Katana fr\u00e5n 1500-talet av Yamato Kanabo Masazane<\/a><\/div>\n\t<span class=\"price\"><del aria-hidden=\"true\"><span class=\"woocommerce-Price-amount amount\"><bdi>7100.00&nbsp;<span class=\"woocommerce-Price-currencySymbol\">\u20ac<\/span><\/bdi><\/span><\/del> <span class=\"screen-reader-text\" data-no-translation=\"\" data-trp-gettext=\"\">Ursprungligt pris var: 7100.00&nbsp;&euro;.<\/span><ins aria-hidden=\"true\"><span class=\"woocommerce-Price-amount amount\"><bdi>6200.00&nbsp;<span class=\"woocommerce-Price-currencySymbol\">\u20ac<\/span><\/bdi><\/span><\/ins><span class=\"screen-reader-text\" data-no-translation=\"\" data-trp-gettext=\"\">Aktuellt pris \u00e4r: 6200.00&nbsp;&euro;.<\/span><\/span>\n\n<\/a><span class=\"gtm4wp_productdata\" style=\"display:none; visibility:hidden;\" data-gtm4wp_product_data=\"{&quot;internal_id&quot;:5750,&quot;item_id&quot;:5750,&quot;item_name&quot;:&quot;Antikes Nihonto Katana aus dem 16. Jahrhundert von Yamato Kanabo Masazane&quot;,&quot;sku&quot;:&quot;nihontoantik41-1&quot;,&quot;price&quot;:6200,&quot;stocklevel&quot;:null,&quot;stockstatus&quot;:&quot;instock&quot;,&quot;google_business_vertical&quot;:&quot;retail&quot;,&quot;item_category&quot;:&quot;Nihonto Antike Katana&quot;,&quot;id&quot;:5750,&quot;productlink&quot;:&quot;https:\\\/\\\/japan-budo.com\\\/sv\\\/samurajsvaerd-koepa-antikvitetsaffaer-tyskland\\\/koepa-antika-nihonto-katana-svaerd-butik\\\/antikes-nihonto-katana-aus-dem-16-jahrhundert-von-yamato-kanabo-masazane\\\/&quot;,&quot;item_list_name&quot;:&quot;General Product List&quot;,&quot;index&quot;:2,&quot;product_type&quot;:&quot;external&quot;,&quot;item_brand&quot;:&quot;&quot;}\"><\/span><\/div><\/li>\n<li class=\"product type-product post-5325 status-publish instock product_cat-schwertpflege-katana-schwert-japan has-post-thumbnail sale taxable shipping-taxable purchasable product-type-simple\">\n\t<a href=\"https:\/\/japan-budo.com\/sv\/katana-tillbehoer-skoetsel-presentation\/svaerd-vard-katana-svaerd-japan\/nihonto-pflegeset\/\" class=\"woocommerce-LoopProduct-link woocommerce-loop-product__link\"><div class=\"woocommerce-image__wrapper\"><a href=\"https:\/\/japan-budo.com\/sv\/katana-tillbehoer-skoetsel-presentation\/svaerd-vard-katana-svaerd-japan\/nihonto-pflegeset\/\" title=\"Nihonto v\u00e5rd komplett set\" class=\"woocommerce-LoopProduct-link woocommerce-loop-product__link\"><span class=\"sale-item product-label type-bubble\">-12%<\/span><div class=\"shoptimizer-plp-carousel-container\"><div class=\"shoptimizer-plp-image-wrapper\"><img decoding=\"async\" width=\"200\" height=\"200\" data-src=\"https:\/\/japan-budo.com\/wp-content\/uploads\/2025\/08\/nihonto-pflegeset-200x200.jpg\" class=\"attachment-woocommerce_thumbnail size-woocommerce_thumbnail lazyload\" alt=\"V\u00e5rdinr\u00e4ttning f\u00f6r Nihonto\" data-srcset=\"https:\/\/japan-budo.com\/wp-content\/uploads\/2025\/08\/nihonto-pflegeset-200x200.jpg 200w, https:\/\/japan-budo.com\/wp-content\/uploads\/2025\/08\/nihonto-pflegeset-300x300.jpg 300w, https:\/\/japan-budo.com\/wp-content\/uploads\/2025\/08\/nihonto-pflegeset-1024x1024.jpg 1024w, https:\/\/japan-budo.com\/wp-content\/uploads\/2025\/08\/nihonto-pflegeset-150x150.jpg 150w, https:\/\/japan-budo.com\/wp-content\/uploads\/2025\/08\/nihonto-pflegeset-768x768.jpg 768w, https:\/\/japan-budo.com\/wp-content\/uploads\/2025\/08\/nihonto-pflegeset-12x12.jpg 12w, https:\/\/japan-budo.com\/wp-content\/uploads\/2025\/08\/nihonto-pflegeset-990x990.jpg 990w, https:\/\/japan-budo.com\/wp-content\/uploads\/2025\/08\/nihonto-pflegeset-441x441.jpg 441w, https:\/\/japan-budo.com\/wp-content\/uploads\/2025\/08\/nihonto-pflegeset-100x100.jpg 100w, https:\/\/japan-budo.com\/wp-content\/uploads\/2025\/08\/nihonto-pflegeset-600x600.jpg 600w, https:\/\/japan-budo.com\/wp-content\/uploads\/2025\/08\/nihonto-pflegeset.jpg 1200w\" data-sizes=\"(max-width: 360px) 147px, (max-width: 200px) 100vw, 200px\" src=\"data:image\/svg+xml;base64,PHN2ZyB3aWR0aD0iMSIgaGVpZ2h0PSIxIiB4bWxucz0iaHR0cDovL3d3dy53My5vcmcvMjAwMC9zdmciPjwvc3ZnPg==\" style=\"--smush-placeholder-width: 200px; --smush-placeholder-aspect-ratio: 200\/200;\" \/>\t\t\t\n\t<\/div><\/div><\/a><\/div><div class=\"woocommerce-card__header\">\t\t\t\t\t<p class=\"product__categories\"><a href=\"https:\/\/japan-budo.com\/sv\/svaerd-vard-katana-svaerd-japan\/\" rel=\"tag\">V\u00e5rd av sv\u00e4rd<\/a><\/p>\t\t\t\t<div class=\"woocommerce-loop-product__title\"><a tabindex=\"0\" href=\"https:\/\/japan-budo.com\/sv\/katana-tillbehoer-skoetsel-presentation\/svaerd-vard-katana-svaerd-japan\/nihonto-pflegeset\/\" aria-label=\"Nihonto v\u00e5rd komplett set\" class=\"woocommerce-LoopProduct-link woocommerce-loop-product__link\">Nihonto v\u00e5rd komplett set<\/a><\/div>\n\t<span class=\"price\"><del aria-hidden=\"true\"><span class=\"woocommerce-Price-amount amount\"><bdi>250.15&nbsp;<span class=\"woocommerce-Price-currencySymbol\">\u20ac<\/span><\/bdi><\/span><\/del> <span class=\"screen-reader-text\" data-no-translation=\"\" data-trp-gettext=\"\">Ursprungligt pris var: 250.15&nbsp;&euro;.<\/span><ins aria-hidden=\"true\"><span class=\"woocommerce-Price-amount amount\"><bdi>219.00&nbsp;<span class=\"woocommerce-Price-currencySymbol\">\u20ac<\/span><\/bdi><\/span><\/ins><span class=\"screen-reader-text\" data-no-translation=\"\" data-trp-gettext=\"\">Aktuellt pris \u00e4r: 219.00&nbsp;&euro;.<\/span><\/span>\n\n<\/a><span class=\"gtm4wp_productdata\" style=\"display:none; visibility:hidden;\" data-gtm4wp_product_data=\"{&quot;internal_id&quot;:5325,&quot;item_id&quot;:5325,&quot;item_name&quot;:&quot;Nihonto Pflege Komplettset&quot;,&quot;sku&quot;:&quot;nihontokit&quot;,&quot;price&quot;:219,&quot;stocklevel&quot;:3,&quot;stockstatus&quot;:&quot;instock&quot;,&quot;google_business_vertical&quot;:&quot;retail&quot;,&quot;item_category&quot;:&quot;Schwertpflege&quot;,&quot;id&quot;:5325,&quot;productlink&quot;:&quot;https:\\\/\\\/japan-budo.com\\\/sv\\\/katana-tillbehoer-skoetsel-presentation\\\/svaerd-vard-katana-svaerd-japan\\\/nihonto-pflegeset\\\/&quot;,&quot;item_list_name&quot;:&quot;General Product List&quot;,&quot;index&quot;:3,&quot;product_type&quot;:&quot;simple&quot;,&quot;item_brand&quot;:&quot;&quot;}\"><\/span><\/div><\/li>\n<\/ul>\n<\/div>\t\t\t\t<\/div>\n\t\t\t\t<\/div>\n\t\t\t\t\t<\/div>\n\t\t\t\t<\/div>\n\t\t\t\t<\/div>","protected":false},"excerpt":{"rendered":"<p>K\u00f6p Nihonto, japansk Iaito och tillbeh\u00f6r till rabatterat pris Vi s\u00e4ljer ibland ut n\u00e5gra av v\u00e5ra h\u00f6gkvalitativa originalkatana och klassiska Iaito till rabatterade priser. Detta ger de intresserade chansen att g\u00f6ra ett fynd och uppfylla sin egen dr\u00f6m till ett reducerat pris.<\/p>","protected":false},"author":1,"featured_media":0,"parent":0,"menu_order":0,"comment_status":"closed","ping_status":"closed","template":"","meta":{"_acf_changed":false,"footnotes":""},"class_list":["post-3373","page","type-page","status-publish","hentry"],"acf":[],"_links":{"self":[{"href":"https:\/\/japan-budo.com\/sv\/wp-json\/wp\/v2\/pages\/3373","targetHints":{"allow":["GET"]}}],"collection":[{"href":"https:\/\/japan-budo.com\/sv\/wp-json\/wp\/v2\/pages"}],"about":[{"href":"https:\/\/japan-budo.com\/sv\/wp-json\/wp\/v2\/types\/page"}],"author":[{"embeddable":true,"href":"https:\/\/japan-budo.com\/sv\/wp-json\/wp\/v2\/users\/1"}],"replies":[{"embeddable":true,"href":"https:\/\/japan-budo.com\/sv\/wp-json\/wp\/v2\/comments?post=3373"}],"version-history":[{"count":7,"href":"https:\/\/japan-budo.com\/sv\/wp-json\/wp\/v2\/pages\/3373\/revisions"}],"predecessor-version":[{"id":3380,"href":"https:\/\/japan-budo.com\/sv\/wp-json\/wp\/v2\/pages\/3373\/revisions\/3380"}],"wp:attachment":[{"href":"https:\/\/japan-budo.com\/sv\/wp-json\/wp\/v2\/media?parent=3373"}],"curies":[{"name":"wp","href":"https:\/\/api.w.org\/{rel}","templated":true}]}}