{"id":60,"date":"2024-02-07T21:00:47","date_gmt":"2024-02-07T20:00:47","guid":{"rendered":"https:\/\/japan-budo.com\/?page_id=60"},"modified":"2025-07-19T15:14:56","modified_gmt":"2025-07-19T13:14:56","slug":"agb","status":"publish","type":"page","link":"https:\/\/japan-budo.com\/sv\/agb\/","title":{"rendered":"GTC"},"content":{"rendered":"<h2>Allm\u00e4nna villkor med kundinformation<\/h2>\n<h2>Inneh\u00e5llsf\u00f6rteckning<\/h2>\n<ol>\n<li>Till\u00e4mpningsomr\u00e5de<\/li>\n<li>Ing\u00e5ende av avtal<\/li>\n<li>R\u00e4tt till avbest\u00e4llning<\/li>\n<li>Priser och betalningsvillkor<\/li>\n<li>Leverans och leveransvillkor<\/li>\n<li>Beh\u00e5llande av \u00e4gander\u00e4tt<\/li>\n<li>Ansvar f\u00f6r fel (garanti)<\/li>\n<li>Inl\u00f6sen av v\u00e4rdecheckar<\/li>\n<li>Inl\u00f6sen av presentkort<\/li>\n<li>Till\u00e4mplig lag<\/li>\n<li>Ort f\u00f6r jurisdiktion<\/li>\n<\/ol>\n<h2>1) Till\u00e4mpningsomr\u00e5de<\/h2>\n<p><b>1.1<\/b>\u00a0Dessa allm\u00e4nna villkor (nedan kallade \"AGB\") f\u00f6r f\u00f6retaget Andara GmbH (nedan kallad \"s\u00e4ljaren\") g\u00e4ller f\u00f6r alla avtal som ing\u00e5s mellan en konsument eller n\u00e4ringsidkare (nedan kallad \"kunden\") och s\u00e4ljaren avseende alla varor och\/eller tj\u00e4nster som presenteras i s\u00e4ljarens webbutik. Om inget annat avtalats avvisas h\u00e4rmed inf\u00f6randet av kundens egna villkor.<\/p>\n<p><b>1.2<\/b>\u00a0Dessa allm\u00e4nna villkor g\u00e4ller i till\u00e4mpliga delar f\u00f6r avtal om leverans av vouchrar, om inte annat avtalats.<\/p>\n<p><b>1.3<\/b>\u00a0En konsument i den mening som avses i dessa allm\u00e4nna villkor \u00e4r en fysisk person som ing\u00e5r en r\u00e4ttshandling f\u00f6r \u00e4ndam\u00e5l som inte fr\u00e4mst kan h\u00e4nf\u00f6ras till dennes kommersiella eller sj\u00e4lvst\u00e4ndiga yrkesverksamhet.<\/p>\n<p><b>1.4<\/b>\u00a0En entrepren\u00f6r i den mening som avses i dessa allm\u00e4nna villkor \u00e4r en fysisk eller juridisk person eller ett partnerskap med juridisk kapacitet som, n\u00e4r de ing\u00e5r en juridisk transaktion, agerar i ut\u00f6vandet av sin kommersiella eller oberoende yrkesverksamhet.<\/p>\n<h2>2) Ing\u00e5ende av avtal<\/h2>\n<p><b>2.1<\/b>\u00a0De produktbeskrivningar som finns i s\u00e4ljarens webbutik utg\u00f6r inte bindande erbjudanden fr\u00e5n s\u00e4ljarens sida, utan tj\u00e4nar till att l\u00e4mna ett bindande erbjudande fr\u00e5n kunden.<\/p>\n<p><b>2.2<\/b>\u00a0Kunden kan l\u00e4mna erbjudandet via det onlinebest\u00e4llningsformul\u00e4r som \u00e4r integrerat i s\u00e4ljarens onlinebutik. Efter att ha lagt de valda varorna i den virtuella varukorgen och genomg\u00e5tt den elektroniska best\u00e4llningsprocessen l\u00e4mnar kunden ett juridiskt bindande avtalserbjudande avseende de varor som finns i varukorgen genom att klicka p\u00e5 knappen som avslutar best\u00e4llningsprocessen. Kunden kan ocks\u00e5 l\u00e4mna erbjudandet till s\u00e4ljaren via telefon eller e-post.<\/p>\n<p><b>2.3<\/b>\u00a0S\u00e4ljaren kan acceptera kundens bud inom fem dagar,<\/p>\n<ul>\n<li>genom att skicka en skriftlig orderbekr\u00e4ftelse till kunden eller en orderbekr\u00e4ftelse i textform (fax eller e-post), varvid kundens mottagande av orderbekr\u00e4ftelsen \u00e4r avg\u00f6rande i detta avseende, eller<\/li>\n<li>genom att leverera de best\u00e4llda varorna till kunden, varvid kundens mottagande av varorna \u00e4r avg\u00f6rande, eller<\/li>\n<li>genom att beg\u00e4ra betalning fr\u00e5n kunden efter att ordern har lagts.<\/li>\n<\/ul>\n<p>Om flera av de ovan n\u00e4mnda alternativen finns, ing\u00e5s avtalet vid den tidpunkt d\u00e5 ett av de ovan n\u00e4mnda alternativen intr\u00e4ffar f\u00f6rst. Fristen f\u00f6r att acceptera anbudet b\u00f6rjar l\u00f6pa dagen efter det att anbudet avs\u00e4nts av kunden och l\u00f6per ut vid utg\u00e5ngen av den femte dagen efter det att anbudet avs\u00e4ndes. Om s\u00e4ljaren inte inom denna tid accepterar kundens anbud, skall detta anses som ett avvisande av anbudet med f\u00f6ljd att kunden inte l\u00e4ngre \u00e4r bunden av sin avsiktsf\u00f6rklaring.<\/p>\n<p><b>2.4<\/b>\u00a0Om en betalningsmetod som erbjuds av PayPal v\u00e4ljs, behandlas betalningen via betaltj\u00e4nstleverant\u00f6ren PayPal (Europe) S.\u00e0 r.l. et Cie, S.C.A., 22-24 Boulevard Royal, L-2449 Luxemburg (nedan kallad \"PayPal\"), med f\u00f6rbeh\u00e5ll f\u00f6r PayPals anv\u00e4ndarvillkor, som kan ses p\u00e5 <a href=\"https:\/\/www.paypal.com\/de\/webapps\/mpp\/ua\/useragreement-full\" target=\"_blank\" rel=\"noopener\">https:\/\/www.paypal.com<wbr \/>\/en<wbr \/>\/webapps<wbr \/>\/mpp<wbr \/>\/ua<wbr \/>\/anv\u00e4ndaravtal-fullst\u00e4ndigt<\/a> eller - om kunden inte har ett PayPal-konto - i enlighet med villkoren f\u00f6r betalningar utan PayPal-konto, som finns tillg\u00e4ngliga p\u00e5 <a href=\"https:\/\/www.paypal.com\/de\/webapps\/mpp\/ua\/privacywax-full\" target=\"_blank\" rel=\"noopener\">https:\/\/www.paypal.com<wbr \/>\/en<wbr \/>\/webapps<wbr \/>\/mpp<wbr \/>\/ua<wbr \/>\/privacywax-full<\/a>. Om kunden betalar med en betalningsmetod som erbjuds av PayPal och som kan v\u00e4ljas i best\u00e4llningsprocessen online, f\u00f6rklarar s\u00e4ljaren att han accepterar kundens erbjudande n\u00e4r kunden klickar p\u00e5 knappen som avslutar best\u00e4llningsprocessen.<\/p>\n<p><b>2.5<\/b>\u00a0N\u00e4r du l\u00e4mnar ett anbud via s\u00e4ljarens onlinebest\u00e4llningsformul\u00e4r sparas avtalstexten av s\u00e4ljaren efter att avtalet har ing\u00e5tts och skickas till kunden i textform (t.ex. e-post, fax eller brev) efter att kundens best\u00e4llning har skickats. S\u00e4ljaren kommer inte att g\u00f6ra avtalstexten tillg\u00e4nglig ut\u00f6ver detta. Om kunden har skapat ett anv\u00e4ndarkonto i s\u00e4ljarens webbutik innan han skickar sin best\u00e4llning, arkiveras best\u00e4llningsuppgifterna p\u00e5 s\u00e4ljarens webbplats och kan n\u00e5s kostnadsfritt av kunden via hans l\u00f6senordsskyddade anv\u00e4ndarkonto genom att ange motsvarande inloggningsuppgifter.<\/p>\n<p><b>2.6<\/b>\u00a0Innan kunden g\u00f6r en bindande best\u00e4llning via s\u00e4ljarens onlinebest\u00e4llningsformul\u00e4r kan han eller hon uppt\u00e4cka eventuella inmatningsfel genom att noggrant l\u00e4sa den information som visas p\u00e5 sk\u00e4rmen. Ett effektivt tekniskt hj\u00e4lpmedel f\u00f6r att b\u00e4ttre uppt\u00e4cka inmatningsfel kan vara webbl\u00e4sarens f\u00f6rstoringsfunktion, som f\u00f6rstorar det som visas p\u00e5 sk\u00e4rmen. Kunden kan korrigera sina inmatningar under den elektroniska best\u00e4llningsprocessen med hj\u00e4lp av de vanliga tangentbords- och musfunktionerna tills kunden klickar p\u00e5 den knapp som avslutar best\u00e4llningsprocessen.<\/p>\n<p><b>2.7<\/b>\u00a0Tyska och engelska \u00e4r tillg\u00e4ngliga spr\u00e5k f\u00f6r ing\u00e5ende av avtal.<\/p>\n<p><b>2.8<\/b>\u00a0Best\u00e4llningar behandlas och kontakt etableras i allm\u00e4nhet via e-post och automatiserad orderbehandling. Kunden m\u00e5ste se till att den e-postadress som han har angett f\u00f6r orderhantering \u00e4r korrekt s\u00e5 att de e-postmeddelanden som skickas av s\u00e4ljaren kan tas emot p\u00e5 denna adress. I synnerhet vid anv\u00e4ndning av SPAM-filter m\u00e5ste kunden se till att alla e-postmeddelanden som skickas av s\u00e4ljaren eller av tredje part som s\u00e4ljaren har gett i uppdrag att behandla ordern kan levereras.<\/p>\n<p><b>2.9<\/b>\u00a0F\u00f6ljande villkor ska ocks\u00e5 g\u00e4lla f\u00f6r kontrakt om leverans av vapen:<\/p>\n<p><b>2.9.1<\/b>\u00a0Vid best\u00e4llning av varor som omfattas av F\u00f6rbundsrepubliken Tysklands vapenlag (WaffG) m\u00e5ste kunden vara myndig. Kunder som vill k\u00f6pa vapen och ammunition som i bilaga 2 till vapenlagen anges som tillst\u00e5ndspliktiga vapen och ammunition m\u00e5ste ha ett ink\u00f6pstillst\u00e5nd. S\u00e4ljaren ska i respektive artikelbeskrivning ange om varan omfattas av WaffG eller \u00e4r tillst\u00e5ndspliktig enligt bilaga 2 till WaffG.<\/p>\n<p><b>2.9.2<\/b>\u00a0Vid best\u00e4llning av varor som omfattas av vapenlagen garanterar kunden att han \u00e4r minst 18 \u00e5r gammal och att hans namn- och adressuppgifter \u00e4r korrekta n\u00e4r han skickar sin best\u00e4llning. Kunden f\u00f6rbinder sig vidare att endast han sj\u00e4lv kommer att ta emot varorna. Varan kommer endast att l\u00e4mnas ut efter godk\u00e4nd kontroll av kundens \u00e5lder och legitimation.<\/p>\n<p><b>2.9.3<\/b>\u00a0Vid best\u00e4llning av varor som \u00e4r tillst\u00e5ndspliktiga enligt vapenlagen ska \u00e4ven bevis p\u00e5 ink\u00f6pstillst\u00e5ndet uppvisas. Tillst\u00e5ndspliktiga varor s\u00e4ljs och levereras endast mot uppvisande av ett giltigt ink\u00f6pstillst\u00e5nd i original eller som en offentligt (officiellt eller notariellt) bestyrkt kopia av alla m\u00e4rkta sidor. Varorna kommer endast att \u00f6verl\u00e4mnas efter framg\u00e5ngsrik verifiering av \u00e5lder och autentisering av kunden.<\/p>\n<h2>3) R\u00e4tt till avbest\u00e4llning<\/h2>\n<p><b>3.1<\/b>\u00a0Konsumenter har i allm\u00e4nhet r\u00e4tt till \u00e5ngerr\u00e4tt.<\/p>\n<p><b>3.2<\/b>\u00a0Ytterligare information om \u00e5ngerr\u00e4tten finns i s\u00e4ljarens avbest\u00e4llningsregler.<\/p>\n<h2>4) Priser och betalningsvillkor<\/h2>\n<p><b>4.1<\/b>\u00a0Om inte annat anges i s\u00e4ljarens produktbeskrivning \u00e4r de angivna priserna totalpriser som inkluderar lagstadgad moms. Eventuella tillkommande leverans- och fraktkostnader anges separat i respektive produktbeskrivning.<\/p>\n<p><b>4.2<\/b>\u00a0Betalningsalternativet\/betalningsalternativen kommer att meddelas till kunden i s\u00e4ljarens webbutik.<\/p>\n<p><b>4.3<\/b>\u00a0Om f\u00f6rskottsbetalning genom bank\u00f6verf\u00f6ring har avtalats, f\u00f6rfaller betalningen till betalning omedelbart efter det att avtalet har ing\u00e5tts, s\u00e5vida inte parterna har avtalat om en senare f\u00f6rfallodag.<\/p>\n<p><b>4.4<\/b>\u00a0Om en betalningsmetod som erbjuds via betaltj\u00e4nsten \"PayPal\" v\u00e4ljs, ska betalningen behandlas via PayPal, varigenom PayPal ocks\u00e5 kan anv\u00e4nda tj\u00e4nster fr\u00e5n tredjepartsleverant\u00f6rer av betaltj\u00e4nster f\u00f6r detta \u00e4ndam\u00e5l. Om s\u00e4ljaren ocks\u00e5 erbjuder betalningsmetoder via PayPal f\u00f6r vilka han g\u00f6r f\u00f6rskottsbetalningar till kunden (t.ex. k\u00f6p p\u00e5 konto eller delbetalning), \u00f6verl\u00e5ter han sin betalningsfordran i detta avseende till PayPal eller till den betaltj\u00e4nstleverant\u00f6r som anlitas av PayPal och som s\u00e4rskilt namnges till kunden. Innan s\u00e4ljarens \u00f6verl\u00e5telsef\u00f6rklaring godk\u00e4nns ska PayPal eller den av PayPal anlitade betaltj\u00e4nstleverant\u00f6ren g\u00f6ra en kreditkontroll med hj\u00e4lp av de \u00f6verf\u00f6rda kunduppgifterna. S\u00e4ljaren f\u00f6rbeh\u00e5ller sig r\u00e4tten att neka kunden den valda betalningsmetoden i h\u00e4ndelse av ett negativt kontrollresultat. Om den valda betalningsmetoden godk\u00e4nns m\u00e5ste kunden betala fakturabeloppet inom den avtalade betalningsperioden eller vid de avtalade betalningsintervallen. I detta fall kan kunden endast betala PayPal eller den betaltj\u00e4nstleverant\u00f6r som PayPal anlitar med skuldavskrivande verkan. \u00c4ven vid \u00f6verl\u00e5telse av fordringar f\u00f6rblir s\u00e4ljaren ansvarig f\u00f6r allm\u00e4nna kundf\u00f6rfr\u00e5gningar, t.ex. om varor, leveranstid, avs\u00e4ndning, returer, klagom\u00e5l, \u00e5terkallelsef\u00f6rklaringar och f\u00f6rs\u00e4ndelser eller kreditnotor.<\/p>\n<h2>5) Leverans- och avs\u00e4ndningsvillkor<\/h2>\n<p><b>5.1<\/b>\u00a0Om s\u00e4ljaren erbjuder sig att skicka varan ska leverans ske inom det av s\u00e4ljaren angivna leveransomr\u00e5det till den av kunden angivna leveransadressen, om inte annat avtalats. Den leveransadress som anges i s\u00e4ljarens orderhantering \u00e4r avg\u00f6rande f\u00f6r transaktionens genomf\u00f6rande.<\/p>\n<p><b>5.2<\/b>\u00a0Om leveransen av varorna misslyckas av sk\u00e4l som kunden \u00e4r ansvarig f\u00f6r, ska kunden b\u00e4ra de rimliga kostnader som s\u00e4ljaren \u00e5drar sig till f\u00f6ljd av detta. Detta g\u00e4ller dock inte kostnader f\u00f6r returf\u00f6rs\u00e4ndelse om kunden faktiskt ut\u00f6var sin \u00e5ngerr\u00e4tt. Om kunden faktiskt ut\u00f6var sin \u00e5ngerr\u00e4tt ska best\u00e4mmelsen i s\u00e4ljarens avbest\u00e4llningsregler g\u00e4lla f\u00f6r returkostnaderna.<\/p>\n<p><b>5.3<\/b>\u00a0Om kunden agerar i egenskap av f\u00f6retagare ska risken f\u00f6r oavsiktlig f\u00f6rlust och oavsiktlig f\u00f6rs\u00e4mring av de s\u00e5lda varorna \u00f6verg\u00e5 till kunden s\u00e5 snart s\u00e4ljaren har \u00f6verl\u00e4mnat varorna till spedit\u00f6ren, transport\u00f6ren eller annan person eller organisation som utsetts att utf\u00f6ra transporten. Om kunden agerar i egenskap av konsument \u00f6verg\u00e5r risken f\u00f6r oavsiktlig f\u00f6rlust och oavsiktlig f\u00f6rs\u00e4mring av de s\u00e5lda varorna f\u00f6rst n\u00e4r varorna \u00f6verl\u00e4mnas till kunden eller en person som \u00e4r beh\u00f6rig att ta emot dem. Oaktat detta skall risken f\u00f6r oavsiktlig f\u00f6rlust och oavsiktlig f\u00f6rs\u00e4mring av det s\u00e5lda godset \u00f6verg\u00e5 till kunden, \u00e4ven n\u00e4r det g\u00e4ller konsumenter, s\u00e5 snart s\u00e4ljaren har \u00f6verl\u00e4mnat godset till spedit\u00f6ren, transport\u00f6ren eller den person eller organisation som annars har utsetts att utf\u00f6ra transporten, om kunden har gett spedit\u00f6ren, transport\u00f6ren eller den person eller organisation som annars har utsetts att utf\u00f6ra transporten i uppdrag och s\u00e4ljaren inte tidigare har namngivit denna person eller organisation f\u00f6r kunden.<\/p>\n<p><b>5.4<\/b>\u00a0S\u00e4ljaren f\u00f6rbeh\u00e5ller sig r\u00e4tten att fr\u00e5ntr\u00e4da avtalet vid felaktig eller bristf\u00e4llig sj\u00e4lvleverans. Detta g\u00e4ller endast om s\u00e4ljaren inte \u00e4r ansvarig f\u00f6r den uteblivna leveransen och om s\u00e4ljaren har ing\u00e5tt en s\u00e4rskild t\u00e4ckningstransaktion med leverant\u00f6ren med vederb\u00f6rlig omsorg. S\u00e4ljaren ska g\u00f6ra alla rimliga anstr\u00e4ngningar f\u00f6r att anskaffa varorna. Om varorna inte finns tillg\u00e4ngliga eller endast delvis finns tillg\u00e4ngliga kommer kunden att informeras omedelbart och k\u00f6peskillingen kommer att \u00e5terbetalas utan dr\u00f6jsm\u00e5l.<\/p>\n<p><b>5.5<\/b>\u00a0Sj\u00e4lvh\u00e4mtning \u00e4r inte m\u00f6jlig av logistiska sk\u00e4l.<\/p>\n<p><b>5.6<\/b>\u00a0Vouchers tillhandah\u00e5lls till kunden enligt f\u00f6ljande:<\/p>\n<p>- via e-post<\/p>\n<h2>6) Beh\u00e5llande av \u00e4gander\u00e4tt<\/h2>\n<p>Om s\u00e4ljaren erl\u00e4gger f\u00f6rskottsbetalning skall han f\u00f6rbeh\u00e5lla sig \u00e4gander\u00e4tten till de levererade varorna till dess att hela k\u00f6peskillingen har betalats.<\/p>\n<h2>7) Ansvar f\u00f6r fel och brister (garanti)<\/h2>\n<p><b>7.1<\/b>\u00a0Om inte annat framg\u00e5r av f\u00f6ljande best\u00e4mmelser skall best\u00e4mmelserna om lagstadgat ansvar f\u00f6r fel till\u00e4mpas. Med avvikelse fr\u00e5n detta g\u00e4ller f\u00f6ljande f\u00f6r avtal om leverans av varor:<\/p>\n<p><b>7.2<\/b>\u00a0Om kunden agerar som en entrepren\u00f6r,<\/p>\n<ul>\n<li>s\u00e4ljaren har r\u00e4tt att v\u00e4lja typ av efterf\u00f6ljande fullg\u00f6relse;<\/li>\n<li>preskriptionstiden f\u00f6r fel i nya varor \u00e4r ett \u00e5r fr\u00e5n leverans av varorna;<\/li>\n<li>r\u00e4ttigheter och anspr\u00e5k p\u00e5 grund av defekter \u00e4r uteslutna f\u00f6r begagnade varor;<\/li>\n<li>Preskriptionstiden ska inte b\u00f6rja l\u00f6pa p\u00e5 nytt om en ers\u00e4ttningsleverans g\u00f6rs som en del av ansvaret f\u00f6r fel.<\/li>\n<\/ul>\n<p><b>7.3<\/b>\u00a0Ovan n\u00e4mnda ansvarsbegr\u00e4nsningar och f\u00f6rkortning av tidsfrister g\u00e4ller inte<\/p>\n<ul>\n<li>f\u00f6r skadest\u00e5ndsanspr\u00e5k och ers\u00e4ttning av kostnader fr\u00e5n kunden,<\/li>\n<li>f\u00f6r det fall s\u00e4ljaren upps\u00e5tligen har dolt felet,<\/li>\n<li>f\u00f6r varor som har anv\u00e4nts f\u00f6r en byggnad i enlighet med deras normala anv\u00e4ndning och som har orsakat dess felaktighet,<\/li>\n<li>f\u00f6r s\u00e4ljarens eventuella befintliga skyldighet att tillhandah\u00e5lla uppdateringar f\u00f6r digitala produkter, n\u00e4r det g\u00e4ller avtal om leverans av varor med digitala element.<\/li>\n<\/ul>\n<p><b>7.4<\/b>\u00a0F\u00f6r entrepren\u00f6rer ska dessutom de lagstadgade preskriptionstiderna f\u00f6r en befintlig lagstadgad regressr\u00e4tt f\u00f6rbli op\u00e5verkade.<\/p>\n<p><b>7.5<\/b>\u00a0Om kunden \u00e4r n\u00e4ringsidkare i den mening som avses i \u00a7 1 i den tyska handelslagen (HGB), omfattas han av den kommersiella skyldigheten att unders\u00f6ka och anm\u00e4la fel enligt \u00a7 377 i HGB. Om kunden underl\u00e5ter att fullg\u00f6ra de anm\u00e4lningsskyldigheter som regleras d\u00e4r, ska varorna anses vara godk\u00e4nda.<\/p>\n<p><b>7.6<\/b>\u00a0Om kunden agerar i egenskap av konsument uppmanas han att reklamera levererade varor med uppenbara transportskador till leverant\u00f6ren och att informera s\u00e4ljaren om detta. Om kunden underl\u00e5ter att g\u00f6ra detta ska detta inte p\u00e5verka hans lagstadgade eller avtalsenliga anspr\u00e5k p\u00e5 fel.<\/p>\n<h2>8) Inl\u00f6sen av v\u00e4rdecheckar<\/h2>\n<p><b>8.1<\/b>\u00a0V\u00e4rdecheckar som utf\u00e4rdas kostnadsfritt av s\u00e4ljaren som en del av reklamkampanjer med en viss giltighetstid och som inte kan k\u00f6pas av kunden (nedan kallade \"v\u00e4rdecheckar\") kan endast l\u00f6sas in i s\u00e4ljarens webbutik och endast under den angivna perioden.<\/p>\n<p><b>8.2<\/b>\u00a0Enskilda produkter kan uteslutas fr\u00e5n kupongkampanjen om en motsvarande begr\u00e4nsning f\u00f6ljer av inneh\u00e5llet i kampanjkupongen.<\/p>\n<p><b>8.3<\/b>\u00a0Kampanjkuponger kan endast l\u00f6sas in innan orderprocessen slutf\u00f6rs. Efterf\u00f6ljande kvittning \u00e4r inte m\u00f6jlig.<\/p>\n<p><b>8.4<\/b>\u00a0Endast en kampanjkupong kan l\u00f6sas in per best\u00e4llning.<\/p>\n<p><b>8.5<\/b>\u00a0Varornas v\u00e4rde m\u00e5ste vara minst lika stort som beloppet f\u00f6r kampanjkupongen. Eventuell \u00e5terst\u00e5ende kredit kommer inte att \u00e5terbetalas av s\u00e4ljaren.<\/p>\n<p><b>8.6<\/b>\u00a0Om v\u00e4rdet p\u00e5 kampanjkupongen inte \u00e4r tillr\u00e4ckligt f\u00f6r att t\u00e4cka best\u00e4llningen, kan en av de andra betalningsmetoderna som erbjuds av s\u00e4ljaren v\u00e4ljas f\u00f6r att reglera skillnaden.<\/p>\n<p><b>8.7<\/b>\u00a0Saldot p\u00e5 en v\u00e4rdecheck betalas varken ut kontant eller \u00e4r r\u00e4nteb\u00e4rande.<\/p>\n<p><b>8.8<\/b>\u00a0Kampanjvouchern \u00e5terbetalas inte om kunden returnerar de varor som helt eller delvis betalats med kampanjvouchern inom ramen f\u00f6r sin lagstadgade \u00e5ngerr\u00e4tt.<\/p>\n<p><b>8.9<\/b>\u00a0Kampanjvouchern \u00e4r \u00f6verl\u00e5tbar. S\u00e4ljaren kan g\u00f6ra betalning med befriande verkan till respektive innehavare som l\u00f6ser in kampanjvouchern i s\u00e4ljarens onlinebutik. Detta g\u00e4ller inte om s\u00e4ljaren har k\u00e4nnedom om eller grovt oaktsamt ignorerar att respektive innehavare inte \u00e4r beh\u00f6rig, omyndig eller saknar representationsr\u00e4tt.<\/p>\n<h2>9) Inl\u00f6sen av presentkort<\/h2>\n<p><b>9.1<\/b>\u00a0Presentkort som kan k\u00f6pas via s\u00e4ljarens webbutik (nedan kallade \"presentkort\") kan endast l\u00f6sas in i s\u00e4ljarens webbutik, om inte annat anges i presentkortet.<\/p>\n<p><b>9.2<\/b>\u00a0Presentkort och \u00e5terst\u00e5ende tillgodohavande p\u00e5 presentkort kan l\u00f6sas in fram till utg\u00e5ngen av det tredje \u00e5ret efter det \u00e5r d\u00e5 presentkortet k\u00f6ptes. \u00c5terst\u00e5ende tillgodohavande krediteras kunden fram till utg\u00e5ngsdatumet.<\/p>\n<p><b>9.3<\/b>\u00a0Presentkort kan endast l\u00f6sas in innan orderprocessen har slutf\u00f6rts. Efterf\u00f6ljande kvittning \u00e4r inte m\u00f6jlig.<\/p>\n<p><b>9.4<\/b>\u00a0Endast ett presentkort kan l\u00f6sas in per best\u00e4llning.<\/p>\n<p><b>9.5<\/b>\u00a0Presentkort kan endast anv\u00e4ndas f\u00f6r k\u00f6p av varor och inte f\u00f6r k\u00f6p av ytterligare presentkort.<\/p>\n<p><b>9.6<\/b>\u00a0Om presentkortets v\u00e4rde inte \u00e4r tillr\u00e4ckligt f\u00f6r att t\u00e4cka best\u00e4llningen kan n\u00e5gon av de andra betalningsmetoderna som s\u00e4ljaren erbjuder v\u00e4ljas f\u00f6r att reglera mellanskillnaden.<\/p>\n<p><b>9.7<\/b>\u00a0Saldot p\u00e5 ett presentkort betalas varken ut kontant eller \u00e4r r\u00e4nteb\u00e4rande.<\/p>\n<p><b>9.8<\/b>\u00a0Presentkortet \u00e4r \u00f6verl\u00e5tbart. S\u00e4ljaren f\u00e5r g\u00f6ra betalning med befriande verkan till respektive innehavare som l\u00f6ser in presentkortet i s\u00e4ljarens webbutik. Detta g\u00e4ller inte om s\u00e4ljaren har k\u00e4nnedom om eller grovt oaktsamt ignorerar att respektive innehavare saknar beh\u00f6righet, \u00e4r omyndig eller saknar representationsr\u00e4tt.<\/p>\n<h2>10) Till\u00e4mplig lag<\/h2>\n<p>F\u00f6rbundsrepubliken Tysklands lag skall till\u00e4mpas p\u00e5 alla r\u00e4ttsf\u00f6rh\u00e5llanden mellan parterna, med uteslutande av lagarna om internationell f\u00f6rs\u00e4ljning av varor. F\u00f6r konsumenter g\u00e4ller detta lagval endast i den m\u00e5n som det skydd som ges av tvingande best\u00e4mmelser i lagen i det land d\u00e4r konsumenten har sin vanliga vistelseort inte \u00e5terkallas.<\/p>\n<h2>11) Ort f\u00f6r jurisdiktion<\/h2>\n<p>Om kunden \u00e4r en n\u00e4ringsidkare, en offentligr\u00e4ttslig juridisk person eller en offentligr\u00e4ttslig specialfond med s\u00e4te i F\u00f6rbundsrepubliken Tyskland, \u00e4r s\u00e4ljarens s\u00e4te exklusivt beh\u00f6rigt f\u00f6r alla tvister som uppst\u00e5r p\u00e5 grund av detta avtal. Om kunden har sitt s\u00e4te utanf\u00f6r F\u00f6rbundsrepubliken Tysklands territorium \u00e4r s\u00e4ljarens s\u00e4te exklusivt beh\u00f6rigt f\u00f6r alla tvister som uppst\u00e5r p\u00e5 grund av detta avtal, om avtalet eller anspr\u00e5k som uppst\u00e5r p\u00e5 grund av avtalet kan h\u00e4nf\u00f6ras till kundens yrkesm\u00e4ssiga eller kommersiella verksamhet. I ovanst\u00e5ende fall har s\u00e4ljaren dock alltid r\u00e4tt att \u00f6verklaga till domstolen p\u00e5 kundens verksamhetsort.<\/p>","protected":false},"excerpt":{"rendered":"<p>Allgemeine Gesch\u00e4ftsbedingungen mit Kundeninformationen Inhaltsverzeichnis Geltungsbereich Vertragsschluss Widerrufsrecht Preise und Zahlungsbedingungen Liefer- und Versandbedingungen Eigentumsvorbehalt M\u00e4ngelhaftung (Gew\u00e4hrleistung) Einl\u00f6sung von Aktionsgutscheinen Einl\u00f6sung von Geschenkgutscheinen Anwendbares Recht Gerichtsstand 1) Geltungsbereich 1.1\u00a0Diese Allgemeinen Gesch\u00e4ftsbedingungen (nachfolgend &#8222;AGB&#8220;) der Andara GmbH (nachfolgend &#8222;Verk\u00e4ufer&#8220;), gelten f\u00fcr alle Vertr\u00e4ge zur Lieferung von Waren, die ein Verbraucher oder Unternehmer (nachfolgend \u201eKunde\u201c) mit dem [&hellip;]<\/p>\n","protected":false},"author":1,"featured_media":0,"parent":0,"menu_order":0,"comment_status":"closed","ping_status":"closed","template":"","meta":{"_acf_changed":false,"footnotes":""},"class_list":["post-60","page","type-page","status-publish","hentry"],"acf":[],"_links":{"self":[{"href":"https:\/\/japan-budo.com\/sv\/wp-json\/wp\/v2\/pages\/60","targetHints":{"allow":["GET"]}}],"collection":[{"href":"https:\/\/japan-budo.com\/sv\/wp-json\/wp\/v2\/pages"}],"about":[{"href":"https:\/\/japan-budo.com\/sv\/wp-json\/wp\/v2\/types\/page"}],"author":[{"embeddable":true,"href":"https:\/\/japan-budo.com\/sv\/wp-json\/wp\/v2\/users\/1"}],"replies":[{"embeddable":true,"href":"https:\/\/japan-budo.com\/sv\/wp-json\/wp\/v2\/comments?post=60"}],"version-history":[{"count":4,"href":"https:\/\/japan-budo.com\/sv\/wp-json\/wp\/v2\/pages\/60\/revisions"}],"predecessor-version":[{"id":5408,"href":"https:\/\/japan-budo.com\/sv\/wp-json\/wp\/v2\/pages\/60\/revisions\/5408"}],"wp:attachment":[{"href":"https:\/\/japan-budo.com\/sv\/wp-json\/wp\/v2\/media?parent=60"}],"curies":[{"name":"wp","href":"https:\/\/api.w.org\/{rel}","templated":true}]}}