{"id":61,"date":"2024-02-07T21:00:47","date_gmt":"2024-02-07T20:00:47","guid":{"rendered":"https:\/\/japan-budo.com\/?page_id=61"},"modified":"2025-11-01T21:10:26","modified_gmt":"2025-11-01T20:10:26","slug":"avbokningsregler","status":"publish","type":"page","link":"https:\/\/japan-budo.com\/sv\/avbokningsregler\/","title":{"rendered":"Avbokningsregler"},"content":{"rendered":"<h2>Avbest\u00e4llningspolicy och avbest\u00e4llningsformul\u00e4r<\/h2>\n<p>Konsumenter har r\u00e4tt till \u00e5ngerr\u00e4tt i enlighet med f\u00f6ljande best\u00e4mmelser, varvid en konsument \u00e4r varje fysisk person som ing\u00e5r en r\u00e4ttshandling f\u00f6r \u00e4ndam\u00e5l som huvudsakligen kan h\u00e4nf\u00f6ras varken till deras kommersiella verksamhet eller till deras sj\u00e4lvst\u00e4ndiga yrkesverksamhet:<\/p>\n<h2>A. Avbokningsregler<\/h2>\n<h3>R\u00e4tt till avbest\u00e4llning<\/h3>\n<p>Du har r\u00e4tt att s\u00e4ga upp detta avtal inom fjorton dagar utan att ange n\u00e5got sk\u00e4l.<\/p>\n<p>Avbest\u00e4llningsperioden \u00e4r fjorton dagar fr\u00e5n den dag d\u00e5 du eller en tredje part som du har utsett, och som inte \u00e4r transport\u00f6ren, tog de sista varorna i besittning.<\/p>\n<p>Um Ihr Widerrufsrecht auszu\u00fcben, m\u00fcssen Sie uns (Andara GmbH, Magdalenenstr. 3, 64390 Erzhausen, Deutschland, Tel.: 06150 1830095, E-Mail: info@andara-gmbh.de.) mittels einer eindeutigen Erkl\u00e4rung (z. B. ein mit der Post versandter Brief oder E-Mail) \u00fcber Ihren Entschluss, diesen Vertrag zu widerrufen, informieren. Sie k\u00f6nnen daf\u00fcr das beigef\u00fcgte Muster-Widerrufsformular verwenden, das jedoch nicht vorgeschrieben ist.<\/p>\n<p>F\u00f6r att iaktta \u00e5ngerfristen r\u00e4cker det att du skickar ditt meddelande om att du utnyttjar din \u00e5ngerr\u00e4tt innan \u00e5ngerfristen l\u00f6per ut.<\/p>\n<h3>Konsekvenser av upps\u00e4gning<\/h3>\n<p>Om du fr\u00e5ntr\u00e4der detta avtal ska vi \u00e5terbetala alla betalningar som vi mottagit fr\u00e5n dig, inklusive leveranskostnader (med undantag f\u00f6r extra kostnader till f\u00f6ljd av ditt val av en annan typ av leverans \u00e4n den billigaste typen av standardleverans som vi erbjuder), utan on\u00f6digt dr\u00f6jsm\u00e5l och under alla omst\u00e4ndigheter senast 14 dagar fr\u00e5n den dag d\u00e5 vi informerades om ditt beslut att fr\u00e5ntr\u00e4da detta avtal. Vid denna \u00e5terbetalning anv\u00e4nder vi samma betalningsmedel som du anv\u00e4nde vid den ursprungliga transaktionen, s\u00e5vida vi inte uttryckligen kommit \u00f6verens om n\u00e5got annat med dig; under inga omst\u00e4ndigheter debiteras du n\u00e5gra avgifter f\u00f6r denna \u00e5terbetalning. Vi kan h\u00e5lla inne \u00e5terbetalningen tills vi har f\u00e5tt tillbaka varorna eller tills du har l\u00e4mnat bevis p\u00e5 att du har \u00e5terl\u00e4mnat varorna, beroende p\u00e5 vilket som intr\u00e4ffar tidigast.<\/p>\n<p>Ni ska \u00e5ters\u00e4nda eller \u00f6verl\u00e4mna varorna till oss omedelbart och under alla omst\u00e4ndigheter senast inom fjorton dagar fr\u00e5n den dag d\u00e5 ni informerar oss om att ni vill h\u00e4va detta avtal. Tidsfristen \u00e4r uppfylld om du skickar varorna innan perioden p\u00e5 fjorton dagar har l\u00f6pt ut.<\/p>\n<p>Du ska b\u00e4ra de direkta kostnaderna f\u00f6r att returnera varorna. De direkta kostnaderna f\u00f6r att returnera varor som p\u00e5 grund av sin beskaffenhet normalt inte kan returneras till oss per post (speditionsvaror) ber\u00e4knas uppg\u00e5 till h\u00f6gst cirka 80,00 euro f\u00f6r varje s\u00e5dan vara.<\/p>\n<p>Du beh\u00f6ver endast betala f\u00f6r eventuell v\u00e4rdeminskning p\u00e5 varorna om v\u00e4rdeminskningen beror p\u00e5 hantering av varorna som inte \u00e4r n\u00f6dv\u00e4ndig f\u00f6r att kontrollera deras skick, egenskaper och funktionalitet.<\/p>\n<h3>Uteslutning eller f\u00f6rtida upph\u00f6rande av \u00e5ngerr\u00e4tten<\/h3>\n<p>\u00c5ngerr\u00e4tten g\u00e4ller inte avtal om leverans av varor som inte \u00e4r prefabricerade och f\u00f6r vars tillverkning ett individuellt val eller fastst\u00e4llande av konsumenten \u00e4r avg\u00f6rande eller som \u00e4r tydligt anpassade till konsumentens personliga behov.<\/p>\n<h3>Allm\u00e4n information<\/h3>\n<p>1) Undvik att skada eller f\u00f6rorena varorna. Returnera varorna till oss i originalf\u00f6rpackningen med alla tillbeh\u00f6r och f\u00f6rpackningskomponenter. Anv\u00e4nd vid behov en skyddande ytterf\u00f6rpackning. Om du inte l\u00e4ngre har kvar originalf\u00f6rpackningen ska du anv\u00e4nda en l\u00e4mplig f\u00f6rpackning f\u00f6r att s\u00e4kerst\u00e4lla tillr\u00e4ckligt skydd mot transportskador.<br \/>\n2) V\u00e4nligen skicka inte tillbaka varorna till oss med fraktsedel.<br \/>\n3) Observera att de ovan n\u00e4mnda punkterna 1-2 inte \u00e4r en f\u00f6ruts\u00e4ttning f\u00f6r ett effektivt ut\u00f6vande av \u00e5ngerr\u00e4tten.<\/p>\n<h2>B. Blankett f\u00f6r avbest\u00e4llning<\/h2>\n<p>Om du vill s\u00e4ga upp avtalet, v\u00e4nligen fyll i och skicka tillbaka detta formul\u00e4r.<\/p>\n<p>Till<\/p>\n<p>Andara GmbH<br \/>\nMagdalenenstr. 3<br \/>\n64390 Erzhausen<br \/>\nTyskland<br \/>\nE-Mail: info@andara-gmbh.de.<\/p>\n<p>Jag\/vi (*) h\u00e4ver h\u00e4rmed det avtal som ing\u00e5tts av mig\/oss (*) om k\u00f6p av f\u00f6ljande varor (*)\/tillhandah\u00e5llande av f\u00f6ljande tj\u00e4nster (*)<\/p>\n<p>_______________________________________________________<\/p>\n<p>_______________________________________________________<\/p>\n<p>Best\u00e4lld p\u00e5 (*) ____________ \/ mottagen p\u00e5 (*) __________________<\/p>\n<p>________________________________________________________<br \/>\nKonsumentens\/konsumenternas namn<\/p>\n<p>________________________________________________________<br \/>\nKonsumentens\/konsumenternas adress<\/p>\n<p>________________________________________________________<br \/>\nKonsumentens\/konsumenternas namnteckning (endast f\u00f6r anm\u00e4lan p\u00e5 papper)<\/p>\n<p>_________________________<br \/>\ndatum<\/p>\n<p>(*) Stryk det som inte \u00e4r till\u00e4mpligt<\/p>","protected":false},"excerpt":{"rendered":"<p>Widerrufsbelehrung &amp; Widerrufsformular Verbrauchern steht ein Widerrufsrecht nach folgender Ma\u00dfgabe zu, wobei Verbraucher jede nat\u00fcrliche Person ist, die ein Rechtsgesch\u00e4ft zu Zwecken abschlie\u00dft, die \u00fcberwiegend weder ihrer gewerblichen noch ihrer selbst\u00e4ndigen beruflichen T\u00e4tigkeit zugerechnet werden k\u00f6nnen: A. Widerrufsbelehrung Widerrufsrecht Sie haben das Recht, binnen vierzehn Tagen ohne Angabe von Gr\u00fcnden diesen Vertrag zu widerrufen. Die [&hellip;]<\/p>\n","protected":false},"author":1,"featured_media":0,"parent":0,"menu_order":0,"comment_status":"closed","ping_status":"closed","template":"","meta":{"_acf_changed":false,"footnotes":""},"class_list":["post-61","page","type-page","status-publish","hentry"],"acf":[],"_links":{"self":[{"href":"https:\/\/japan-budo.com\/sv\/wp-json\/wp\/v2\/pages\/61","targetHints":{"allow":["GET"]}}],"collection":[{"href":"https:\/\/japan-budo.com\/sv\/wp-json\/wp\/v2\/pages"}],"about":[{"href":"https:\/\/japan-budo.com\/sv\/wp-json\/wp\/v2\/types\/page"}],"author":[{"embeddable":true,"href":"https:\/\/japan-budo.com\/sv\/wp-json\/wp\/v2\/users\/1"}],"replies":[{"embeddable":true,"href":"https:\/\/japan-budo.com\/sv\/wp-json\/wp\/v2\/comments?post=61"}],"version-history":[{"count":4,"href":"https:\/\/japan-budo.com\/sv\/wp-json\/wp\/v2\/pages\/61\/revisions"}],"predecessor-version":[{"id":5567,"href":"https:\/\/japan-budo.com\/sv\/wp-json\/wp\/v2\/pages\/61\/revisions\/5567"}],"wp:attachment":[{"href":"https:\/\/japan-budo.com\/sv\/wp-json\/wp\/v2\/media?parent=61"}],"curies":[{"name":"wp","href":"https:\/\/api.w.org\/{rel}","templated":true}]}}