{"id":65,"date":"2024-02-07T21:00:47","date_gmt":"2024-02-07T20:00:47","guid":{"rendered":"https:\/\/japan-budo.com\/?page_id=65"},"modified":"2024-02-08T08:53:48","modified_gmt":"2024-02-08T07:53:48","slug":"aekthet-av-betyg","status":"publish","type":"page","link":"https:\/\/japan-budo.com\/sv\/aekthet-av-betyg\/","title":{"rendered":"\u00c4kthet i kreditbetyg"},"content":{"rendered":"<p>Produktomd\u00f6mena kontrolleras inte f\u00f6r \u00e4kthet innan de publiceras. De kan d\u00e4rf\u00f6r h\u00e4rr\u00f6ra fr\u00e5n konsumenter som inte har k\u00f6pt\/anv\u00e4nt de bed\u00f6mda produkterna.<br \/>\nRecensioner fr\u00e5n k\u00f6pare som har k\u00f6pt direkt fr\u00e5n v\u00e5r webbutik och har ett kundkonto \u00e4r m\u00e4rkta med \"Verifierat k\u00f6p\".<\/p>\n<p>Vi f\u00f6rbeh\u00e5ller oss r\u00e4tten att inte publicera recensioner som inneh\u00e5ller osanningar eller ol\u00e4mpligt inneh\u00e5ll. Detta g\u00e4ller oavsett om recensionen \u00e4r positiv eller negativ.<\/p>","protected":false},"excerpt":{"rendered":"<p>Die Produktbewertungen werden vor ihrer Ver\u00f6ffentlichung nicht auf ihre Echtheit \u00fcberpr\u00fcft. Sie k\u00f6nnen daher auch von Verbrauchern stammen, die die bewerteten Produkte tats\u00e4chlich gar nicht erworben\/genutzt haben. Bewertungen von K\u00e4ufern, die direkt in unserem Onlineshop gekauft haben und ein Kundenkonto besitzen, sind mit dem Hinweis &#8222;Verifizierter Kauf&#8220; gekennzeichnet. Wir behalten uns vor Bewertungen, die Unwahrheiten [&hellip;]<\/p>\n","protected":false},"author":1,"featured_media":0,"parent":0,"menu_order":0,"comment_status":"closed","ping_status":"closed","template":"","meta":{"_acf_changed":false,"footnotes":""},"class_list":["post-65","page","type-page","status-publish","hentry"],"acf":[],"_links":{"self":[{"href":"https:\/\/japan-budo.com\/sv\/wp-json\/wp\/v2\/pages\/65","targetHints":{"allow":["GET"]}}],"collection":[{"href":"https:\/\/japan-budo.com\/sv\/wp-json\/wp\/v2\/pages"}],"about":[{"href":"https:\/\/japan-budo.com\/sv\/wp-json\/wp\/v2\/types\/page"}],"author":[{"embeddable":true,"href":"https:\/\/japan-budo.com\/sv\/wp-json\/wp\/v2\/users\/1"}],"replies":[{"embeddable":true,"href":"https:\/\/japan-budo.com\/sv\/wp-json\/wp\/v2\/comments?post=65"}],"version-history":[{"count":1,"href":"https:\/\/japan-budo.com\/sv\/wp-json\/wp\/v2\/pages\/65\/revisions"}],"predecessor-version":[{"id":77,"href":"https:\/\/japan-budo.com\/sv\/wp-json\/wp\/v2\/pages\/65\/revisions\/77"}],"wp:attachment":[{"href":"https:\/\/japan-budo.com\/sv\/wp-json\/wp\/v2\/media?parent=65"}],"curies":[{"name":"wp","href":"https:\/\/api.w.org\/{rel}","templated":true}]}}