{"id":767,"date":"2024-03-07T09:46:23","date_gmt":"2024-03-07T08:46:23","guid":{"rendered":"https:\/\/japan-budo.com\/?page_id=767"},"modified":"2024-04-06T14:27:31","modified_gmt":"2024-04-06T12:27:31","slug":"restaurering-av-katana","status":"publish","type":"page","link":"https:\/\/japan-budo.com\/sv\/restaurering-av-katana\/","title":{"rendered":"Restaurering av katana"},"content":{"rendered":"<p>F\u00f6r de flesta Katana-\u00e4gare kommer f\u00f6rr eller senare \u00f6gonblicket d\u00e5 deras eget sv\u00e4rd beh\u00f6ver restaureras.<\/p>\n<p>Det \u00e4r stor skillnad om sv\u00e4rdet \u00e4r en Iaito, en modern replika eller ett \u00e4kta japanskt sv\u00e4rd. Vi erbjuder dock r\u00e4tt service f\u00f6r alla behov.<\/p>\n<h2>Iaito Restaurering<\/h2>\n<p>Det finns typiska slitdelar p\u00e5 Iaito, t.ex. sayan. Detta belastas under regelbunden tr\u00e4ning och slits ut.<\/p>\n<p>Ekonomiskt sett \u00e4r det oftast vettigt att byta ut sayan helt och h\u00e5llet ist\u00e4llet f\u00f6r att reparera den.<\/p>\n<p>Vi erbjuder reservdelar till Iaito fr\u00e5n v\u00e5rt sortiment. Om du har k\u00f6pt din Iaito fr\u00e5n n\u00e5gon annan kan vi vanligtvis ocks\u00e5 leverera l\u00e4mpliga reservdelar om den kommer fr\u00e5n Japan.<\/p>\n<p>F\u00f6rutom saya erbjuder vi ocks\u00e5 utbytbara element som menuki, tsuka ito, fuchigashira och mycket mer ...<\/p>\n<p>V\u00e4nligen ta <a href=\"\/sv\/kontakt\/\" target=\"_blank\" rel=\"noopener\">Kontakta oss<\/a> oss om du har n\u00e5gra fr\u00e5gor.<\/p>\n<h2>Modern restaurering av katana<\/h2>\n<p>Moderna sv\u00e4rd som tillverkats utanf\u00f6r Japan anv\u00e4nds ofta f\u00f6r att utf\u00f6ra sk\u00e4r\u00f6vningar. P\u00e5 s\u00e5 s\u00e4tt skyddas originalen fr\u00e5n Japan och om sv\u00e4rdet skadas \u00e4r det f\u00f6rh\u00e5llandevis billigt att reparera.<\/p>\n<p>Anv\u00e4ndning orsakar vissa skador p\u00e5 sv\u00e4rdet. Dessa \u00e4r vanligtvis repade blad eller skadade handtag.<\/p>\n<p>Det \u00e4r oftast inte meningsfullt att f\u00f6rnya bladpolishen p\u00e5 s\u00e5dana sv\u00e4rd, eftersom det ofta skulle vara lika dyrt som ett helt nytt sv\u00e4rd.<\/p>\n<p>Det finns dock m\u00e5nga knep f\u00f6r att med enkla medel g\u00f6ra bladet lite snyggare igen.<\/p>\n<p>Dessutom blir vi regelbundet kontaktade av kunder som har k\u00f6pt moderna Katana fr\u00e5n utlandet och inte \u00e4r n\u00f6jda med enskilda detaljer p\u00e5 sv\u00e4rdet. I detta fall kan en reparation vara billigare \u00e4n en avbest\u00e4llning hos en utl\u00e4ndsk leverant\u00f6r.<\/p>\n<p>Men vi kan ocks\u00e5 \u00e5terst\u00e4lla s\u00e5dana moderna Katana j\u00e4mf\u00f6relsevis billigt. V\u00e4nligen <a href=\"\/sv\/kontakt\/\" target=\"_blank\" rel=\"noopener\">Kontakta oss<\/a> oss om du har en fr\u00e5ga inom detta omr\u00e5de. Det finns enkla l\u00f6sningar p\u00e5 de flesta problem.<\/p>\n<h2>Nihonto Restaurering<\/h2>\n<p>Restaurering av originalsv\u00e4rd fr\u00e5n Japan (Nihonto) \u00e4r ett viktigt arbete som kr\u00e4ver en h\u00f6g niv\u00e5 av hantverksskicklighet om resultatet ska bli bra.<\/p>\n<p>I motsats till de tv\u00e5 tidigare n\u00e4mnda kategorierna \u00e4r det aldrig tillr\u00e5dligt att g\u00f6ra det sj\u00e4lv!<\/p>\n<p>Det finns specialister f\u00f6r bearbetning av s\u00e5dana sv\u00e4rd. B\u00e5de f\u00f6r antika sv\u00e4rd fr\u00e5n Japan och f\u00f6r samurajsv\u00e4rd tillverkade av samtida sv\u00e4rdssmeder i Japan.<\/p>\n<p>Den vanligaste f\u00f6rfr\u00e5gan \u00e4r att f\u00e5 en helt ny polering n\u00e4r ett antikt sv\u00e4rd har k\u00f6pts eller att f\u00e5 en \u00f6versyn av poleringen p\u00e5 nyare sv\u00e4rd som har anv\u00e4nts f\u00f6r sk\u00e4r\u00f6vningar.<\/p>\n<p>Alla andra f\u00f6rfr\u00e5gningar, t.ex. f\u00f6rnyelse av f\u00e4stet (Koshirae), kan dock ocks\u00e5 omfattas av v\u00e5r tj\u00e4nst. V\u00e4nligen kontakta <a href=\"\/sv\/kontakt\/\" target=\"_blank\" rel=\"noopener\">Kontakta oss<\/a> kontakta oss om du beh\u00f6ver restaurera en Nihonto.<\/p>\n<h3>Slutsats<\/h3>\n<p>Vi \u00e4r i f\u00f6rsta hand en leverant\u00f6r f\u00f6r f\u00f6rs\u00e4ljning av sv\u00e4rd, men vi vill \u00e4ven erbjuda dig denna tj\u00e4nst.<\/p>\n<p>Beroende p\u00e5 f\u00f6rfr\u00e5gan kan vi d\u00e4rf\u00f6r h\u00e4nvisa dig till en specialiserad hantverkare efter att du har kontaktat oss.<\/p>\n<p>Vi tj\u00e4nar ingenting p\u00e5 s\u00e5dana \u00f6verf\u00f6ringar, vi ser detta som en tj\u00e4nst f\u00f6r den japanska sv\u00e4rdscenen i Tyskland. Det finns l\u00e4mpliga kontakter i Europa och Japan f\u00f6r alla fr\u00e5gor, s\u00e5 tveka inte att kontakta oss.<\/p>\n<p>Om du \u00e4r os\u00e4ker p\u00e5 vilken av de tre kategorierna ovan som ditt sv\u00e4rd ska kategoriseras i, hj\u00e4lper vi dig g\u00e4rna.<\/p>","protected":false},"excerpt":{"rendered":"<p>F\u00fcr die meisten Katana Besitzer kommt fr\u00fcher oder sp\u00e4ter der Moment, an dem Restaurationsbedarf am eigenen Schwert entsteht. Dabei macht es einen gro\u00dfen Unterschied, ob es sich bei dem Schwert um ein Iaito handelt, eine modernes Replika oder um ein echtes japanisches Schwert. Wir bieten bieten aber f\u00fcr alle Bed\u00fcrfnisse den passenden Service. Iaito Restauration [&hellip;]<\/p>\n","protected":false},"author":1,"featured_media":0,"parent":0,"menu_order":0,"comment_status":"closed","ping_status":"closed","template":"","meta":{"_acf_changed":false,"footnotes":""},"class_list":["post-767","page","type-page","status-publish","hentry"],"acf":[],"_links":{"self":[{"href":"https:\/\/japan-budo.com\/sv\/wp-json\/wp\/v2\/pages\/767","targetHints":{"allow":["GET"]}}],"collection":[{"href":"https:\/\/japan-budo.com\/sv\/wp-json\/wp\/v2\/pages"}],"about":[{"href":"https:\/\/japan-budo.com\/sv\/wp-json\/wp\/v2\/types\/page"}],"author":[{"embeddable":true,"href":"https:\/\/japan-budo.com\/sv\/wp-json\/wp\/v2\/users\/1"}],"replies":[{"embeddable":true,"href":"https:\/\/japan-budo.com\/sv\/wp-json\/wp\/v2\/comments?post=767"}],"version-history":[{"count":8,"href":"https:\/\/japan-budo.com\/sv\/wp-json\/wp\/v2\/pages\/767\/revisions"}],"predecessor-version":[{"id":2391,"href":"https:\/\/japan-budo.com\/sv\/wp-json\/wp\/v2\/pages\/767\/revisions\/2391"}],"wp:attachment":[{"href":"https:\/\/japan-budo.com\/sv\/wp-json\/wp\/v2\/media?parent=767"}],"curies":[{"name":"wp","href":"https:\/\/api.w.org\/{rel}","templated":true}]}}