{"id":95,"date":"2024-02-08T10:00:18","date_gmt":"2024-02-08T09:00:18","guid":{"rendered":"https:\/\/japan-budo.com\/?page_id=95"},"modified":"2024-05-03T16:35:47","modified_gmt":"2024-05-03T14:35:47","slug":"betalning-och-frakt","status":"publish","type":"page","link":"https:\/\/japan-budo.com\/sv\/betalning-och-frakt\/","title":{"rendered":"Betalning och avs\u00e4ndande"},"content":{"rendered":"<p><strong>Betalning och avs\u00e4ndande<\/strong><br \/>\nF\u00f6ljande villkor g\u00e4ller:<\/p>\n<p><strong>Leveransvillkor<br \/>\n<\/strong>Leverans sker inom Tyskland och Europa.<\/p>\n<p>F\u00f6r alla k\u00f6pare med leveransadress utomlands (utanf\u00f6r Tyskland):<br \/>\nObservera att vi \u00e4ven erbjuder varor i v\u00e5r webbshop som kanske inte f\u00e5r importeras till alla l\u00e4nder. Kontrollera d\u00e4rf\u00f6r med din lokala tullmyndighet innan du g\u00f6r ditt k\u00f6p f\u00f6r att ta reda p\u00e5 om import av respektive produkt \u00e4r till\u00e5ten i ditt land.<br \/>\nVi skickar alltid fr\u00e5n Tyskland. Vi tar inget ansvar f\u00f6r produkter som konfiskeras av tullen och kan inte bevilja n\u00e5gra \u00e5terbetalningar.<br \/>\nOm din leveransadress ligger utanf\u00f6r Tyskland kan importkostnader och tullavgifter tillkomma. Dessa avgifter ber\u00e4knas i respektive mottagarland och ska b\u00e4ras av k\u00f6paren. F\u00f6r mer detaljerad information om importkostnader, v\u00e4nligen kontakta ditt lokala tullkontor.<\/p>\n<p><strong>Fraktkostnader<\/strong><br \/>\n<strong>Inrikes leveranser (Tyskland): <\/strong><br \/>\nVi tar ut 7,50 euro per order f\u00f6r leveranser.<br \/>\n<strong>Leveranser till utlandet:<\/strong><br \/>\nVi ber\u00e4knar fraktkostnaderna utomlands enligt f\u00f6ljande:<br \/>\nEU och Schweiz: 23,90 Euro<br \/>\nV\u00e4rlden \u00f6ver: 49 Euro netto<\/p>\n<p>En mycket h\u00f6g vikt eller ett s\u00e4rskilt h\u00f6gt v\u00e4rde p\u00e5 varorna, eller om mer \u00e4n ett paket kr\u00e4vs f\u00f6r avs\u00e4ndning, kan i s\u00e4llsynta fall leda till extra kostnader. I s\u00e5 fall kontaktar vi dig dock omedelbart f\u00f6r att diskutera saken.<\/p>\n<p>Vi skickar endast v\u00e4rdecheckar via e-post. D\u00e4rf\u00f6r tillkommer inga fraktkostnader f\u00f6r v\u00e4rdecheckar.<\/p>\n<p><strong>Leveranstider<\/strong><br \/>\nOm ingen annan period anges i respektive erbjudande, kommer varorna att levereras inom 2 - 3 arbetsdagar i Tyskland och inom 5 - 7 arbetsdagar efter mottagande av betalning f\u00f6r leveranser till utlandet.<br \/>\nObservera att inga leveranser sker p\u00e5 s\u00f6ndagar och allm\u00e4nna helgdagar.<br \/>\nOm du har best\u00e4llt varor med olika leveranstider skickar vi varorna i en enda f\u00f6rs\u00e4ndelse om vi inte har kommit \u00f6verens med dig om n\u00e5got annat. I s\u00e5 fall best\u00e4ms leveranstiden av den artikel med l\u00e4ngst leveranstid som du har best\u00e4llt.<\/p>\n<p><strong>Betalningsvillkor<\/strong><br \/>\n<strong>F\u00f6r inrikesleveranser (Tyskland) har du f\u00f6ljande betalningsalternativ:<\/strong><br \/>\n<strong>&#8211;\u00a0<\/strong>F\u00f6rskottsbetalning via bank\u00f6verf\u00f6ring<br \/>\n<strong>&#8211;<\/strong>\u00a0PayPal<br \/>\n<strong>&#8211;<\/strong>\u00a0Direktdebitering via PayPal (inget PayPal-konto kr\u00e4vs!)<br \/>\n<strong>&#8211;<\/strong> Kreditkortsbetalning via PayPal (inget PayPal-konto kr\u00e4vs!)<br \/>\n<strong>F\u00f6r leveranser till utlandet har du f\u00f6ljande betalningsalternativ:<\/strong><br \/>\n<strong>&#8211;<\/strong><strong>\u00a0 <\/strong>F\u00f6rskottsbetalning via bank\u00f6verf\u00f6ring<br \/>\n<strong>&#8211;<\/strong>\u00a0 Betalning via PayPal<\/p>\n<p>Om du har n\u00e5gra fr\u00e5gor hittar du v\u00e5ra kontaktuppgifter i avtrycket.<\/p>","protected":false},"excerpt":{"rendered":"<p>Zahlung und Versand Es gelten folgende Bedingungen: Versandbedingungen Die Lieferung erfolgt im Inland (Deutschland) und in Europa. F\u00fcr alle K\u00e4ufer mit Lieferadresse im Ausland (au\u00dferhalb von Deutschland): Bitte beachten Sie, dass wir in unserem Webshop auch Artikel anbieten, die nicht in jedes Land importiert werden d\u00fcrfen. Bitte Informieren Sie sich deshalb vor Ihrem Kauf bei [&hellip;]<\/p>\n","protected":false},"author":1,"featured_media":0,"parent":0,"menu_order":0,"comment_status":"closed","ping_status":"closed","template":"","meta":{"_acf_changed":false,"footnotes":""},"class_list":["post-95","page","type-page","status-publish","hentry"],"acf":[],"_links":{"self":[{"href":"https:\/\/japan-budo.com\/sv\/wp-json\/wp\/v2\/pages\/95","targetHints":{"allow":["GET"]}}],"collection":[{"href":"https:\/\/japan-budo.com\/sv\/wp-json\/wp\/v2\/pages"}],"about":[{"href":"https:\/\/japan-budo.com\/sv\/wp-json\/wp\/v2\/types\/page"}],"author":[{"embeddable":true,"href":"https:\/\/japan-budo.com\/sv\/wp-json\/wp\/v2\/users\/1"}],"replies":[{"embeddable":true,"href":"https:\/\/japan-budo.com\/sv\/wp-json\/wp\/v2\/comments?post=95"}],"version-history":[{"count":4,"href":"https:\/\/japan-budo.com\/sv\/wp-json\/wp\/v2\/pages\/95\/revisions"}],"predecessor-version":[{"id":2974,"href":"https:\/\/japan-budo.com\/sv\/wp-json\/wp\/v2\/pages\/95\/revisions\/2974"}],"wp:attachment":[{"href":"https:\/\/japan-budo.com\/sv\/wp-json\/wp\/v2\/media?parent=95"}],"curies":[{"name":"wp","href":"https:\/\/api.w.org\/{rel}","templated":true}]}}