{"id":1259,"date":"2024-03-21T13:21:01","date_gmt":"2024-03-21T12:21:01","guid":{"rendered":"https:\/\/japan-budo.com\/unkategorisiert\/shinken-von-meister-masaaki\/"},"modified":"2025-06-04T08:24:17","modified_gmt":"2025-06-04T06:24:17","slug":"shinken-fran-maestare-masaaki","status":"publish","type":"product","link":"https:\/\/japan-budo.com\/sv\/nihonto-gendaito-shinken-iai-tameshigiri\/shinken-fran-maestare-masaaki\/","title":{"rendered":"Shinken Shinsakuto Katana fr\u00e5n Master Masaaki"},"content":{"rendered":"<p>Mycket vackert best\u00e4llningsarbete, skapat av m\u00e4stare <strong data-start=\"34\" data-end=\"53\">Yoshida Masaaki<\/strong> fr\u00e5n Gifu realiserades.<\/p>\n<p>En shinsakuto som passar lika bra som samlarobjekt som sv\u00e4rd f\u00f6r iai och tameshigiri.<\/p>\n<p>Tekniska data f\u00f6r denna r\u00f6relse:<br \/>\nL\u00e4ngd: 2,45 shaku<br \/>\nHada: Itametsumu<br \/>\nHamon: O -Gunome<br \/>\nHabaki: Silver<br \/>\nHandtagets omslutning: L\u00e4der<br \/>\nVikt utan saya: 965g<\/p>\n<p>Detta framg\u00e5ngsrika arbete smiddes som ett unikt stycke. Du \u00e4r ocks\u00e5 v\u00e4lkommen att skr\u00e4ddarsy ett sv\u00e4rd fr\u00e5n Japan enligt dina egna \u00f6nskem\u00e5l. Du kan anv\u00e4nda v\u00e5r <a href=\"https:\/\/japan-budo.com\/sv\/master-sword-nihonto-fran-japan\/\" target=\"_blank\" rel=\"noopener\">Shinsakuto form<\/a> anv\u00e4nda.<\/p>","protected":false},"excerpt":{"rendered":"<p>Sehr sch\u00f6ne Auftragsarbeit, die von Meister Yoshida Masaaki aus Gifu umgesetzt wurde. Ein Shinsakuto, das sich sowohl als Sammlerobjekt als auch f\u00fcr Schwert f\u00fcr Iai und Tameshigiri eignet. Die technischen Daten dieses Werks: L\u00e4nge: 2,45 shaku Hada: Itametsumu Hamon: O -Gunome Habaki: Silber Griffwicklung: Leder Gewicht ohne Saya: 965g Diese gelungene Arbeit wurde als Einzelst\u00fcck [&hellip;]<\/p>\n","protected":false},"featured_media":3486,"comment_status":"open","ping_status":"closed","template":"","meta":{"_acf_changed":false},"product_brand":[],"product_cat":[218],"product_tag":[],"class_list":{"0":"post-1259","1":"product","2":"type-product","3":"status-publish","4":"has-post-thumbnail","6":"product_cat-nihonto-gendaito-shinken-iai-tameshigiri","8":"first","9":"instock","10":"taxable","11":"shipping-taxable","12":"product-type-external"},"acf":[],"_links":{"self":[{"href":"https:\/\/japan-budo.com\/sv\/wp-json\/wp\/v2\/product\/1259","targetHints":{"allow":["GET"]}}],"collection":[{"href":"https:\/\/japan-budo.com\/sv\/wp-json\/wp\/v2\/product"}],"about":[{"href":"https:\/\/japan-budo.com\/sv\/wp-json\/wp\/v2\/types\/product"}],"replies":[{"embeddable":true,"href":"https:\/\/japan-budo.com\/sv\/wp-json\/wp\/v2\/comments?post=1259"}],"wp:featuredmedia":[{"embeddable":true,"href":"https:\/\/japan-budo.com\/sv\/wp-json\/wp\/v2\/media\/3486"}],"wp:attachment":[{"href":"https:\/\/japan-budo.com\/sv\/wp-json\/wp\/v2\/media?parent=1259"}],"wp:term":[{"taxonomy":"product_brand","embeddable":true,"href":"https:\/\/japan-budo.com\/sv\/wp-json\/wp\/v2\/product_brand?post=1259"},{"taxonomy":"product_cat","embeddable":true,"href":"https:\/\/japan-budo.com\/sv\/wp-json\/wp\/v2\/product_cat?post=1259"},{"taxonomy":"product_tag","embeddable":true,"href":"https:\/\/japan-budo.com\/sv\/wp-json\/wp\/v2\/product_tag?post=1259"}],"curies":[{"name":"wp","href":"https:\/\/api.w.org\/{rel}","templated":true}]}}