{"id":1261,"date":"2024-03-21T13:21:06","date_gmt":"2024-03-21T12:21:06","guid":{"rendered":"https:\/\/japan-budo.com\/unkategorisiert\/shinken-von-meister-mitsuhiro\/"},"modified":"2025-06-04T08:31:24","modified_gmt":"2025-06-04T06:31:24","slug":"shinken-fran-maestare-mitsuhiro","status":"publish","type":"product","link":"https:\/\/japan-budo.com\/sv\/nihonto-gendaito-shinken-iai-tameshigiri\/shinken-fran-maestare-mitsuhiro\/","title":{"rendered":"Katana Shinken Shinsakuto av M\u00e4stare Mitsuhiro"},"content":{"rendered":"<p>Ett vackert sv\u00e4rd fr\u00e5n M\u00e4ster Mitsuhiro.<\/p>\n<p>Tekniska data f\u00f6r detta sv\u00e4rd:<br \/>\n- Bladl\u00e4ngd (Nagasa): 2,50 shaku<br \/>\n- Deluxe polish<br \/>\n- Habaki massivt silver<br \/>\n- Lindning av silkeshandtag<\/p>\n<p>Detta framg\u00e5ngsrika arbete smiddes som ett unikt stycke. Du \u00e4r ocks\u00e5 v\u00e4lkommen att skr\u00e4ddarsy ett sv\u00e4rd fr\u00e5n Japan enligt dina egna \u00f6nskem\u00e5l. Du kan anv\u00e4nda v\u00e5r <a href=\"https:\/\/japan-budo.com\/sv\/master-sword-nihonto-fran-japan\/\" target=\"_blank\" rel=\"noopener\">Shinsakuto form<\/a> anv\u00e4nda.<\/p>","protected":false},"excerpt":{"rendered":"<p>Ett vackert sv\u00e4rd av m\u00e4stare Mitsuhiro. Tekniska data f\u00f6r detta sv\u00e4rd: - Bladl\u00e4ngd (Nagasa): 2,50 shaku - Deluxe polish - Habaki solid silver - Silk handtag lindning Detta framg\u00e5ngsrika arbete smiddes som ett unikt stycke. Du \u00e4r ocks\u00e5 v\u00e4lkommen att skr\u00e4ddarsy ett sv\u00e4rd fr\u00e5n Japan enligt dina egna \u00f6nskem\u00e5l. Du kan anv\u00e4nda v\u00e5r Shinsakuto-blankett f\u00f6r detta.<\/p>","protected":false},"featured_media":3484,"comment_status":"open","ping_status":"closed","template":"","meta":{"_acf_changed":false},"product_brand":[],"product_cat":[218],"product_tag":[],"class_list":{"0":"post-1261","1":"product","2":"type-product","3":"status-publish","4":"has-post-thumbnail","6":"product_cat-nihonto-gendaito-shinken-iai-tameshigiri","8":"first","9":"instock","10":"taxable","11":"shipping-taxable","12":"product-type-simple"},"acf":[],"_links":{"self":[{"href":"https:\/\/japan-budo.com\/sv\/wp-json\/wp\/v2\/product\/1261","targetHints":{"allow":["GET"]}}],"collection":[{"href":"https:\/\/japan-budo.com\/sv\/wp-json\/wp\/v2\/product"}],"about":[{"href":"https:\/\/japan-budo.com\/sv\/wp-json\/wp\/v2\/types\/product"}],"replies":[{"embeddable":true,"href":"https:\/\/japan-budo.com\/sv\/wp-json\/wp\/v2\/comments?post=1261"}],"wp:featuredmedia":[{"embeddable":true,"href":"https:\/\/japan-budo.com\/sv\/wp-json\/wp\/v2\/media\/3484"}],"wp:attachment":[{"href":"https:\/\/japan-budo.com\/sv\/wp-json\/wp\/v2\/media?parent=1261"}],"wp:term":[{"taxonomy":"product_brand","embeddable":true,"href":"https:\/\/japan-budo.com\/sv\/wp-json\/wp\/v2\/product_brand?post=1261"},{"taxonomy":"product_cat","embeddable":true,"href":"https:\/\/japan-budo.com\/sv\/wp-json\/wp\/v2\/product_cat?post=1261"},{"taxonomy":"product_tag","embeddable":true,"href":"https:\/\/japan-budo.com\/sv\/wp-json\/wp\/v2\/product_tag?post=1261"}],"curies":[{"name":"wp","href":"https:\/\/api.w.org\/{rel}","templated":true}]}}