{"id":1594,"date":"2024-04-02T16:23:32","date_gmt":"2024-04-02T14:23:32","guid":{"rendered":"https:\/\/japan-budo.com\/unkategorisiert\/bokken-shoto-japanische-weisse-eiche\/"},"modified":"2026-04-08T11:31:36","modified_gmt":"2026-04-08T09:31:36","slug":"bokken-shoto-japansk-vit-ek","status":"publish","type":"product","link":"https:\/\/japan-budo.com\/sv\/bokken-trae-svaerd-japan-budo-samuraj-svaerd\/bokken-shoto-japansk-vit-ek\/","title":{"rendered":"Bokken - Shoto japansk vit ek"},"content":{"rendered":"<p>Shoto Bokken tillverkad av vit ek med en l\u00e4ngd p\u00e5 ca. 54cm.<\/p>\n<p>Vi k\u00f6per denna bokken fr\u00e5n en av Japans ledande tr\u00e4tillverkare f\u00f6r att s\u00e4kerst\u00e4lla en speciell tr\u00e4kvalitet.<\/p>\n<p>Denna typ av bokken tillverkad av vit ek \u00e4r en av de vanligaste. Med en l\u00e4ngd p\u00e5 ca 54 cm v\u00e4ger den ca 290 g (denna information \u00e4r f\u00f6r orienterings\u00e4ndam\u00e5l, vikten kan variera med 30 gram eller mer). Denna h\u00f6gkvalitativa produkt tillverkas i Japan av vit japansk ek. Mycket b\u00e4ttre kvalitet \u00e4n den kinesiska ek som ofta erbjuds.<\/p>\n<p>Bokken levereras utan tsuba och tsubadome. Du hittar dessa i olika utf\u00f6randen i kategorin bokkentillbeh\u00f6r.<\/p>\n<p>Denna produkt kommer ursprungligen fr\u00e5n Japan. Eftersom det enligt g\u00e4llande EU-lagstiftning m\u00e5ste finnas en kontaktperson inom EU f\u00f6r s\u00e4kerhetsfr\u00e5gor, erbjuder vi den under v\u00e5rt EU-varum\u00e4rke f\u00f6r att uppfylla kraven. F\u00f6r detta \u00e4ndam\u00e5l produceras den specifikt f\u00f6r oss i Japan och l\u00e4mpliga villkor skapas s\u00e5 att vi kan erbjuda den p\u00e5 EU-marknaden i enlighet med lagen.<br \/>\nEn tillverkare i Tyskland namnges d\u00e4rf\u00f6r.<\/p>\n<p>Tillverkare i den mening som avses i EU-lagstiftningen: DerShogun, Andara GmbH, Brunnenweg 15, 64331 Weiterstadt, Tyskland, info@andara-gmbh.de<\/p>","protected":false},"excerpt":{"rendered":"<p>Shoto Bokken aus wei\u00dfer Eiche mit ca. 54cm L\u00e4nge. Wir beziehen dieses Bokken von einer der f\u00fchrenden Holzmanufakturen Japans um eine besondere Holzqualit\u00e4t sicherstellen zu k\u00f6nnen. Dieser Bokkentyp aus wei\u00dfe Eiche ist einer der gebr\u00e4uchlichsten. Bei einer L\u00e4nge von ca. 54 cm wiegt er ca. 290g (diese Angabe dient der Orientierung, das Gewicht kann durchaus [&hellip;]<\/p>\n","protected":false},"featured_media":2293,"comment_status":"open","ping_status":"closed","template":"","meta":{"_acf_changed":false},"product_brand":[],"product_cat":[48],"product_tag":[],"class_list":{"0":"post-1594","1":"product","2":"type-product","3":"status-publish","4":"has-post-thumbnail","6":"product_cat-bokken-holzschwert-japan-budo-samurai-schwert","8":"first","9":"onbackorder","10":"taxable","11":"shipping-taxable","12":"purchasable","13":"product-type-simple"},"acf":[],"_links":{"self":[{"href":"https:\/\/japan-budo.com\/sv\/wp-json\/wp\/v2\/product\/1594","targetHints":{"allow":["GET"]}}],"collection":[{"href":"https:\/\/japan-budo.com\/sv\/wp-json\/wp\/v2\/product"}],"about":[{"href":"https:\/\/japan-budo.com\/sv\/wp-json\/wp\/v2\/types\/product"}],"replies":[{"embeddable":true,"href":"https:\/\/japan-budo.com\/sv\/wp-json\/wp\/v2\/comments?post=1594"}],"wp:featuredmedia":[{"embeddable":true,"href":"https:\/\/japan-budo.com\/sv\/wp-json\/wp\/v2\/media\/2293"}],"wp:attachment":[{"href":"https:\/\/japan-budo.com\/sv\/wp-json\/wp\/v2\/media?parent=1594"}],"wp:term":[{"taxonomy":"product_brand","embeddable":true,"href":"https:\/\/japan-budo.com\/sv\/wp-json\/wp\/v2\/product_brand?post=1594"},{"taxonomy":"product_cat","embeddable":true,"href":"https:\/\/japan-budo.com\/sv\/wp-json\/wp\/v2\/product_cat?post=1594"},{"taxonomy":"product_tag","embeddable":true,"href":"https:\/\/japan-budo.com\/sv\/wp-json\/wp\/v2\/product_tag?post=1594"}],"curies":[{"name":"wp","href":"https:\/\/api.w.org\/{rel}","templated":true}]}}