{"id":1607,"date":"2024-04-02T16:23:35","date_gmt":"2024-04-02T14:23:35","guid":{"rendered":"https:\/\/japan-budo.com\/unkategorisiert\/bokken-aus-kamelienholz-made-in-japan\/"},"modified":"2026-02-16T10:18:15","modified_gmt":"2026-02-16T09:18:15","slug":"bokken-tillverkad-av-kameliatrae-tillverkad-i-japan","status":"publish","type":"product","link":"https:\/\/japan-budo.com\/sv\/bokken-trae-svaerd-japan-budo-samuraj-svaerd\/bokken-tillverkad-av-kameliatrae-tillverkad-i-japan\/","title":{"rendered":"Bokken tillverkad av kameliatr\u00e4 Tillverkad i Japan"},"content":{"rendered":"<p>Kameliatr\u00e4 (Tsubaki) \u00e4r ett av de mest h\u00f6gkvalitativa tr\u00e4slagen fr\u00e5n Japan.<\/p>\n<p>Vi k\u00f6per denna bokken fr\u00e5n en av Japans ledande tr\u00e4tillverkare f\u00f6r att s\u00e4kerst\u00e4lla en speciell tr\u00e4kvalitet.<\/p>\n<p>S\u00e4rskilt Kendoka, som anv\u00e4nder sina bokken flitigt, har sedan l\u00e4nge uppt\u00e4ckt bokken tillverkad av kameliatr\u00e4.<\/p>\n<p>Det mycket l\u00e5ngsamv\u00e4xande tr\u00e4et har en vacker f\u00e4rg och en mycket fin \u00e5dring. Det \u00e4r mycket motst\u00e5ndskraftigt och h\u00e5rt. \u00c4nd\u00e5 \u00e4r det relativt l\u00e4tt!<\/p>\n<p>Vikten \u00e4r ca 520 g (denna information \u00e4r f\u00f6r orienterings\u00e4ndam\u00e5l, vikten kan variera med 50 gram eller mer) med en l\u00e4ngd p\u00e5 ca 102 cm.<\/p>\n<p>Bokken \u00e4r vaxad.<\/p>\n<p>Denna bokuto har en ryggkam, vilket kan kr\u00e4va justering av dessa element n\u00e4r de anv\u00e4nds med tsuba och plast saya.<\/p>\n<p>Observera att detta \u00e4r ett extremt motst\u00e5ndskraftigt tr\u00e4slag. \u00c4ven detta tr\u00e4slag kan dock skadas av extrema belastningar.<\/p>\n<p>Denna produkt kommer ursprungligen fr\u00e5n Japan. Eftersom det enligt g\u00e4llande EU-lagstiftning m\u00e5ste finnas en kontaktperson inom EU f\u00f6r s\u00e4kerhetsfr\u00e5gor, erbjuder vi den under v\u00e5rt EU-varum\u00e4rke f\u00f6r att uppfylla kraven. F\u00f6r detta \u00e4ndam\u00e5l produceras den specifikt f\u00f6r oss i Japan och l\u00e4mpliga villkor skapas s\u00e5 att vi kan erbjuda den p\u00e5 EU-marknaden i enlighet med lagen.<br \/>\nEn tillverkare i Tyskland namnges d\u00e4rf\u00f6r.<\/p>\n<p>Tillverkare i den mening som avses i EU-lagstiftningen: DerShogun, Andara GmbH, Brunnenweg 15, 64331 Weiterstadt, Tyskland, info@andara-gmbh.de<\/p>","protected":false},"excerpt":{"rendered":"<p>Kamelienholz (Tsubaki) ist eines der hochwertigsten H\u00f6lzer aus Japan. Wir beziehen dieses Bokken von einer der f\u00fchrenden Holzmanufakturen Japans, um eine besondere Holzqualit\u00e4t sicherstellen zu k\u00f6nnen. Insbesondere Kendoka, die ihr Bokken stark beanspruchen, haben Bokken aus Kamelienholz l\u00e4ngst f\u00fcr sich entdeckt. Das sehr langsam wachsende Holz hat eine sch\u00f6ne Farbe und eine sehr feine Maserung. [&hellip;]<\/p>\n","protected":false},"featured_media":3194,"comment_status":"open","ping_status":"closed","template":"","meta":{"_acf_changed":false},"product_brand":[],"product_cat":[48],"product_tag":[],"class_list":{"0":"post-1607","1":"product","2":"type-product","3":"status-publish","4":"has-post-thumbnail","6":"product_cat-bokken-holzschwert-japan-budo-samurai-schwert","8":"first","9":"instock","10":"taxable","11":"shipping-taxable","12":"purchasable","13":"product-type-simple"},"acf":[],"_links":{"self":[{"href":"https:\/\/japan-budo.com\/sv\/wp-json\/wp\/v2\/product\/1607","targetHints":{"allow":["GET"]}}],"collection":[{"href":"https:\/\/japan-budo.com\/sv\/wp-json\/wp\/v2\/product"}],"about":[{"href":"https:\/\/japan-budo.com\/sv\/wp-json\/wp\/v2\/types\/product"}],"replies":[{"embeddable":true,"href":"https:\/\/japan-budo.com\/sv\/wp-json\/wp\/v2\/comments?post=1607"}],"wp:featuredmedia":[{"embeddable":true,"href":"https:\/\/japan-budo.com\/sv\/wp-json\/wp\/v2\/media\/3194"}],"wp:attachment":[{"href":"https:\/\/japan-budo.com\/sv\/wp-json\/wp\/v2\/media?parent=1607"}],"wp:term":[{"taxonomy":"product_brand","embeddable":true,"href":"https:\/\/japan-budo.com\/sv\/wp-json\/wp\/v2\/product_brand?post=1607"},{"taxonomy":"product_cat","embeddable":true,"href":"https:\/\/japan-budo.com\/sv\/wp-json\/wp\/v2\/product_cat?post=1607"},{"taxonomy":"product_tag","embeddable":true,"href":"https:\/\/japan-budo.com\/sv\/wp-json\/wp\/v2\/product_tag?post=1607"}],"curies":[{"name":"wp","href":"https:\/\/api.w.org\/{rel}","templated":true}]}}