{"id":1610,"date":"2024-04-02T16:23:36","date_gmt":"2024-04-02T14:23:36","guid":{"rendered":"https:\/\/japan-budo.com\/unkategorisiert\/bokken-tsuba-in-standardgroesse\/"},"modified":"2026-03-10T07:53:38","modified_gmt":"2026-03-10T06:53:38","slug":"bokken-tsuba-i-standardstorlek","status":"publish","type":"product","link":"https:\/\/japan-budo.com\/sv\/bokken-trae-svaerd-japan-budo-samuraj-svaerd\/bokken-tsuba-i-standardstorlek\/","title":{"rendered":"Bokken - Tsuba i standardstorlek"},"content":{"rendered":"<p>Robust plasttuba med Tsubadome fr\u00e5n Japan.<\/p>\n<h2>Varf\u00f6r finns det Bokken Tsuba?<\/h2>\n<p>Tsuba \u00e4r namnet p\u00e5 bladet p\u00e5 samurajsv\u00e4rdet. Detta skyddar handen.<\/p>\n<p>I japansk kampsport anv\u00e4nds ett tr\u00e4sv\u00e4rd som kallas kenjutsu f\u00f6r kenjutsutr\u00e4ning. <a href=\"https:\/\/japan-budo.com\/sv\/bokken-trae-svaerd-japan-budo-samuraj-svaerd\/\" target=\"_blank\" rel=\"noopener\">Bokken eller Bokuto<\/a> anv\u00e4nds.<\/p>\n<p>Beroende p\u00e5 vilken kampsport som ut\u00f6vas finns det olika versioner av detta sv\u00e4rd. Vissa stilar anv\u00e4nder ett blad som imiterar bladet p\u00e5 ett riktigt sv\u00e4rd.<\/p>\n<h2>Vilka typer av bokken tsuba finns tillg\u00e4ngliga?<\/h2>\n<p>Den version som erbjuds h\u00e4r \u00e4r enkel och billig. Den \u00e4r standard i de flesta kampsportskolor. Plastskivan h\u00e5lls p\u00e5 plats med hj\u00e4lp av ett gummi (Tsubadome). Med m\u00e5tten ca 7,8 cm x 7,2 cm motsvarar de ett normalt stickblad och tjockleken p\u00e5 6 mm g\u00f6r dem robusta.<\/p>\n<p>Alternativt finns det bokken tsuba tillverkade av l\u00e4der. Du hittar dessa i v\u00e5r kategori <a href=\"https:\/\/japan-budo.com\/sv\/bokken-tillbehoer\/\" target=\"_blank\" rel=\"noopener\">Bokken tillbeh\u00f6r<\/a>. L\u00e4der har f\u00f6rdelen att det \u00e4r n\u00e5got elastiskt. Detta inneb\u00e4r att bladet kan f\u00e4stas p\u00e5 bokken utan en tsubadome. Speciellt i kombination med <a href=\"https:\/\/japan-budo.com\/sv\/bokken-tillbehoer\/bokken-saya-fran-japan-plast\/\" target=\"_blank\" rel=\"noopener\">Bokken saya<\/a> anv\u00e4ndningen av l\u00e4der tsuba \u00e4r meningsfull.<\/p>\n<p>L\u00e4der-tsuba f\u00f6r bokken finns i relativt enkla utf\u00f6randen, men det finns ocks\u00e5 versioner som \u00e4r extra sydda och till och med exemplar som \u00e4r t\u00e4ckta med fr\u00f6 eller har m\u00f6nster p\u00e5 l\u00e4derytan.<\/p>\n<h2>F\u00f6r vilka sv\u00e4rd passar v\u00e5ra tsuba?<\/h2>\n<p>Det finns relativt standardiserade produktionsspecifikationer f\u00f6r bokken i Japan. V\u00e5ra tsuba passar definitivt bokken fr\u00e5n v\u00e5rt sortiment.<\/p>\n<p>Andra tillverkare kan kr\u00e4va att sm\u00e5 justeringar g\u00f6rs p\u00e5 bladet. Detta kan dock oftast g\u00f6ras med n\u00e5gra enkla handgrepp med hj\u00e4lp av en fil.<\/p>\n<p>Denna produkt kommer ursprungligen fr\u00e5n Japan. Eftersom det enligt g\u00e4llande EU-lagstiftning m\u00e5ste finnas en kontaktperson inom EU f\u00f6r s\u00e4kerhetsfr\u00e5gor, erbjuder vi den under v\u00e5rt EU-varum\u00e4rke f\u00f6r att uppfylla kraven. F\u00f6r detta \u00e4ndam\u00e5l produceras den specifikt f\u00f6r oss i Japan och l\u00e4mpliga villkor skapas s\u00e5 att vi kan erbjuda den p\u00e5 EU-marknaden i enlighet med lagen.<br \/>\nEn tillverkare i Tyskland namnges d\u00e4rf\u00f6r.<\/p>\n<p>Tillverkare i den mening som avses i EU-lagstiftningen: DerShogun, Andara GmbH, Brunnenweg 15, 64331 Weiterstadt, Tyskland, info@andara-gmbh.de<\/p>","protected":false},"excerpt":{"rendered":"<p>Robuste Kunststofftsuba mit Tsubadome aus Japan. Warum gibt es Bokken Tsuba? Tsuba ist die Bezeichnung f\u00fcr das Stichblatt am Samurai Schwert. Dieses Sch\u00fctz die Hand. F\u00fcr das Kenjutsu Training wird in den japanischen Kampfk\u00fcnsten ein Holzschwert mit dem Namen Bokken oder Bokuto verwendet. Je nach der trainierten Kampfkunst gibt es unterschiedliche Ausf\u00fchrungen dieses Schwertes. In [&hellip;]<\/p>\n","protected":false},"featured_media":2395,"comment_status":"open","ping_status":"closed","template":"","meta":{"_acf_changed":false},"product_brand":[],"product_cat":[48],"product_tag":[],"class_list":{"0":"post-1610","1":"product","2":"type-product","3":"status-publish","4":"has-post-thumbnail","6":"product_cat-bokken-holzschwert-japan-budo-samurai-schwert","8":"first","9":"instock","10":"taxable","11":"shipping-taxable","12":"purchasable","13":"product-type-simple"},"acf":[],"_links":{"self":[{"href":"https:\/\/japan-budo.com\/sv\/wp-json\/wp\/v2\/product\/1610","targetHints":{"allow":["GET"]}}],"collection":[{"href":"https:\/\/japan-budo.com\/sv\/wp-json\/wp\/v2\/product"}],"about":[{"href":"https:\/\/japan-budo.com\/sv\/wp-json\/wp\/v2\/types\/product"}],"replies":[{"embeddable":true,"href":"https:\/\/japan-budo.com\/sv\/wp-json\/wp\/v2\/comments?post=1610"}],"wp:featuredmedia":[{"embeddable":true,"href":"https:\/\/japan-budo.com\/sv\/wp-json\/wp\/v2\/media\/2395"}],"wp:attachment":[{"href":"https:\/\/japan-budo.com\/sv\/wp-json\/wp\/v2\/media?parent=1610"}],"wp:term":[{"taxonomy":"product_brand","embeddable":true,"href":"https:\/\/japan-budo.com\/sv\/wp-json\/wp\/v2\/product_brand?post=1610"},{"taxonomy":"product_cat","embeddable":true,"href":"https:\/\/japan-budo.com\/sv\/wp-json\/wp\/v2\/product_cat?post=1610"},{"taxonomy":"product_tag","embeddable":true,"href":"https:\/\/japan-budo.com\/sv\/wp-json\/wp\/v2\/product_tag?post=1610"}],"curies":[{"name":"wp","href":"https:\/\/api.w.org\/{rel}","templated":true}]}}