{"id":1616,"date":"2024-04-02T16:23:37","date_gmt":"2024-04-02T14:23:37","guid":{"rendered":"https:\/\/japan-budo.com\/unkategorisiert\/bokken-ledertsuba-vernaeht-mit-motiv\/"},"modified":"2026-02-10T18:18:21","modified_gmt":"2026-02-10T17:18:21","slug":"bokken-laeder-tsuba-sydd-med-motiv","status":"publish","type":"product","link":"https:\/\/japan-budo.com\/sv\/bokken-trae-svaerd-japan-budo-samuraj-svaerd\/bokken-laeder-tsuba-sydd-med-motiv\/","title":{"rendered":"Bokken - tsuba i l\u00e4der sydd med motiv"},"content":{"rendered":"<p>Du kan ocks\u00e5 hitta n\u00e5got speciellt i detaljerna hos Japan Budo. V\u00e5ra l\u00e4der-tsuba \u00e4r en bit av h\u00f6gkvalitativt hantverk. Mycket motst\u00e5ndskraftiga och endast tillg\u00e4ngliga fr\u00e5n Japan Budo.<\/p>\n<p>Dessa tsuba passar bokken med standardm\u00e5tt. Om tsuban inte passar din bokken kan den optimeras genom att g\u00f6ra justeringar.<\/p>\n<p>De ca. 8 mm tjocka Bokken Tsuba v\u00e4ger ca. 45 g och \u00e4r ca. 78 mm x 78 mm i storlek.<br \/>\nYtorna \u00e4r mycket omsorgsfullt polerade. Detta exemplar \u00e4r dessutom sytt f\u00f6r \u00f6kad h\u00e5llbarhet, och m\u00f6nster \u00e4r ocks\u00e5 pr\u00e4glade i ytan.<\/p>\n<p>Insidertips: L\u00e4der-tsuba h\u00e5ller fast bokken utan en tsuba-dome. I kombination med v\u00e5ra saya f\u00f6r bokken m\u00f6jligg\u00f6r detta \u00e4nnu b\u00e4ttre tr\u00e4ning \u00e4n med tsuba i plast.<\/p>\n<p>Tillverkare: DerShogun, Andara GmbH, Brunnenweg 15, 64331 Weiterstadt, Tyskland, info@andara-gmbh.de<\/p>","protected":false},"excerpt":{"rendered":"<p>Auch in Details k\u00f6nnen Sie bei Japan Budo das Besondere finden. Unsere Ledertsuba sind ein St\u00fcck hochwertiger Handarbeit. Sehr belastbar und nur bei Japan Budo zu erhalten. Diese Tsuba passen auf Bokken mit Standardma\u00dfen. Falls die Tsuba bei Ihrem Bokken nicht passt, kann sie durch Anpassungen optimiert werden. Die ca. 8mm dicken Bokken Tsuba wiegen [&hellip;]<\/p>\n","protected":false},"featured_media":1615,"comment_status":"open","ping_status":"closed","template":"","meta":{"_acf_changed":false},"product_brand":[],"product_cat":[48],"product_tag":[],"class_list":{"0":"post-1616","1":"product","2":"type-product","3":"status-publish","4":"has-post-thumbnail","6":"product_cat-bokken-holzschwert-japan-budo-samurai-schwert","8":"first","9":"instock","10":"taxable","11":"shipping-taxable","12":"purchasable","13":"product-type-simple"},"acf":[],"_links":{"self":[{"href":"https:\/\/japan-budo.com\/sv\/wp-json\/wp\/v2\/product\/1616","targetHints":{"allow":["GET"]}}],"collection":[{"href":"https:\/\/japan-budo.com\/sv\/wp-json\/wp\/v2\/product"}],"about":[{"href":"https:\/\/japan-budo.com\/sv\/wp-json\/wp\/v2\/types\/product"}],"replies":[{"embeddable":true,"href":"https:\/\/japan-budo.com\/sv\/wp-json\/wp\/v2\/comments?post=1616"}],"wp:featuredmedia":[{"embeddable":true,"href":"https:\/\/japan-budo.com\/sv\/wp-json\/wp\/v2\/media\/1615"}],"wp:attachment":[{"href":"https:\/\/japan-budo.com\/sv\/wp-json\/wp\/v2\/media?parent=1616"}],"wp:term":[{"taxonomy":"product_brand","embeddable":true,"href":"https:\/\/japan-budo.com\/sv\/wp-json\/wp\/v2\/product_brand?post=1616"},{"taxonomy":"product_cat","embeddable":true,"href":"https:\/\/japan-budo.com\/sv\/wp-json\/wp\/v2\/product_cat?post=1616"},{"taxonomy":"product_tag","embeddable":true,"href":"https:\/\/japan-budo.com\/sv\/wp-json\/wp\/v2\/product_tag?post=1616"}],"curies":[{"name":"wp","href":"https:\/\/api.w.org\/{rel}","templated":true}]}}