{"id":1619,"date":"2024-04-02T16:23:38","date_gmt":"2024-04-02T14:23:38","guid":{"rendered":"https:\/\/japan-budo.com\/unkategorisiert\/kunststoff-saya-aus-japan-fuer-bokken\/"},"modified":"2026-03-19T14:11:08","modified_gmt":"2026-03-19T13:11:08","slug":"bokken-saya-fran-japan-plast","status":"publish","type":"product","link":"https:\/\/japan-budo.com\/sv\/bokken-trae-svaerd-japan-budo-samuraj-svaerd\/bokken-saya-fran-japan-plast\/","title":{"rendered":"Bokken saya fr\u00e5n Japan tillverkad av plast"},"content":{"rendered":"<p>Bokken saya i japansk kvalitet som passar till tr\u00e4ningssv\u00e4rden i tr\u00e4 i v\u00e5rt program. Denna robusta version av en tr\u00e4nings saya f\u00f6r bokken (\u00e4ven k\u00e4nd som bokuto) \u00e4r en p\u00e5litlig f\u00f6ljeslagare f\u00f6r regelbunden tr\u00e4ning.<\/p>\n<p>Sv\u00e4rdslidan \u00e4r tillr\u00e4ckligt stabil f\u00f6r att utf\u00f6ra alla de r\u00f6relser som \u00f6vas under tr\u00e4ningen av en japansk sv\u00e4rdskonst. Tack vare den medf\u00f6ljande remmen p\u00e5 sv\u00e4rdslidan kan den till och med sp\u00e4nnas fast och tr\u00e4ningen kommer d\u00e5 \u00e4nnu n\u00e4rmare tr\u00e4ning med ett riktigt sv\u00e4rd.<\/p>\n<h2>N\u00e4r tr\u00e4nar du med Bokken Saya?<\/h2>\n<p>Tr\u00e4ning med bokken och saya i plast syftar fr\u00e4mst till att tr\u00e4na r\u00f6relser i samband med att man drar sv\u00e4rdet.<\/p>\n<p>Vissa kampsportsskolor har en upps\u00e4ttning bokken och saya till hands som en billig n\u00f6dutrustning f\u00f6r ut\u00f6vare som har gl\u00f6mt sin iaito.<\/p>\n<h2>Vilka \u00e4r f\u00f6rdelarna med bokken saya fr\u00e5n Japan?<\/h2>\n<p>Saya i plast finns tillg\u00e4ngliga fr\u00e5n flera l\u00e4nder i mycket olika pris- och kvalitetsniv\u00e5er. Enligt v\u00e5r erfarenhet \u00e4r de fr\u00e5n Japan de mest l\u00e4mpliga f\u00f6r tr\u00e4ning av japansk sv\u00e4rdskonst p\u00e5 grund av deras fokuserade design.<\/p>\n<p>De har r\u00e4tt vikt, r\u00e4tt flexibilitet och som en japansk produkt \u00e4r de naturligtvis b\u00e4st l\u00e4mpade f\u00f6r tr\u00e4ning av motsvarande kampsport.<\/p>\n<h2>Ytterligare rekommendation<\/h2>\n<p>Om du tr\u00e4nar med saya och tsuba p\u00e5 bokken b\u00f6r du helst anv\u00e4nda ett l\u00e4derblad (tsuba). Dessa versioner h\u00e5ller fast bokken utan ett extra h\u00e5llgummi (tsubadome). Som ett resultat \u00e4r noggrannheten i passformen med sv\u00e4rdsh\u00f6ljet mycket b\u00e4ttre och n\u00e4rmare det verkliga sv\u00e4rdet \u00e4n n\u00e4r du tr\u00e4nar med en tsuba-dome.<\/p>\n<p>Du kan hitta l\u00e4derbokken tsuba i v\u00e5r kategori f\u00f6r <a href=\"https:\/\/japan-budo.com\/sv\/bokken-tillbehoer\/\" target=\"_blank\" rel=\"noopener\">Bokken tillbeh\u00f6r<\/a>.<\/p>\n<p>Denna produkt kommer ursprungligen fr\u00e5n Japan. Eftersom det enligt g\u00e4llande EU-lagstiftning m\u00e5ste finnas en kontaktperson inom EU f\u00f6r s\u00e4kerhetsfr\u00e5gor, erbjuder vi den under v\u00e5rt EU-varum\u00e4rke f\u00f6r att uppfylla kraven. F\u00f6r detta \u00e4ndam\u00e5l produceras den specifikt f\u00f6r oss i Japan och l\u00e4mpliga villkor skapas s\u00e5 att vi kan erbjuda den p\u00e5 EU-marknaden i enlighet med lagen.<br \/>\nEn tillverkare i Tyskland namnges d\u00e4rf\u00f6r.<\/p>\n<p>Tillverkare i den mening som avses i EU-lagstiftningen: DerShogun, Andara GmbH, Brunnenweg 15, 64331 Weiterstadt, Tyskland, info@andara-gmbh.de<\/p>","protected":false},"excerpt":{"rendered":"<p>Bokken Saya in japanischer Qualit\u00e4t passend f\u00fcr die Trainingsschwerter aus Holz aus unserem Programm. Diese robuste Ausf\u00fchrung einer Trainingssaya f\u00fcr Bokken (auch als Bokuto bekannt) ist ein zuverl\u00e4ssiger Begleiter f\u00fcr das regelm\u00e4\u00dfige Training. Die Schwertscheide ist stabil genug, um alle Bewegungen auszuf\u00fchren, die im Zuge des Trainings einer japanischen Schwertkunst trainiert werden. Durch das enthaltene [&hellip;]<\/p>\n","protected":false},"featured_media":3221,"comment_status":"open","ping_status":"closed","template":"","meta":{"_acf_changed":false},"product_brand":[],"product_cat":[48],"product_tag":[],"class_list":{"0":"post-1619","1":"product","2":"type-product","3":"status-publish","4":"has-post-thumbnail","6":"product_cat-bokken-holzschwert-japan-budo-samurai-schwert","8":"first","9":"instock","10":"taxable","11":"shipping-taxable","12":"purchasable","13":"product-type-simple"},"acf":[],"_links":{"self":[{"href":"https:\/\/japan-budo.com\/sv\/wp-json\/wp\/v2\/product\/1619","targetHints":{"allow":["GET"]}}],"collection":[{"href":"https:\/\/japan-budo.com\/sv\/wp-json\/wp\/v2\/product"}],"about":[{"href":"https:\/\/japan-budo.com\/sv\/wp-json\/wp\/v2\/types\/product"}],"replies":[{"embeddable":true,"href":"https:\/\/japan-budo.com\/sv\/wp-json\/wp\/v2\/comments?post=1619"}],"wp:featuredmedia":[{"embeddable":true,"href":"https:\/\/japan-budo.com\/sv\/wp-json\/wp\/v2\/media\/3221"}],"wp:attachment":[{"href":"https:\/\/japan-budo.com\/sv\/wp-json\/wp\/v2\/media?parent=1619"}],"wp:term":[{"taxonomy":"product_brand","embeddable":true,"href":"https:\/\/japan-budo.com\/sv\/wp-json\/wp\/v2\/product_brand?post=1619"},{"taxonomy":"product_cat","embeddable":true,"href":"https:\/\/japan-budo.com\/sv\/wp-json\/wp\/v2\/product_cat?post=1619"},{"taxonomy":"product_tag","embeddable":true,"href":"https:\/\/japan-budo.com\/sv\/wp-json\/wp\/v2\/product_tag?post=1619"}],"curies":[{"name":"wp","href":"https:\/\/api.w.org\/{rel}","templated":true}]}}