{"id":2121,"date":"2024-04-02T16:54:06","date_gmt":"2024-04-02T14:54:06","guid":{"rendered":"https:\/\/japan-budo.com\/unkategorisiert\/iaido-gi-5\/"},"modified":"2026-03-19T14:13:29","modified_gmt":"2026-03-19T13:13:29","slug":"iaido-gi-svart","status":"publish","type":"product","link":"https:\/\/japan-budo.com\/sv\/budo-klaeder\/iaido-gi-svart\/","title":{"rendered":"Iaido Gi"},"content":{"rendered":"<p>Trots det l\u00e5ga priset erbjuder Iaido Gi l\u00e5ng h\u00e5llbarhet, form- och f\u00e4rgstabilitet. V\u00e5r grundmodell har br\u00f6stband f\u00f6r optimal passform. Gi:n levereras med smala \u00e4rmar (tsutsode-form) och i svart.<br \/>\nSyntetisk fiberblandning av polyester\/rayon. Ett pris f\u00f6r alla storlekar! Denna Iaido Gi \u00e4r l\u00e4ttsk\u00f6tt och f\u00e4rgbest\u00e4ndig.<br \/>\nAndra leverant\u00f6rer av Iaido Gi erbjuder ofta inte mellanstorlekar av kostnadssk\u00e4l. F\u00f6r oss \u00e4r det dock viktigt med en bra passform s\u00e5 att du k\u00e4nner dig bekv\u00e4m under tr\u00e4ningen.<\/p>\n<p>Detta erbjudande \u00e4r en produkt som produceras f\u00f6r oss av en p\u00e5litlig partner i Kina.<\/p>\n<p>Tillverkare: (Kendo24) Bernd Schwab, Eichbergstra\u00dfe 1, 36160 Dipperz, Tyskland, info@kendo24.de<\/p>","protected":false},"excerpt":{"rendered":"<p>Trotz des niedrigen Preises, bietet der Iaido Gi eine lange Haltbarkeit, Form- und Farbstabilit\u00e4t. Unser basic Modell hat Brustb\u00e4ndchen f\u00fcr einen optimalen Sitz. Geliefert wird der Gi mit schmalen \u00c4rmeln (Tsutsode Form) und in schwarz. Kunstfasermischgewebe aus Polyester\/Rayon. Ein Preis f\u00fcr alle Gr\u00f6\u00dfen! Dieser Iaido Gi ist pflegeleicht, farbstabil. Bei Iaido Gi wird bei anderen [&hellip;]<\/p>\n","protected":false},"featured_media":1868,"comment_status":"open","ping_status":"closed","template":"","meta":{"_acf_changed":false},"product_brand":[],"product_cat":[63],"product_tag":[],"class_list":{"0":"post-2121","1":"product","2":"type-product","3":"status-publish","4":"has-post-thumbnail","6":"product_cat-budo-kleidung","8":"first","9":"onbackorder","10":"taxable","11":"shipping-taxable","12":"purchasable","13":"product-type-variable"},"acf":[],"_links":{"self":[{"href":"https:\/\/japan-budo.com\/sv\/wp-json\/wp\/v2\/product\/2121","targetHints":{"allow":["GET"]}}],"collection":[{"href":"https:\/\/japan-budo.com\/sv\/wp-json\/wp\/v2\/product"}],"about":[{"href":"https:\/\/japan-budo.com\/sv\/wp-json\/wp\/v2\/types\/product"}],"replies":[{"embeddable":true,"href":"https:\/\/japan-budo.com\/sv\/wp-json\/wp\/v2\/comments?post=2121"}],"wp:featuredmedia":[{"embeddable":true,"href":"https:\/\/japan-budo.com\/sv\/wp-json\/wp\/v2\/media\/1868"}],"wp:attachment":[{"href":"https:\/\/japan-budo.com\/sv\/wp-json\/wp\/v2\/media?parent=2121"}],"wp:term":[{"taxonomy":"product_brand","embeddable":true,"href":"https:\/\/japan-budo.com\/sv\/wp-json\/wp\/v2\/product_brand?post=2121"},{"taxonomy":"product_cat","embeddable":true,"href":"https:\/\/japan-budo.com\/sv\/wp-json\/wp\/v2\/product_cat?post=2121"},{"taxonomy":"product_tag","embeddable":true,"href":"https:\/\/japan-budo.com\/sv\/wp-json\/wp\/v2\/product_tag?post=2121"}],"curies":[{"name":"wp","href":"https:\/\/api.w.org\/{rel}","templated":true}]}}