{"id":2124,"date":"2024-04-02T16:54:06","date_gmt":"2024-04-02T14:54:06","guid":{"rendered":"https:\/\/japan-budo.com\/unkategorisiert\/iaido-kaku-obi-5\/"},"modified":"2026-04-17T18:03:54","modified_gmt":"2026-04-17T16:03:54","slug":"iaido-kaku-obi-japan","status":"publish","type":"product","link":"https:\/\/japan-budo.com\/sv\/budo-klaeder\/iaido-kaku-obi-japan\/","title":{"rendered":"Iaido Kaku Obi Japan tillverkad av bomull med val av f\u00e4rger"},"content":{"rendered":"<p>Vacker Iaido Kaku-Obi Japan tillverkad av mycket stark bomull. Ca 400 cm l\u00e5ng och ca 10 cm bred. Finns i 5 f\u00e4rger.<\/p>\n<p>De Kaku Obi i bomull som erbjuds h\u00e4r \u00e4r i den h\u00f6gre kvalitetskategorin till ett bra pris.<\/p>\n<h2><strong>Kaku Obi Japan - Det klassiska b\u00e4ltet inom Budo kampsport<\/strong><\/h2>\n<h3><strong>Kaku Obi Japan-Budo<\/strong><\/h3>\n<p>I japansk kampsport \u00e4r obin en del av standardutrustningen f\u00f6r varje ut\u00f6vare och \u00e4r d\u00e4rf\u00f6r ett obligatoriskt inslag. Som regel anv\u00e4nds en \"fyrkantig\" obi, denna form \u00e4r k\u00e4nd som en kaku obi. Det \u00e4r just denna obi som vi erbjuder h\u00e4r som Iaido Kaku Obi Japan.<\/p>\n<p>I f\u00e4ktning har det den viktiga funktionen att f\u00f6ra in sv\u00e4rdet mellan de enskilda lagren av det bundna b\u00e4ltet. Du hittar ett l\u00e4mpligt urval h\u00e4r.<\/p>\n<p>Den <a href=\"https:\/\/de.wikipedia.org\/wiki\/Obi_(G%C3%BCrtel)\" target=\"_blank\" rel=\"noopener\">Obi<\/a> Men b\u00e4lten \u00e4r ocks\u00e5 en central del av japansk kultur och tradition, s\u00e4rskilt i samband med kl\u00e4der som kimono och hakama, med en intressant historia.<\/p>\n<p>Obin, som ursprungligen var en enkel tygbit, har med tiden utvecklats till en symbolisk accessoar som inte bara fyller ett praktiskt syfte utan ocks\u00e5 \u00e5terspeglar b\u00e4rarens stil, status och personlighet.<\/p>\n<h3>Obi-b\u00e4ltets historia<\/h3>\n<p>Obi-b\u00e4ltets ursprung g\u00e5r l\u00e5ngt tillbaka i den japanska historien. Det utvecklades fr\u00e5n de enkla b\u00e4lten som anv\u00e4ndes f\u00f6rr i tiden f\u00f6r att f\u00e4sta kl\u00e4der.<\/p>\n<p>Under Heian-perioden (794-1185 e.Kr.) b\u00f6rjade obin spela en allt viktigare roll i det japanska modet, s\u00e4rskilt i kl\u00e4der som kimonos.<\/p>\n<p>Under \u00e5rhundradenas lopp har obin utvecklats till ett litet konstverk i sig sj\u00e4lvt.<\/p>\n<p>Under Edo-perioden (1603-1868 e.Kr.) blev obi-b\u00e4lten en viktig statussymbol, ofta omsorgsfullt dekorerade och broderade med dyrbara material som siden och guldtr\u00e5d.<\/p>\n<h3>Obi-b\u00e4ltets funktion<\/h3>\n<p>F\u00f6rutom sitt estetiska v\u00e4rde har obi-b\u00e4ltet ocks\u00e5 en praktisk funktion. Det anv\u00e4nds f\u00f6r att h\u00e5lla kimonos och hakamas s\u00e4kert p\u00e5 kroppen och ge dem en perfekt passform.<\/p>\n<p>Beroende p\u00e5 tillf\u00e4lle och typ av plagg kan Obi-b\u00e4ltet b\u00e4ras i olika stilar och knutar, vilket t\u00e4cker allt fr\u00e5n formellt till avslappnat.<\/p>\n<p>Dessutom har obi-b\u00e4ltet en djupare symbolisk betydelse i den japanska kulturen. Det kan indikera b\u00e4rarens civilst\u00e5nd, sociala status och till och med personlighet.<\/p>\n<p>I vissa fall b\u00e4rs speciella obis vid festliga tillf\u00e4llen som br\u00f6llop eller teceremonier f\u00f6r att understryka h\u00e4ndelsens betydelse.<\/p>\n<h3>Valet av Obi-b\u00e4lte<\/h3>\n<p>Att v\u00e4lja r\u00e4tt obi-b\u00e4lte beror p\u00e5 olika faktorer, bland annat tillf\u00e4lle, personlig stil och b\u00e4rarens individuella preferenser.<\/p>\n<p>De Iaido obi som du f\u00e5r fr\u00e5n oss \u00e4r utformade f\u00f6r att b\u00e4ras under kampsportstr\u00e4ning. De har en l\u00e4ngd p\u00e5 ca 4 meter och \u00e4r ca 9 cm breda.<\/p>\n<h3>Slutsats<\/h3>\n<p>Obi Japan-b\u00e4ltet \u00e4r en fascinerande symbol f\u00f6r japansk kultur och mode som har en l\u00e5ng och rik historia.<\/p>\n<p>Fr\u00e5n sin enkla b\u00f6rjan som en enkel tygbit till sin nuvarande status som en utsmyckad accessoar har obi-b\u00e4ltet genomg\u00e5tt en anm\u00e4rkningsv\u00e4rd utveckling.<\/p>\n<p>Dess m\u00e5ngsidighet och symboliska betydelse g\u00f6r den till en tidl\u00f6s klassiker som kommer att forts\u00e4tta att spela en viktig roll i framtiden.<\/p>\n<p>Oavsett om det b\u00e4rs som en praktisk accessoar eller som ett uttryck f\u00f6r stil och personlighet \u00e4r obi-b\u00e4ltet fortfarande en viktig del av det japanska modet och den japanska identiteten.<\/p>\n<p>Inom japansk kampsport \u00e4r den en oumb\u00e4rlig del av tr\u00e4ningskl\u00e4derna.<\/p>\n<h2>Betydelse f\u00f6r kampsporten Iaido<\/h2>\n<p>Obi Japan-sortimentet i v\u00e5r butik \u00e4r l\u00e4mpligt f\u00f6r kl\u00e4der som b\u00e4rs under kampsportstr\u00e4ning.<\/p>\n<p>Detta erbjudande visar Kaku Obi, som vanligtvis anv\u00e4nds i Iaido-tr\u00e4ning. I Iaido-tr\u00e4ning \u00e4r en av de viktiga funktionerna i v\u00e5r Obi Japan att <a href=\"https:\/\/japan-budo.com\/sv\/koep-iaito-japan-onlinebutik-tyskland\/\" target=\"_blank\" rel=\"noopener\">Sv\u00e4rd<\/a> s\u00e4tts in genom den och den h\u00e5ller den.<\/p>\n<p>I m\u00e5nga andra kampsporter indikerar b\u00e4ltet ut\u00f6varens framsteg. Inom Iaido \u00e4r det oftast fritt val av f\u00e4rger efter personlig smak. Vi erbjuder d\u00e4rf\u00f6r v\u00e5rt Kaku Obi Japan f\u00f6r Iaido i 5 olika f\u00e4rger.<\/p>\n<p>Denna produkt kommer ursprungligen fr\u00e5n Japan. Eftersom det enligt g\u00e4llande EU-lagstiftning m\u00e5ste finnas en kontaktperson inom EU f\u00f6r s\u00e4kerhetsfr\u00e5gor, erbjuder vi den under v\u00e5rt EU-varum\u00e4rke f\u00f6r att uppfylla kraven. F\u00f6r detta \u00e4ndam\u00e5l produceras den specifikt f\u00f6r oss i Japan och l\u00e4mpliga villkor skapas s\u00e5 att vi kan erbjuda den p\u00e5 EU-marknaden i enlighet med lagen.<br \/>\nEn tillverkare i Tyskland namnges d\u00e4rf\u00f6r.<\/p>\n<p>Tillverkare i den mening som avses i EU-lagstiftningen: DerShogun, Andara GmbH, Brunnenweg 15, 64331 Weiterstadt, Tyskland, info@andara-gmbh.de<\/p>","protected":false},"excerpt":{"rendered":"<p>Wundersch\u00f6ne Iaido Kaku-Obi Japan aus sehr fester Baumwolle. Ca. 400 cm lang und ca 10 cm breit. Verf\u00fcgbar in 5 Farben. Die hier angebotenen Kaku Obi aus Baumwolle sind in der gehobenen Qualit\u00e4tskategorie zu einem guten Preis angesiedelt. Kaku Obi Japan &#8211; Der klassische G\u00fcrtel in den Budo Kampfk\u00fcnsten Kaku Obi Japan-Budo In der japanischen [&hellip;]<\/p>\n","protected":false},"featured_media":4115,"comment_status":"open","ping_status":"closed","template":"","meta":{"_acf_changed":false},"product_brand":[],"product_cat":[63],"product_tag":[],"class_list":{"0":"post-2124","1":"product","2":"type-product","3":"status-publish","4":"has-post-thumbnail","6":"product_cat-budo-kleidung","8":"first","9":"onbackorder","10":"taxable","11":"shipping-taxable","12":"purchasable","13":"product-type-variable"},"acf":[],"_links":{"self":[{"href":"https:\/\/japan-budo.com\/sv\/wp-json\/wp\/v2\/product\/2124","targetHints":{"allow":["GET"]}}],"collection":[{"href":"https:\/\/japan-budo.com\/sv\/wp-json\/wp\/v2\/product"}],"about":[{"href":"https:\/\/japan-budo.com\/sv\/wp-json\/wp\/v2\/types\/product"}],"replies":[{"embeddable":true,"href":"https:\/\/japan-budo.com\/sv\/wp-json\/wp\/v2\/comments?post=2124"}],"wp:featuredmedia":[{"embeddable":true,"href":"https:\/\/japan-budo.com\/sv\/wp-json\/wp\/v2\/media\/4115"}],"wp:attachment":[{"href":"https:\/\/japan-budo.com\/sv\/wp-json\/wp\/v2\/media?parent=2124"}],"wp:term":[{"taxonomy":"product_brand","embeddable":true,"href":"https:\/\/japan-budo.com\/sv\/wp-json\/wp\/v2\/product_brand?post=2124"},{"taxonomy":"product_cat","embeddable":true,"href":"https:\/\/japan-budo.com\/sv\/wp-json\/wp\/v2\/product_cat?post=2124"},{"taxonomy":"product_tag","embeddable":true,"href":"https:\/\/japan-budo.com\/sv\/wp-json\/wp\/v2\/product_tag?post=2124"}],"curies":[{"name":"wp","href":"https:\/\/api.w.org\/{rel}","templated":true}]}}