{"id":3002,"date":"2024-05-24T12:04:52","date_gmt":"2024-05-24T10:04:52","guid":{"rendered":"https:\/\/japan-budo.com\/unkategorisiert\/fusahimo-kordel-fuer-schwertbeutel\/"},"modified":"2026-03-19T14:13:11","modified_gmt":"2026-03-19T13:13:11","slug":"fusahimo-kordel-fuer-schwertbeutel","status":"publish","type":"product","link":"https:\/\/japan-budo.com\/sv\/katana-tillbehoer-skoetsel-presentation\/svaerdsvaeskor-svaerdsfodral-katana-bokken-svaerd\/fusahimo-kordel-fuer-schwertbeutel\/","title":{"rendered":"Fusahimo-sn\u00f6re f\u00f6r sv\u00e4rdsv\u00e4ska"},"content":{"rendered":"<p>Fusahimo-sn\u00f6re fr\u00e5n Japan f\u00f6r sv\u00e4rdsp\u00e5sar.<\/p>\n<p>P\u00e5 japanska sv\u00e4rdv\u00e4skor av h\u00f6g kvalitet kan remmen tas av och s\u00e4ttas p\u00e5 plats. Denna lilla detalj har en otrolig effekt p\u00e5 sv\u00e4rdsfodralets \u00f6vergripande utseende.<\/p>\n<p>Syntetfibermaterialet \u00e4r robust och h\u00e5llbart. \u00c4ndknutarna \u00e4r snyggt knutna och visuellt av h\u00f6gsta standard.<\/p>\n<p>Remmens l\u00e4ngd passar sv\u00e4rdsp\u00e5sar f\u00f6r katana och wakizashi.<\/p>\n<p>Denna produkt kommer ursprungligen fr\u00e5n Japan. Eftersom det enligt g\u00e4llande EU-lagstiftning m\u00e5ste finnas en kontaktperson inom EU f\u00f6r s\u00e4kerhetsfr\u00e5gor, erbjuder vi den under v\u00e5rt EU-varum\u00e4rke f\u00f6r att uppfylla kraven. F\u00f6r detta \u00e4ndam\u00e5l produceras den specifikt f\u00f6r oss i Japan och l\u00e4mpliga villkor skapas s\u00e5 att vi kan erbjuda den p\u00e5 EU-marknaden i enlighet med lagen.<br \/>\nEn tillverkare i Tyskland namnges d\u00e4rf\u00f6r.<\/p>\n<p>Tillverkare i den mening som avses i EU-lagstiftningen: DerShogun, Andara GmbH, Brunnenweg 15, 64331 Weiterstadt, Tyskland, info@andara-gmbh.de<\/p>","protected":false},"excerpt":{"rendered":"<p>Fusahimo Kordel aus Japan f\u00fcr Schwertbeutel. Das Band kann an hochwertigen, japanischen Schwertbeuteln gel\u00f6st und ausgetauscht werden. Dieses kleine Detail hat eine unglaubliche Auswirkung auf die Gesamtoptik des Schwertbeutels. Das Material aus Kunstfaser ist robust und langlebig. Die Endknoten sind sauber gebunden und optisch auf h\u00f6chstem Niveau. Die L\u00e4nge des Bandes passt f\u00fcr Schwertbeutel f\u00fcr [&hellip;]<\/p>\n","protected":false},"featured_media":3001,"comment_status":"open","ping_status":"closed","template":"","meta":{"_acf_changed":false},"product_brand":[],"product_cat":[54],"product_tag":[92,173,172,116,174,175,165],"class_list":{"0":"post-3002","1":"product","2":"type-product","3":"status-publish","4":"has-post-thumbnail","6":"product_cat-schwerttaschen-schwertbeutel-katana-bokken-schwert","7":"product_tag-aus","8":"product_tag-baendel","9":"product_tag-bendel","10":"product_tag-japan","11":"product_tag-japanische","12":"product_tag-japanischer","13":"product_tag-schwerttasche","14":"product_shipping_class-debrief145","16":"first","17":"onbackorder","18":"taxable","19":"shipping-taxable","20":"purchasable","21":"product-type-variable"},"acf":[],"_links":{"self":[{"href":"https:\/\/japan-budo.com\/sv\/wp-json\/wp\/v2\/product\/3002","targetHints":{"allow":["GET"]}}],"collection":[{"href":"https:\/\/japan-budo.com\/sv\/wp-json\/wp\/v2\/product"}],"about":[{"href":"https:\/\/japan-budo.com\/sv\/wp-json\/wp\/v2\/types\/product"}],"replies":[{"embeddable":true,"href":"https:\/\/japan-budo.com\/sv\/wp-json\/wp\/v2\/comments?post=3002"}],"wp:featuredmedia":[{"embeddable":true,"href":"https:\/\/japan-budo.com\/sv\/wp-json\/wp\/v2\/media\/3001"}],"wp:attachment":[{"href":"https:\/\/japan-budo.com\/sv\/wp-json\/wp\/v2\/media?parent=3002"}],"wp:term":[{"taxonomy":"product_brand","embeddable":true,"href":"https:\/\/japan-budo.com\/sv\/wp-json\/wp\/v2\/product_brand?post=3002"},{"taxonomy":"product_cat","embeddable":true,"href":"https:\/\/japan-budo.com\/sv\/wp-json\/wp\/v2\/product_cat?post=3002"},{"taxonomy":"product_tag","embeddable":true,"href":"https:\/\/japan-budo.com\/sv\/wp-json\/wp\/v2\/product_tag?post=3002"}],"curies":[{"name":"wp","href":"https:\/\/api.w.org\/{rel}","templated":true}]}}