{"id":3011,"date":"2024-05-24T12:06:14","date_gmt":"2024-05-24T10:06:14","guid":{"rendered":"https:\/\/japan-budo.com\/unkategorisiert\/bokken-tsuba-aus-leder-mit-same-oberflaeche\/"},"modified":"2025-11-07T09:41:26","modified_gmt":"2025-11-07T08:41:26","slug":"bokken-tsuba-tillverkad-av-laeder-med-samma-yta","status":"publish","type":"product","link":"https:\/\/japan-budo.com\/sv\/bokken-trae-svaerd-japan-budo-samuraj-svaerd\/bokken-tsuba-tillverkad-av-laeder-med-samma-yta\/","title":{"rendered":"Bokken tsuba tillverkad av l\u00e4der med sammetsyta"},"content":{"rendered":"<p>Mycket robust l\u00e4der-tsuba f\u00f6r bokken. En \u00e4kta handgjord produkt med en Same-yta. Same \u00e4r det material som ocks\u00e5 anv\u00e4nds p\u00e5 t.ex. sv\u00e4rdshandtaget (tsuka) eller sv\u00e4rdslidan (saya).<\/p>\n<p>Dessa tsuba kan monteras p\u00e5 bokken utan h\u00e5llare (tsuba dome). Materialet \u00e4r l\u00e4tt t\u00f6jbart och f\u00e4sts med kraft s\u00e5 att det inte beh\u00f6ver fixeras ytterligare efter f\u00e4stningen. Detta g\u00f6r denna typ av tsuba idealisk f\u00f6r anv\u00e4ndning med bokken med en sv\u00e4rdslida.<\/p>\n<p>De ca. 15 mm tjocka Bokken Tsuba v\u00e4ger ca. 65 g och \u00e4r ca. 80 mm x 80 mm stora.<\/p>\n<p>Dessa tsuba passar bokken med standardm\u00e5tt. Om tsuban inte passar din bokken kan den optimeras genom att g\u00f6ra justeringar.<\/p>\n<p>Tillverkare: DerShogun, Andara GmbH, Brunnenweg 15, 64331 Weiterstadt, Tyskland, info@andara-gmbh.de<\/p>","protected":false},"excerpt":{"rendered":"<p>Sehr robuste Leder-Tsuba f\u00fcr Bokken. Eine echte Handarbeit mit Same-Oberfl\u00e4che. Same ist das Material, das zum Beispiel auch am Schwertgriff (Tsuka) oder der Schwertscheide (Saya) eingesetzt wird. Diese Tsuba k\u00f6nnen ohne Halterung (Tsuba-Dome) auf Bokken montiert werden. Das Material ist leicht dehnbar und wird mit Kraft aufgesteckt, sodass es nach dem Anbringen nicht zus\u00e4tzlich fixiert [&hellip;]<\/p>\n","protected":false},"featured_media":3010,"comment_status":"open","ping_status":"closed","template":"","meta":{"_acf_changed":false},"product_brand":[],"product_cat":[48],"product_tag":[177,178],"class_list":{"0":"post-3011","1":"product","2":"type-product","3":"status-publish","4":"has-post-thumbnail","6":"product_cat-bokken-holzschwert-japan-budo-samurai-schwert","7":"product_tag-bokkentsuba","8":"product_tag-tsuba-fuer-bokken","9":"product_shipping_class-debrief145","11":"first","12":"onbackorder","13":"taxable","14":"shipping-taxable","15":"purchasable","16":"product-type-simple"},"acf":[],"_links":{"self":[{"href":"https:\/\/japan-budo.com\/sv\/wp-json\/wp\/v2\/product\/3011","targetHints":{"allow":["GET"]}}],"collection":[{"href":"https:\/\/japan-budo.com\/sv\/wp-json\/wp\/v2\/product"}],"about":[{"href":"https:\/\/japan-budo.com\/sv\/wp-json\/wp\/v2\/types\/product"}],"replies":[{"embeddable":true,"href":"https:\/\/japan-budo.com\/sv\/wp-json\/wp\/v2\/comments?post=3011"}],"wp:featuredmedia":[{"embeddable":true,"href":"https:\/\/japan-budo.com\/sv\/wp-json\/wp\/v2\/media\/3010"}],"wp:attachment":[{"href":"https:\/\/japan-budo.com\/sv\/wp-json\/wp\/v2\/media?parent=3011"}],"wp:term":[{"taxonomy":"product_brand","embeddable":true,"href":"https:\/\/japan-budo.com\/sv\/wp-json\/wp\/v2\/product_brand?post=3011"},{"taxonomy":"product_cat","embeddable":true,"href":"https:\/\/japan-budo.com\/sv\/wp-json\/wp\/v2\/product_cat?post=3011"},{"taxonomy":"product_tag","embeddable":true,"href":"https:\/\/japan-budo.com\/sv\/wp-json\/wp\/v2\/product_tag?post=3011"}],"curies":[{"name":"wp","href":"https:\/\/api.w.org\/{rel}","templated":true}]}}