{"id":3361,"date":"2024-09-30T16:09:01","date_gmt":"2024-09-30T14:09:01","guid":{"rendered":"https:\/\/japan-budo.com\/unkategorisiert\/kamelien-pflegeoel-aus-japan-fuer-bokken-und-andere-holzwaffen\/"},"modified":"2025-11-07T08:56:07","modified_gmt":"2025-11-07T07:56:07","slug":"camellia-care-oil-fran-japan-foer-bokken-och-andra-traevapen","status":"publish","type":"product","link":"https:\/\/japan-budo.com\/sv\/bokken-trae-svaerd-japan-budo-samuraj-svaerd\/camellia-care-oil-fran-japan-foer-bokken-och-andra-traevapen\/","title":{"rendered":"Camellia v\u00e5rdolja fr\u00e5n Japan f\u00f6r bokken och andra tr\u00e4vapen"},"content":{"rendered":"<p><b>Produktens egenskaper:<\/b><br \/>\n- Camelliaolja f\u00f6r tr\u00e4v\u00e5rd<br \/>\n- Tillverkad i Japan<br \/>\n- Idealisk f\u00f6r sk\u00f6tsel av tr\u00e4vapen<br \/>\n- Mycket ekonomisk<br \/>\n- F\u00f6rl\u00e4nger tr\u00e4ets livsl\u00e4ngd<\/p>\n<p><b>Produktbeskrivning:<\/b><br \/>\nTr\u00e4v\u00e5rdsolja fr\u00e5n Japan. Camelliaolja har anv\u00e4nts d\u00e4r i \u00e5rhundraden f\u00f6r att skydda tr\u00e4.<\/p>\n<p>Passar perfekt f\u00f6r v\u00e5rd av tr\u00e4vapen f\u00f6r japansk kampsport. Flaskan inneh\u00e5ller 50 ml. Eftersom oljan \u00e4r mycket ekonomisk r\u00e4cker denna m\u00e4ngd till upp till 30 v\u00e5rdtillf\u00e4llen.<\/p>\n<p>Med l\u00e4mplig sk\u00f6tsel kan tr\u00e4ets h\u00e5llbarhet och best\u00e4ndighet \u00f6kas avsev\u00e4rt.<\/p>\n<p>Denna produkt kommer ursprungligen fr\u00e5n Japan. Eftersom det enligt g\u00e4llande EU-lagstiftning m\u00e5ste finnas en kontaktperson inom EU f\u00f6r s\u00e4kerhetsfr\u00e5gor, erbjuder vi den under v\u00e5rt EU-varum\u00e4rke f\u00f6r att uppfylla kraven. F\u00f6r detta \u00e4ndam\u00e5l produceras den specifikt f\u00f6r oss i Japan och l\u00e4mpliga villkor skapas s\u00e5 att vi kan erbjuda den p\u00e5 EU-marknaden i enlighet med lagen.<br \/>\nEn tillverkare i Tyskland namnges d\u00e4rf\u00f6r.<\/p>\n<p>Tillverkare i den mening som avses i EU-lagstiftningen: DerShogun, Andara GmbH, Brunnenweg 15, 64331 Weiterstadt, Tyskland, info@andara-gmbh.de<\/p>","protected":false},"excerpt":{"rendered":"<p>Produktmerkmale: &#8211; Kamelien\u00f6l f\u00fcr Holzpflege &#8211; Hergestellt in Japan &#8211; Optimal f\u00fcr die Pflege von Holzwaffen &#8211; Sehr ergiebig &#8211; Verl\u00e4ngert die Lebensdauer von Holz Produktbeschreibung: Holzpflege\u00f6l aus Japan. Kamelien\u00f6l wird dort seit Jahrhunderten f\u00fcr den Schutz von Holz eingesetzt. Perfekt geeignet f\u00fcr die Pflege von Holzwaffen f\u00fcr japanische Kampfkunst. Die Flasche enth\u00e4lt 50ml. Da [&hellip;]<\/p>\n","protected":false},"featured_media":3360,"comment_status":"open","ping_status":"closed","template":"","meta":{"_acf_changed":false},"product_brand":[],"product_cat":[48],"product_tag":[198,116,122,123,199],"class_list":{"0":"post-3361","1":"product","2":"type-product","3":"status-publish","4":"has-post-thumbnail","6":"product_cat-bokken-holzschwert-japan-budo-samurai-schwert","7":"product_tag-holzpflege","8":"product_tag-japan","9":"product_tag-oel","10":"product_tag-pflege","11":"product_tag-tsubaki-yu","12":"product_shipping_class-debrief145","14":"first","15":"outofstock","16":"taxable","17":"shipping-taxable","18":"purchasable","19":"product-type-simple"},"acf":[],"_links":{"self":[{"href":"https:\/\/japan-budo.com\/sv\/wp-json\/wp\/v2\/product\/3361","targetHints":{"allow":["GET"]}}],"collection":[{"href":"https:\/\/japan-budo.com\/sv\/wp-json\/wp\/v2\/product"}],"about":[{"href":"https:\/\/japan-budo.com\/sv\/wp-json\/wp\/v2\/types\/product"}],"replies":[{"embeddable":true,"href":"https:\/\/japan-budo.com\/sv\/wp-json\/wp\/v2\/comments?post=3361"}],"wp:featuredmedia":[{"embeddable":true,"href":"https:\/\/japan-budo.com\/sv\/wp-json\/wp\/v2\/media\/3360"}],"wp:attachment":[{"href":"https:\/\/japan-budo.com\/sv\/wp-json\/wp\/v2\/media?parent=3361"}],"wp:term":[{"taxonomy":"product_brand","embeddable":true,"href":"https:\/\/japan-budo.com\/sv\/wp-json\/wp\/v2\/product_brand?post=3361"},{"taxonomy":"product_cat","embeddable":true,"href":"https:\/\/japan-budo.com\/sv\/wp-json\/wp\/v2\/product_cat?post=3361"},{"taxonomy":"product_tag","embeddable":true,"href":"https:\/\/japan-budo.com\/sv\/wp-json\/wp\/v2\/product_tag?post=3361"}],"curies":[{"name":"wp","href":"https:\/\/api.w.org\/{rel}","templated":true}]}}