{"id":4149,"date":"2025-01-22T12:33:00","date_gmt":"2025-01-22T11:33:00","guid":{"rendered":"https:\/\/japan-budo.com\/unkategorisiert\/iaido-und-tameshigiri-katana-nihonto-von-1980-von-4-gen-naohiro-matsubara-eiichi\/"},"modified":"2025-07-09T14:01:15","modified_gmt":"2025-07-09T12:01:15","slug":"iaido-och-tameshigiri-katana-nihonto-fran-1980-av-4-gen-naohiro-matsubara-eiichi","status":"publish","type":"product","link":"https:\/\/japan-budo.com\/sv\/nihonto-gendaito-shinken-iai-tameshigiri\/iaido-och-tameshigiri-katana-nihonto-fran-1980-av-4-gen-naohiro-matsubara-eiichi\/","title":{"rendered":"Iaido och Tameshigiri Katana Nihonto fr\u00e5n 1980 av 4:e gen. Naohiro (Matsubara Eiichi) - 2,4 Shaku"},"content":{"rendered":"<p>Nihonto - 4:e generationen Naohiro<\/p>\n<p>Katana Mei (signatur):<br \/>\nOmote-sidan: \u6e90\u82f1\u4e00\u935b\u4e4b (smidd av Matsubara Eiichi)<br \/>\nUra-sida: \u662d\u548c\u4e94\u5341\u4e94\u5e74\u5341\u4e8c\u6708\u65e5 (En dag i december Showa 55 (1980))<\/p>\n<p>Information om smedjan:<br \/>\nNamn: Naohiro (4:e generationen)<br \/>\nVanliga namn: Matsubara Eiichi<\/p>\n<p>Eiichi Matsubara \u00e4r en japansk sv\u00e4rdssmed fr\u00e5n Nishin-cho, Omiya-ku i Saitama-provinsen. Han var elev till Yanagawa Masayoshi (3:e generationen Naohiro). Han \u00e4r medlem i All Japan Swordsmith Association och har f\u00e5tt m\u00e5nga utm\u00e4rkelser.<\/p>\n<p>Information om bladet:<br \/>\nNagasa (bladets l\u00e4ngd): 72,7 cm<br \/>\nSori (bladets kr\u00f6kning): 2,0 cm<br \/>\nMotohaba: 32,0 mm<br \/>\nMotokasane: 6,7 mm<br \/>\nSakihaba: 23,1 mm<br \/>\nSakikasane: 4,3 mm<br \/>\nBladets vikt: 730 g<\/p>\n<p>Dessa sv\u00e4rd har anv\u00e4nts f\u00f6r tr\u00e4ning i Japan. Vi erbjuder dem till j\u00e4mf\u00f6relsevis \u00f6verkomliga priser s\u00e5 att du kan anv\u00e4nda ett autentiskt japanskt sv\u00e4rd f\u00f6r din tr\u00e4ning.<\/p>\n<p>Tr\u00e4ning inneb\u00e4r att sv\u00e4rdet kommer att bli \"slitet\" med tiden. Med tiden utvecklar s\u00e5dana tr\u00e4ningssv\u00e4rd typiska symptom som sm\u00e5, ytliga repor p\u00e5 klingan eller minimalt spel mellan handtaget och de andra f\u00e4stena. Mer detaljer kan ses p\u00e5 bilderna.<\/p>\n<p>Detta sv\u00e4rd \u00e4r f\u00f6r n\u00e4rvarande fortfarande i Japan. Vi kommer att ta hand om importen (utan extra kostnad) om du best\u00e4mmer dig f\u00f6r att k\u00f6pa den.<\/p>","protected":false},"excerpt":{"rendered":"<p>Nihonto \u2013 4. Gen. Naohiro Katana Mei (Signatur): Omote-Seite: \u6e90\u82f1\u4e00\u935b\u4e4b (geschmiedet von Matsubara Eiichi) Ura-Seite: \u662d\u548c\u4e94\u5341\u4e94\u5e74\u5341\u4e8c\u6708\u65e5 (An einem Tag im Dezember Showa 55 (1980)) Informationen \u00fcber die Schmiede: Namen: Naohiro (4. Generation) B\u00fcrgerliche Namen: Matsubara Eiichi Eiichi Matsubara ist ein japanischer Schwertschmied aus Nishin-cho, Omiya-ku in der Saitama Provinz. Er war der Sch\u00fcler von Yanagawa [&hellip;]<\/p>\n","protected":false},"featured_media":4148,"comment_status":"open","ping_status":"closed","template":"","meta":{"_acf_changed":false},"product_brand":[],"product_cat":[218],"product_tag":[],"class_list":{"0":"post-4149","1":"product","2":"type-product","3":"status-publish","4":"has-post-thumbnail","6":"product_cat-nihonto-gendaito-shinken-iai-tameshigiri","8":"first","9":"instock","10":"taxable","11":"shipping-taxable","12":"product-type-external"},"acf":[],"_links":{"self":[{"href":"https:\/\/japan-budo.com\/sv\/wp-json\/wp\/v2\/product\/4149","targetHints":{"allow":["GET"]}}],"collection":[{"href":"https:\/\/japan-budo.com\/sv\/wp-json\/wp\/v2\/product"}],"about":[{"href":"https:\/\/japan-budo.com\/sv\/wp-json\/wp\/v2\/types\/product"}],"replies":[{"embeddable":true,"href":"https:\/\/japan-budo.com\/sv\/wp-json\/wp\/v2\/comments?post=4149"}],"wp:featuredmedia":[{"embeddable":true,"href":"https:\/\/japan-budo.com\/sv\/wp-json\/wp\/v2\/media\/4148"}],"wp:attachment":[{"href":"https:\/\/japan-budo.com\/sv\/wp-json\/wp\/v2\/media?parent=4149"}],"wp:term":[{"taxonomy":"product_brand","embeddable":true,"href":"https:\/\/japan-budo.com\/sv\/wp-json\/wp\/v2\/product_brand?post=4149"},{"taxonomy":"product_cat","embeddable":true,"href":"https:\/\/japan-budo.com\/sv\/wp-json\/wp\/v2\/product_cat?post=4149"},{"taxonomy":"product_tag","embeddable":true,"href":"https:\/\/japan-budo.com\/sv\/wp-json\/wp\/v2\/product_tag?post=4149"}],"curies":[{"name":"wp","href":"https:\/\/api.w.org\/{rel}","templated":true}]}}