{"id":4615,"date":"2025-02-18T17:25:42","date_gmt":"2025-02-18T16:25:42","guid":{"rendered":"https:\/\/japan-budo.com\/?post_type=product&#038;p=4615"},"modified":"2025-02-18T21:05:03","modified_gmt":"2025-02-18T20:05:03","slug":"tenshin-shoden-katori-shinto-ryu-budo-kyohan-av-kikue-ito-och-yoshio-sugino","status":"publish","type":"product","link":"https:\/\/japan-budo.com\/sv\/litteratur-japan-katana-samuraj\/tenshin-shoden-katori-shinto-ryu-budo-kyohan-av-kikue-ito-och-yoshio-sugino\/","title":{"rendered":"Tenshin Shoden Katori Shinto Ryu Budo Kyohan av Kikue Ito och Yoshio Sugino"},"content":{"rendered":"<p>Den v\u00e4lk\u00e4nda boken Tenshin Shoden Katori Shinto Ryu Budo Kyohan av Kikue Ito och Yoshio Sugino (detaljerad information p\u00e5 Thalias hemsida)<\/p>","protected":false},"excerpt":{"rendered":"<p>Den v\u00e4lk\u00e4nda boken Tenshin Shoden Katori Shinto Ryu Budo Kyohan av Kikue Ito och Yoshio Sugino (detaljerad information p\u00e5 Thalias hemsida)<\/p>","protected":false},"featured_media":4620,"comment_status":"closed","ping_status":"closed","template":"","meta":{"_acf_changed":false},"product_brand":[],"product_cat":[230],"product_tag":[],"class_list":{"0":"post-4615","1":"product","2":"type-product","3":"status-publish","4":"has-post-thumbnail","6":"product_cat-literatur-japan-katana-samurai","8":"first","9":"instock","10":"taxable","11":"shipping-taxable","12":"product-type-external"},"acf":[],"_links":{"self":[{"href":"https:\/\/japan-budo.com\/sv\/wp-json\/wp\/v2\/product\/4615","targetHints":{"allow":["GET"]}}],"collection":[{"href":"https:\/\/japan-budo.com\/sv\/wp-json\/wp\/v2\/product"}],"about":[{"href":"https:\/\/japan-budo.com\/sv\/wp-json\/wp\/v2\/types\/product"}],"replies":[{"embeddable":true,"href":"https:\/\/japan-budo.com\/sv\/wp-json\/wp\/v2\/comments?post=4615"}],"wp:featuredmedia":[{"embeddable":true,"href":"https:\/\/japan-budo.com\/sv\/wp-json\/wp\/v2\/media\/4620"}],"wp:attachment":[{"href":"https:\/\/japan-budo.com\/sv\/wp-json\/wp\/v2\/media?parent=4615"}],"wp:term":[{"taxonomy":"product_brand","embeddable":true,"href":"https:\/\/japan-budo.com\/sv\/wp-json\/wp\/v2\/product_brand?post=4615"},{"taxonomy":"product_cat","embeddable":true,"href":"https:\/\/japan-budo.com\/sv\/wp-json\/wp\/v2\/product_cat?post=4615"},{"taxonomy":"product_tag","embeddable":true,"href":"https:\/\/japan-budo.com\/sv\/wp-json\/wp\/v2\/product_tag?post=4615"}],"curies":[{"name":"wp","href":"https:\/\/api.w.org\/{rel}","templated":true}]}}