{"id":4675,"date":"2025-03-19T11:36:14","date_gmt":"2025-03-19T10:36:14","guid":{"rendered":"https:\/\/japan-budo.com\/unkategorisiert\/akagashi-bokken-kenmine-aus-japan-mit-hohlkehle\/"},"modified":"2026-01-26T08:33:19","modified_gmt":"2026-01-26T07:33:19","slug":"akagashi-bokken-kenmine-fran-japan-med-ihaligt-spar","status":"publish","type":"product","link":"https:\/\/japan-budo.com\/sv\/bokken-trae-svaerd-japan-budo-samuraj-svaerd\/akagashi-bokken-kenmine-fran-japan-med-ihaligt-spar\/","title":{"rendered":"Akagashi Bokken Kenmine fr\u00e5n Japan med ih\u00e5ligt sp\u00e5r"},"content":{"rendered":"<p><b>Produktens egenskaper:<\/b><br \/>\n- Hokkaido-ek av h\u00f6g kvalitet<br \/>\n- R\u00f6d ek (Akagashi)<br \/>\n- Mycket robust<br \/>\n- Med sp\u00e5r f\u00f6r tachikaze<br \/>\n- L\u00e4ngd: 101,5 cm, vikt ca 460 gram<\/p>\n<p><b>Produktbeskrivning:<\/b><br \/>\nJapansk bokken tillverkad av r\u00f6d ek med extra sp\u00e5r.<\/p>\n<p>Denna exklusiva Akagashi bokken \u00e4r tillverkad av ledande hantverkare i Japan och ger en speciell tr\u00e4ningsupplevelse.<br \/>\nTack vare det gjutna sp\u00e5ret erbjuder tr\u00e4ningssv\u00e4rdet en tachikaze, liknande ett sv\u00e4rd med metallklinga.<\/p>\n<p>L\u00e4ngd 101,5 cm med en vikt p\u00e5 ca 460 gram.<\/p>\n<p>Denna bokuto har en ryggkam, vilket kan kr\u00e4va justering av dessa element n\u00e4r de anv\u00e4nds med tsuba och plast saya.<\/p>\n<p>Denna produkt kommer ursprungligen fr\u00e5n Japan. Eftersom det enligt g\u00e4llande EU-lagstiftning m\u00e5ste finnas en kontaktperson inom EU f\u00f6r s\u00e4kerhetsfr\u00e5gor, erbjuder vi den under v\u00e5rt EU-varum\u00e4rke f\u00f6r att uppfylla kraven. F\u00f6r detta \u00e4ndam\u00e5l produceras den specifikt f\u00f6r oss i Japan och l\u00e4mpliga villkor skapas s\u00e5 att vi kan erbjuda den p\u00e5 EU-marknaden i enlighet med lagen.<br \/>\nEn tillverkare i Tyskland namnges d\u00e4rf\u00f6r.<\/p>\n<p>Tillverkare i den mening som avses i EU-lagstiftningen: DerShogun, Andara GmbH, Brunnenweg 15, 64331 Weiterstadt, Tyskland, info@andara-gmbh.de<\/p>","protected":false},"excerpt":{"rendered":"<p>Produktmerkmale: &#8211; Hochwertige Hokkaido Eiche &#8211; Roteiche (Akagashi) &#8211; Sehr robust &#8211; Mit Hohlkehle f\u00fcr Tachikaze &#8211; L\u00e4nge: 101.5 cm, Gewicht ca. 460 Gramm Produktbeschreibung: Japanisches Bokken aus roter Eiche mit zus\u00e4tzlicher Hohlkehle. Hergestellt von f\u00fchrenden Handwerkern in Japan liefert dieses exklusive Bokken aus Akagashi ein besonderes Trainingserlebnis. Durch die eingearbeitete Hohlkehle bietet das Trainingsschwert [&hellip;]<\/p>\n","protected":false},"featured_media":4674,"comment_status":"open","ping_status":"closed","template":"","meta":{"_acf_changed":false},"product_brand":[],"product_cat":[48],"product_tag":[231,232,233,212],"class_list":{"0":"post-4675","1":"product","2":"type-product","3":"status-publish","4":"has-post-thumbnail","6":"product_cat-bokken-holzschwert-japan-budo-samurai-schwert","7":"product_tag-holzschwert","8":"product_tag-kendo","9":"product_tag-kenjutsu","10":"product_tag-trainingsschwert","11":"product_shipping_class-debrief145","13":"first","14":"instock","15":"taxable","16":"shipping-taxable","17":"purchasable","18":"product-type-simple"},"acf":[],"_links":{"self":[{"href":"https:\/\/japan-budo.com\/sv\/wp-json\/wp\/v2\/product\/4675","targetHints":{"allow":["GET"]}}],"collection":[{"href":"https:\/\/japan-budo.com\/sv\/wp-json\/wp\/v2\/product"}],"about":[{"href":"https:\/\/japan-budo.com\/sv\/wp-json\/wp\/v2\/types\/product"}],"replies":[{"embeddable":true,"href":"https:\/\/japan-budo.com\/sv\/wp-json\/wp\/v2\/comments?post=4675"}],"wp:featuredmedia":[{"embeddable":true,"href":"https:\/\/japan-budo.com\/sv\/wp-json\/wp\/v2\/media\/4674"}],"wp:attachment":[{"href":"https:\/\/japan-budo.com\/sv\/wp-json\/wp\/v2\/media?parent=4675"}],"wp:term":[{"taxonomy":"product_brand","embeddable":true,"href":"https:\/\/japan-budo.com\/sv\/wp-json\/wp\/v2\/product_brand?post=4675"},{"taxonomy":"product_cat","embeddable":true,"href":"https:\/\/japan-budo.com\/sv\/wp-json\/wp\/v2\/product_cat?post=4675"},{"taxonomy":"product_tag","embeddable":true,"href":"https:\/\/japan-budo.com\/sv\/wp-json\/wp\/v2\/product_tag?post=4675"}],"curies":[{"name":"wp","href":"https:\/\/api.w.org\/{rel}","templated":true}]}}