{"id":4680,"date":"2025-03-19T11:36:19","date_gmt":"2025-03-19T10:36:19","guid":{"rendered":"https:\/\/japan-budo.com\/unkategorisiert\/suburi-bokken-aus-japan-mit-mehr-als-800g-gewicht\/"},"modified":"2025-12-12T21:27:44","modified_gmt":"2025-12-12T20:27:44","slug":"suburi-bokken-fran-japan-med-mer-aen-800g-vikt","status":"publish","type":"product","link":"https:\/\/japan-budo.com\/sv\/bokken-trae-svaerd-japan-budo-samuraj-svaerd\/suburi-bokken-fran-japan-med-mer-aen-800g-vikt\/","title":{"rendered":"Suburi Bokken fr\u00e5n Japan med en vikt p\u00e5 mer \u00e4n 800 g"},"content":{"rendered":"<p><b>Produktens egenskaper:<\/b><br \/>- Sv\u00e4rd f\u00f6r specialtr\u00e4ning, \u00e4ven k\u00e4nt som Suburito<br \/>- Med h\u00f6g vikt<br \/>- F\u00f6r st\u00e4rkande \u00f6vningar<br \/>- Vikt \u00f6ver 800 gram<br \/>- L\u00e4ngd 106 cm<\/p>\n<p><b>Produktbeskrivning:<\/b><br \/>Extra tung bokken fr\u00e5n Japan f\u00f6r styrke\u00f6vningar.<\/p>\n<p>Denna typ av tr\u00e4ningssv\u00e4rd (kallas Suburi Bokken eller Suburito) \u00e4r mer massiv \u00e4n vanliga Bokken och \u00e4r speciellt utformad f\u00f6r st\u00e4rkande \u00f6vningar. Bokken v\u00e4ger ca. 870 gram och har en total l\u00e4ngd p\u00e5 106 cm.<\/p>\n<p>Det \u00e4r en h\u00f6gkvalitativ produkt tillverkad av r\u00f6d ek fr\u00e5n skogarna i Hokkaido. Idealisk f\u00f6r uppbyggnadstr\u00e4ning.<\/p>\n<p>Denna produkt kommer ursprungligen fr\u00e5n Japan. Eftersom det enligt g\u00e4llande EU-lagstiftning m\u00e5ste finnas en kontaktperson inom EU f\u00f6r s\u00e4kerhetsfr\u00e5gor, erbjuder vi den under v\u00e5rt EU-varum\u00e4rke f\u00f6r att uppfylla kraven. F\u00f6r detta \u00e4ndam\u00e5l produceras den specifikt f\u00f6r oss i Japan och l\u00e4mpliga villkor skapas s\u00e5 att vi kan erbjuda den p\u00e5 EU-marknaden i enlighet med lagen.<br \/>\nEn tillverkare i Tyskland namnges d\u00e4rf\u00f6r.<\/p>\n<p>Tillverkare i den mening som avses i EU-lagstiftningen: DerShogun, Andara GmbH, Brunnenweg 15, 64331 Weiterstadt, Tyskland, info@andara-gmbh.de<\/p>","protected":false},"excerpt":{"rendered":"<p>Produktmerkmale:&#8211; Spezielles Trainingsschwert auch bekannt als Suburito&#8211; Mit hohem Gewicht&#8211; F\u00fcr Kr\u00e4ftigungs\u00fcbungen&#8211; Gewicht \u00fcber 800 Gramm&#8211; L\u00e4nge 106cm Produktbeschreibung:Extra schweres Bokken aus Japan f\u00fcr Kr\u00e4ftigungs\u00fcbungen. Diese Art des Trainingsschwertes (Suburi Bokken oder Suburito genannt) ist massiver als normale Bokken und extra f\u00fcr Kr\u00e4ftigungs\u00fcbungen gedacht. Das Bokken hat ein Gewicht von ca. 870 Gramm bei einer [&hellip;]<\/p>\n","protected":false},"featured_media":4679,"comment_status":"open","ping_status":"closed","template":"","meta":{"_acf_changed":false},"product_brand":[],"product_cat":[48],"product_tag":[231,232,233,212],"class_list":{"0":"post-4680","1":"product","2":"type-product","3":"status-publish","4":"has-post-thumbnail","6":"product_cat-bokken-holzschwert-japan-budo-samurai-schwert","7":"product_tag-holzschwert","8":"product_tag-kendo","9":"product_tag-kenjutsu","10":"product_tag-trainingsschwert","11":"product_shipping_class-debrief145","13":"first","14":"onbackorder","15":"taxable","16":"shipping-taxable","17":"purchasable","18":"product-type-simple"},"acf":[],"_links":{"self":[{"href":"https:\/\/japan-budo.com\/sv\/wp-json\/wp\/v2\/product\/4680","targetHints":{"allow":["GET"]}}],"collection":[{"href":"https:\/\/japan-budo.com\/sv\/wp-json\/wp\/v2\/product"}],"about":[{"href":"https:\/\/japan-budo.com\/sv\/wp-json\/wp\/v2\/types\/product"}],"replies":[{"embeddable":true,"href":"https:\/\/japan-budo.com\/sv\/wp-json\/wp\/v2\/comments?post=4680"}],"wp:featuredmedia":[{"embeddable":true,"href":"https:\/\/japan-budo.com\/sv\/wp-json\/wp\/v2\/media\/4679"}],"wp:attachment":[{"href":"https:\/\/japan-budo.com\/sv\/wp-json\/wp\/v2\/media?parent=4680"}],"wp:term":[{"taxonomy":"product_brand","embeddable":true,"href":"https:\/\/japan-budo.com\/sv\/wp-json\/wp\/v2\/product_brand?post=4680"},{"taxonomy":"product_cat","embeddable":true,"href":"https:\/\/japan-budo.com\/sv\/wp-json\/wp\/v2\/product_cat?post=4680"},{"taxonomy":"product_tag","embeddable":true,"href":"https:\/\/japan-budo.com\/sv\/wp-json\/wp\/v2\/product_tag?post=4680"}],"curies":[{"name":"wp","href":"https:\/\/api.w.org\/{rel}","templated":true}]}}